{"id":1122,"date":"2022-10-25T14:15:30","date_gmt":"2022-10-25T14:15:30","guid":{"rendered":"https:\/\/threebananasamps.com\/?page_id=1122"},"modified":"2025-02-22T09:35:57","modified_gmt":"2025-02-22T07:35:57","slug":"warranty","status":"publish","type":"page","link":"https:\/\/threebananasamps.com\/de\/warranty\/","title":{"rendered":"Garantie"},"content":{"rendered":"<h1>Garantie<\/h1>\n<p>Zus\u00e4tzlich zur gesetzlichen Gew\u00e4hrleistung gew\u00e4hrt Heikenfeld Audio Solutions eine dreij\u00e4hrige (3-j\u00e4hrige) Garantie f\u00fcr den Erstk\u00e4ufer unter folgenden Bedingungen:<\/p>\n<ol>\n<li>Heikenfeld Audio Solutions leistet Garantie f\u00fcr alle w\u00e4hrend eines Zeitraums von drei Jahren ab Gefahr\u00fcbergang auftretenden M\u00e4ngel, die nachweislich auf einen Material- oder Herstellungsfehler zur\u00fcckzuf\u00fchren sind. Der Anspruch auf Garantieleistung kann nicht abgetreten werden und steht nur dem Kunden zu, der Verbraucher ist.<\/li>\n<li>Von der Garantie ausgenommen sind:\n<ul>\n<li>Gebrauchtger\u00e4te<\/li>\n<li>M\u00e4ngel am Produkt, die auf Nichtbeachtung von Bedienungshinweisen, nicht bestimmungsgem\u00e4\u00dfen Gebrauch, anomale Umweltbedingungen, sachfremde Betriebsbedingungen, \u00dcberlastung oder mangelnde Wartung oder Pflege zur\u00fcckzuf\u00fchren sind<\/li>\n<li>M\u00e4ngel am Produkt, die durch Verwendung von Zubeh\u00f6r-, Erg\u00e4nzungs- oder Ersatzteilen verursacht wurden, die keine Originalteile sind<\/li>\n<li>Produkte, an denen Ver\u00e4nderungen oder Erg\u00e4nzungen vorgenommen wurden<\/li>\n<li>Slight deviations from the intended state which do not significantly affect the product&#8217;s value or its suitability for use<\/li>\n<li>Verschlei\u00dfteile wie z. B. Potis, Schalter und R\u00f6hren, die einer \u00fcblichen und produkttypischen Abnutzung unterliegen<\/li>\n<\/ul>\n<\/li>\n<li>Der Garantieanspruch muss innerhalb der Garantiezeit durch Vorlage einer Rechnungskopie geltend gemacht werden. In jedem Falle ist das Produkt ausschlie\u00dflich bei dem H\u00e4ndler, bei dem das Produkt erworben wurde, abzugeben. Der H\u00e4ndler ist f\u00fcr die weitere Abwicklung zust\u00e4ndig. Falls dies nicht mehr m\u00f6glich ist, sollte der Vertriebspartner des jeweiligen Landes kontaktiert werden. In letzter Instanz kann die Firma Heikenfeld Audio Solutions kontaktiert werden.<\/li>\n<li>Die Behebung eines von Heikenfeld Audio Solutions als garantiepflichtig anerkannten Mangels erfolgt in der Weise, dass das mangelhafte Produkt nach unserer Wahl unentgeltlich repariert oder durch ein einwandfreies Produkt (ggf. auch ein Nachfolgemodell) ersetzt wird. Ersetzte Produkte oder Teile gehen in Eigentum der Heikenfeld Audio Solutions \u00fcber.<\/li>\n<li>Andere Anspr\u00fcche als das in diesen Garantiebedingungen genannte Recht auf Behebung der M\u00e4ngel am Produkt werden durch diese Garantie nicht begr\u00fcndet.<\/li>\n<li>Wird bei der \u00dcberpr\u00fcfung des Produktes durch einen autorisierten H\u00e4ndler, Vertrieb oder durch den Garantiegeber selbst festgestellt, dass der geltend gemachte Garantieanspruch einen nicht von der Garantie erfassten Fehler betrifft oder dass die Garantiefrist abgelaufen ist, sind die Kosten der \u00dcberpr\u00fcfung und der Reparatur vom Kunden zu tragen.<\/li>\n<li>Transportkosten vom Kunden zum autorisierten H\u00e4ndler, Vertrieb oder zum Garantiegeber sind vom Kunden zu tragen. Die Kosten des R\u00fccktransports zum Kunden werden vom H\u00e4ndler, Vertrieb oder Garantiegeber \u00fcbernommen, falls ein berechtigter Garantieanspruch besteht.<\/li>\n<li>Durch die Erbringung von Garantieleistungen wird die Garantiefrist f\u00fcr das Produkt weder verl\u00e4ngert noch erneut in Gang gesetzt.<\/li>\n<li>The customer&#8217;s warranty rights in accordance with \u00a7 5 of our <a href=\"https:\/\/threebananasamps.com\/de\/terms-and-conditions\/\">Allgemeine Gesch\u00e4ftsbedingungen<\/a> und nach den gesetzlichen Vorschriften werden durch diese Garantiebedingungen nicht eingeschr\u00e4nkt.<\/li>\n<\/ol>\n<p>Bitte lesen Sie auch unsere <a href=\"https:\/\/threebananasamps.com\/de\/terms-and-conditions\/\">Allgemeine Gesch\u00e4ftsbedingungen<\/a><\/p>","protected":false},"excerpt":{"rendered":"<p>Warranty In addition to the statutory warranty, Heikenfeld Audio Solutions shall also provide a three-year (3-year) guarantee for the first owner in accordance with the following conditions: Heikenfeld Audio Solutions provides a guarantee for any defects arising during a period of three years from the transfer of the risk which [&hellip;]<\/p>\n","protected":false},"author":1,"featured_media":0,"parent":0,"menu_order":0,"comment_status":"closed","ping_status":"closed","template":"page-templates\/full-width-no-title.php","meta":{"inspiro_page_layout":"narrow","inspiro_hide_title":false,"footnotes":""},"class_list":["post-1122","page","type-page","status-publish","hentry"],"yoast_head":"<!-- This site is optimized with the Yoast SEO plugin v27.6 - https:\/\/yoast.com\/product\/yoast-seo-wordpress\/ -->\n<title>Warranty - THREE BANANAS AMPLIFICATION<\/title>\n<meta name=\"robots\" content=\"noindex, nofollow\" \/>\n<meta property=\"og:locale\" content=\"de_DE\" \/>\n<meta property=\"og:type\" content=\"article\" \/>\n<meta property=\"og:title\" content=\"Warranty - THREE BANANAS AMPLIFICATION\" \/>\n<meta property=\"og:description\" content=\"Warranty In addition to the statutory warranty, Heikenfeld Audio Solutions shall also provide a three-year (3-year) guarantee for the first owner in accordance with the following conditions: Heikenfeld Audio Solutions provides a guarantee for any defects arising during a period of three years from the transfer of the risk which [&hellip;]\" \/>\n<meta property=\"og:url\" content=\"https:\/\/threebananasamps.com\/de\/warranty\/\" \/>\n<meta property=\"og:site_name\" content=\"THREE BANANAS AMPLIFICATION\" \/>\n<meta property=\"article:modified_time\" content=\"2025-02-22T07:35:57+00:00\" \/>\n<meta name=\"twitter:card\" content=\"summary_large_image\" \/>\n<meta name=\"twitter:label1\" content=\"Gesch\u00e4tzte Lesezeit\" \/>\n\t<meta name=\"twitter:data1\" content=\"3\u00a0Minuten\" \/>\n<script type=\"application\/ld+json\" class=\"yoast-schema-graph\">{\"@context\":\"https:\\\/\\\/schema.org\",\"@graph\":[{\"@type\":\"WebPage\",\"@id\":\"https:\\\/\\\/threebananasamps.com\\\/warranty\\\/\",\"url\":\"https:\\\/\\\/threebananasamps.com\\\/warranty\\\/\",\"name\":\"Warranty - THREE BANANAS AMPLIFICATION\",\"isPartOf\":{\"@id\":\"https:\\\/\\\/threebananasamps.com\\\/#website\"},\"datePublished\":\"2022-10-25T14:15:30+00:00\",\"dateModified\":\"2025-02-22T07:35:57+00:00\",\"breadcrumb\":{\"@id\":\"https:\\\/\\\/threebananasamps.com\\\/warranty\\\/#breadcrumb\"},\"inLanguage\":\"de\",\"potentialAction\":[{\"@type\":\"ReadAction\",\"target\":[\"https:\\\/\\\/threebananasamps.com\\\/warranty\\\/\"]}]},{\"@type\":\"BreadcrumbList\",\"@id\":\"https:\\\/\\\/threebananasamps.com\\\/warranty\\\/#breadcrumb\",\"itemListElement\":[{\"@type\":\"ListItem\",\"position\":1,\"name\":\"Startseite\",\"item\":\"https:\\\/\\\/threebananasamps.com\\\/\"},{\"@type\":\"ListItem\",\"position\":2,\"name\":\"Warranty\"}]},{\"@type\":\"WebSite\",\"@id\":\"https:\\\/\\\/threebananasamps.com\\\/#website\",\"url\":\"https:\\\/\\\/threebananasamps.com\\\/\",\"name\":\"THREE BANANAS AMPLIFICATION\",\"description\":\"\",\"potentialAction\":[{\"@type\":\"SearchAction\",\"target\":{\"@type\":\"EntryPoint\",\"urlTemplate\":\"https:\\\/\\\/threebananasamps.com\\\/?s={search_term_string}\"},\"query-input\":{\"@type\":\"PropertyValueSpecification\",\"valueRequired\":true,\"valueName\":\"search_term_string\"}}],\"inLanguage\":\"de\"}]}<\/script>\n<!-- \/ Yoast SEO plugin. -->","yoast_head_json":{"title":"Warranty - THREE BANANAS AMPLIFICATION","robots":{"index":"noindex","follow":"nofollow"},"og_locale":"de_DE","og_type":"article","og_title":"Warranty - THREE BANANAS AMPLIFICATION","og_description":"Warranty In addition to the statutory warranty, Heikenfeld Audio Solutions shall also provide a three-year (3-year) guarantee for the first owner in accordance with the following conditions: Heikenfeld Audio Solutions provides a guarantee for any defects arising during a period of three years from the transfer of the risk which [&hellip;]","og_url":"https:\/\/threebananasamps.com\/de\/warranty\/","og_site_name":"THREE BANANAS AMPLIFICATION","article_modified_time":"2025-02-22T07:35:57+00:00","twitter_card":"summary_large_image","twitter_misc":{"Gesch\u00e4tzte Lesezeit":"3\u00a0Minuten"},"schema":{"@context":"https:\/\/schema.org","@graph":[{"@type":"WebPage","@id":"https:\/\/threebananasamps.com\/warranty\/","url":"https:\/\/threebananasamps.com\/warranty\/","name":"Warranty - THREE BANANAS AMPLIFICATION","isPartOf":{"@id":"https:\/\/threebananasamps.com\/#website"},"datePublished":"2022-10-25T14:15:30+00:00","dateModified":"2025-02-22T07:35:57+00:00","breadcrumb":{"@id":"https:\/\/threebananasamps.com\/warranty\/#breadcrumb"},"inLanguage":"de","potentialAction":[{"@type":"ReadAction","target":["https:\/\/threebananasamps.com\/warranty\/"]}]},{"@type":"BreadcrumbList","@id":"https:\/\/threebananasamps.com\/warranty\/#breadcrumb","itemListElement":[{"@type":"ListItem","position":1,"name":"Startseite","item":"https:\/\/threebananasamps.com\/"},{"@type":"ListItem","position":2,"name":"Warranty"}]},{"@type":"WebSite","@id":"https:\/\/threebananasamps.com\/#website","url":"https:\/\/threebananasamps.com\/","name":"THREE BANANAS AMPLIFICATION","description":"","potentialAction":[{"@type":"SearchAction","target":{"@type":"EntryPoint","urlTemplate":"https:\/\/threebananasamps.com\/?s={search_term_string}"},"query-input":{"@type":"PropertyValueSpecification","valueRequired":true,"valueName":"search_term_string"}}],"inLanguage":"de"}]}},"_links":{"self":[{"href":"https:\/\/threebananasamps.com\/de\/wp-json\/wp\/v2\/pages\/1122","targetHints":{"allow":["GET"]}}],"collection":[{"href":"https:\/\/threebananasamps.com\/de\/wp-json\/wp\/v2\/pages"}],"about":[{"href":"https:\/\/threebananasamps.com\/de\/wp-json\/wp\/v2\/types\/page"}],"author":[{"embeddable":true,"href":"https:\/\/threebananasamps.com\/de\/wp-json\/wp\/v2\/users\/1"}],"replies":[{"embeddable":true,"href":"https:\/\/threebananasamps.com\/de\/wp-json\/wp\/v2\/comments?post=1122"}],"version-history":[{"count":0,"href":"https:\/\/threebananasamps.com\/de\/wp-json\/wp\/v2\/pages\/1122\/revisions"}],"wp:attachment":[{"href":"https:\/\/threebananasamps.com\/de\/wp-json\/wp\/v2\/media?parent=1122"}],"curies":[{"name":"wp","href":"https:\/\/api.w.org\/{rel}","templated":true}]}}