{"id":1144,"date":"2022-10-25T19:22:26","date_gmt":"2022-10-25T19:22:26","guid":{"rendered":"https:\/\/threebananasamps.com\/?page_id=1144"},"modified":"2025-02-22T09:33:18","modified_gmt":"2025-02-22T07:33:18","slug":"cancellation-policy","status":"publish","type":"page","link":"https:\/\/threebananasamps.com\/de\/cancellation-policy\/","title":{"rendered":"Bedingungen zur R\u00fcckgabe"},"content":{"rendered":"<h1>Bedingungen zur R\u00fcckgabe<\/h1>\n<h3>1.\tWiderrufsrecht \/ Widerrufsbelehrung<\/h3>\nSofern der Kunde Verbraucher (\u00a7 13 BGB) ist, hat er das Recht, binnen vierzehn (14) Tagen ohne Angabe von Gr\u00fcnden diesen Vertrag zu widerrufen. Die Widerrufsfrist betr\u00e4gt vierzehn (14) Tage ab dem Tag, an dem der Kunde oder ein von ihm benannter Dritter, der nicht der Bef\u00f6rderer ist, die letzte Ware in Besitz genommen hat.<br \/>\nUm das Widerrufsrecht auszu\u00fcben, muss der Kunde uns (Heikenfeld Audio Solutions UG (haftungsbeschr\u00e4nkt), R\u00f6ntgenstr. 1a, 46242 Bottrop, E-Mail: service@heikenfeldaudio.com) mittels einer eindeutigen Erkl\u00e4rung (z.B. ein mit der Post versandter Brief oder eine E-Mail) \u00fcber seinen Entschluss, diesen Vertrag zu widerrufen, informieren. Er kann daf\u00fcr das Muster-Widerrufsformular verwenden, das unter www.threebananasamps.com zum Download zur Verf\u00fcgung steht. Das Musterformular muss jedoch nicht zwingend genutzt werden.<br \/>\nZur Wahrung der Widerrufsfrist reicht es aus, dass der Kunde die Mitteilung \u00fcber die Aus\u00fcbung des Widerrufsrechts vor Ablauf der Widerrufsfrist absendet.\n<h3>2.\tFolgen des Widerrufs<\/h3>\nIf the customer withdraws from this contract, we must reimburse any payments we have received from the customer, including delivery costs (excluding any additional costs incurred if the customer has selected a different type of delivery to the cheapest standard delivery option offered by us) without delay, but no later than fourteen (14) days after the day on which we receive the notice of the customer&#8217;s withdrawal from this Contract. We will use the same payment method the customer used for the original transaction to provide the reimbursement, unless otherwise expressly agreed. Under no circumstances will the customer be charged a fee for this refund. We may withhold the reimbursement until we have received the returned goods or until the customer has provided proof that the customer has returned the goods, whichever is earlier.<br \/>\nDer Kunde hat die Waren unverz\u00fcglich und in jedem Fall sp\u00e4testens binnen vierzehn (14) Tagen ab dem Tag, an dem er uns \u00fcber den Widerruf dieses Vertrages unterrichtet, an uns zur\u00fcckzusenden oder zu \u00fcbergeben. Die Frist ist gewahrt, wenn der Kunde die Waren vor Ablauf der Frist von vierzehn (14) Tagen absendet. Der Kunde tr\u00e4gt die Kosten der R\u00fccksendung der Waren.<br \/>\nDer Kunde muss f\u00fcr einen etwaigen Wertverlust der Waren nur aufkommen, wenn dieser Wertverlust auf einen zur Pr\u00fcfung der Beschaffenheit, Eigenschaften und Funktionsweise der Waren nicht notwendigen Umgang mit ihnen zur\u00fcckzuf\u00fchren ist.\n<h3>3.\tAusschluss des Widerrufsrechts<\/h3>\n<p>Das Widerrufsrecht besteht nicht bei:<\/p>\n<ul>\n<li>Delivery of goods which are not prefabricated and have been manufactured based on personal choice or according to customer specifications, or of goods which have clearly been tailored to the customer&#8217;s personal requirements.<\/li>\n<li>Lieferung von versiegelten Waren, die aus Gr\u00fcnden des Gesundheitsschutzes oder der Hygiene nicht zur R\u00fcckgabe geeignet sind, wenn ihre Versiegelung nach der Lieferung entfernt wurde.<\/li>\n<\/ul>\n<p>Kunden aus Nicht-EU-L\u00e4ndern steht ein Widerrufsrecht nicht zu.<\/p>\n<p>Bitte lesen Sie auch unsere <a href=\"https:\/\/threebananasamps.com\/de\/terms-and-conditions\/\">Allgemeine Gesch\u00e4ftsbedingungen<\/a><\/p>","protected":false},"excerpt":{"rendered":"<p>Cancellation Policy 1.\u00a0\u00a0 Statutory right of withdrawal If the customer is a consumer (as per \u00a7 13 of the German Commercial Code), he\/she shall be entitled to withdraw from this Contract within fourteen (14) days without giving any reason for doing so. The deadline for withdrawal shall be fourteen (14) [&hellip;]<\/p>\n","protected":false},"author":1,"featured_media":0,"parent":0,"menu_order":0,"comment_status":"closed","ping_status":"closed","template":"page-templates\/full-width-no-title.php","meta":{"inspiro_page_layout":"narrow","inspiro_hide_title":false,"footnotes":""},"class_list":["post-1144","page","type-page","status-publish","hentry"],"yoast_head":"<!-- This site is optimized with the Yoast SEO plugin v27.6 - https:\/\/yoast.com\/product\/yoast-seo-wordpress\/ -->\n<title>Cancellation Policy - THREE BANANAS AMPLIFICATION<\/title>\n<meta name=\"robots\" content=\"noindex, nofollow\" \/>\n<meta property=\"og:locale\" content=\"de_DE\" \/>\n<meta property=\"og:type\" content=\"article\" \/>\n<meta property=\"og:title\" content=\"Cancellation Policy - THREE BANANAS AMPLIFICATION\" \/>\n<meta property=\"og:description\" content=\"Cancellation Policy 1.\u00a0\u00a0 Statutory right of withdrawal If the customer is a consumer (as per \u00a7 13 of the German Commercial Code), he\/she shall be entitled to withdraw from this Contract within fourteen (14) days without giving any reason for doing so. The deadline for withdrawal shall be fourteen (14) [&hellip;]\" \/>\n<meta property=\"og:url\" content=\"https:\/\/threebananasamps.com\/de\/cancellation-policy\/\" \/>\n<meta property=\"og:site_name\" content=\"THREE BANANAS AMPLIFICATION\" \/>\n<meta property=\"article:modified_time\" content=\"2025-02-22T07:33:18+00:00\" \/>\n<meta name=\"twitter:card\" content=\"summary_large_image\" \/>\n<meta name=\"twitter:label1\" content=\"Gesch\u00e4tzte Lesezeit\" \/>\n\t<meta name=\"twitter:data1\" content=\"3\u00a0Minuten\" \/>\n<script type=\"application\/ld+json\" class=\"yoast-schema-graph\">{\"@context\":\"https:\\\/\\\/schema.org\",\"@graph\":[{\"@type\":\"WebPage\",\"@id\":\"https:\\\/\\\/threebananasamps.com\\\/cancellation-policy\\\/\",\"url\":\"https:\\\/\\\/threebananasamps.com\\\/cancellation-policy\\\/\",\"name\":\"Cancellation Policy - THREE BANANAS AMPLIFICATION\",\"isPartOf\":{\"@id\":\"https:\\\/\\\/threebananasamps.com\\\/#website\"},\"datePublished\":\"2022-10-25T19:22:26+00:00\",\"dateModified\":\"2025-02-22T07:33:18+00:00\",\"breadcrumb\":{\"@id\":\"https:\\\/\\\/threebananasamps.com\\\/cancellation-policy\\\/#breadcrumb\"},\"inLanguage\":\"de\",\"potentialAction\":[{\"@type\":\"ReadAction\",\"target\":[\"https:\\\/\\\/threebananasamps.com\\\/cancellation-policy\\\/\"]}]},{\"@type\":\"BreadcrumbList\",\"@id\":\"https:\\\/\\\/threebananasamps.com\\\/cancellation-policy\\\/#breadcrumb\",\"itemListElement\":[{\"@type\":\"ListItem\",\"position\":1,\"name\":\"Startseite\",\"item\":\"https:\\\/\\\/threebananasamps.com\\\/\"},{\"@type\":\"ListItem\",\"position\":2,\"name\":\"Cancellation Policy\"}]},{\"@type\":\"WebSite\",\"@id\":\"https:\\\/\\\/threebananasamps.com\\\/#website\",\"url\":\"https:\\\/\\\/threebananasamps.com\\\/\",\"name\":\"THREE BANANAS AMPLIFICATION\",\"description\":\"\",\"potentialAction\":[{\"@type\":\"SearchAction\",\"target\":{\"@type\":\"EntryPoint\",\"urlTemplate\":\"https:\\\/\\\/threebananasamps.com\\\/?s={search_term_string}\"},\"query-input\":{\"@type\":\"PropertyValueSpecification\",\"valueRequired\":true,\"valueName\":\"search_term_string\"}}],\"inLanguage\":\"de\"}]}<\/script>\n<!-- \/ Yoast SEO plugin. -->","yoast_head_json":{"title":"Cancellation Policy - THREE BANANAS AMPLIFICATION","robots":{"index":"noindex","follow":"nofollow"},"og_locale":"de_DE","og_type":"article","og_title":"Cancellation Policy - THREE BANANAS AMPLIFICATION","og_description":"Cancellation Policy 1.\u00a0\u00a0 Statutory right of withdrawal If the customer is a consumer (as per \u00a7 13 of the German Commercial Code), he\/she shall be entitled to withdraw from this Contract within fourteen (14) days without giving any reason for doing so. The deadline for withdrawal shall be fourteen (14) [&hellip;]","og_url":"https:\/\/threebananasamps.com\/de\/cancellation-policy\/","og_site_name":"THREE BANANAS AMPLIFICATION","article_modified_time":"2025-02-22T07:33:18+00:00","twitter_card":"summary_large_image","twitter_misc":{"Gesch\u00e4tzte Lesezeit":"3\u00a0Minuten"},"schema":{"@context":"https:\/\/schema.org","@graph":[{"@type":"WebPage","@id":"https:\/\/threebananasamps.com\/cancellation-policy\/","url":"https:\/\/threebananasamps.com\/cancellation-policy\/","name":"Cancellation Policy - THREE BANANAS AMPLIFICATION","isPartOf":{"@id":"https:\/\/threebananasamps.com\/#website"},"datePublished":"2022-10-25T19:22:26+00:00","dateModified":"2025-02-22T07:33:18+00:00","breadcrumb":{"@id":"https:\/\/threebananasamps.com\/cancellation-policy\/#breadcrumb"},"inLanguage":"de","potentialAction":[{"@type":"ReadAction","target":["https:\/\/threebananasamps.com\/cancellation-policy\/"]}]},{"@type":"BreadcrumbList","@id":"https:\/\/threebananasamps.com\/cancellation-policy\/#breadcrumb","itemListElement":[{"@type":"ListItem","position":1,"name":"Startseite","item":"https:\/\/threebananasamps.com\/"},{"@type":"ListItem","position":2,"name":"Cancellation Policy"}]},{"@type":"WebSite","@id":"https:\/\/threebananasamps.com\/#website","url":"https:\/\/threebananasamps.com\/","name":"THREE BANANAS AMPLIFICATION","description":"","potentialAction":[{"@type":"SearchAction","target":{"@type":"EntryPoint","urlTemplate":"https:\/\/threebananasamps.com\/?s={search_term_string}"},"query-input":{"@type":"PropertyValueSpecification","valueRequired":true,"valueName":"search_term_string"}}],"inLanguage":"de"}]}},"_links":{"self":[{"href":"https:\/\/threebananasamps.com\/de\/wp-json\/wp\/v2\/pages\/1144","targetHints":{"allow":["GET"]}}],"collection":[{"href":"https:\/\/threebananasamps.com\/de\/wp-json\/wp\/v2\/pages"}],"about":[{"href":"https:\/\/threebananasamps.com\/de\/wp-json\/wp\/v2\/types\/page"}],"author":[{"embeddable":true,"href":"https:\/\/threebananasamps.com\/de\/wp-json\/wp\/v2\/users\/1"}],"replies":[{"embeddable":true,"href":"https:\/\/threebananasamps.com\/de\/wp-json\/wp\/v2\/comments?post=1144"}],"version-history":[{"count":0,"href":"https:\/\/threebananasamps.com\/de\/wp-json\/wp\/v2\/pages\/1144\/revisions"}],"wp:attachment":[{"href":"https:\/\/threebananasamps.com\/de\/wp-json\/wp\/v2\/media?parent=1144"}],"curies":[{"name":"wp","href":"https:\/\/api.w.org\/{rel}","templated":true}]}}