{"id":1163,"date":"2022-10-26T07:31:46","date_gmt":"2022-10-26T07:31:46","guid":{"rendered":"https:\/\/threebananasamps.com\/?page_id=1163"},"modified":"2025-10-22T07:33:44","modified_gmt":"2025-10-22T05:33:44","slug":"delivery","status":"publish","type":"page","link":"https:\/\/threebananasamps.com\/de\/delivery\/","title":{"rendered":"Bestellung, Zahlung und Lieferung"},"content":{"rendered":"<h1>Bestellung, Zahlung und Lieferung<\/h1>\n<p>Here&#8217;s some general info on how you can purchase our products and when and how they are delivered to you. Please also read our <a href=\"https:\/\/threebananasamps.com\/de\/terms-and-conditions\/\" target=\"_blank\" rel=\"noopener\">Allgemeine Gesch\u00e4ftsbedingungen<\/a><\/p>\n<h2>Bestellen<\/h2>\n<p>\u00dcber unseren Online Shop k\u00f6nnen unsere Produkte momentan nur durch Kunden bestellt werden, die in den folgenden L\u00e4ndern leben:<\/p>\n<strong>Europa<\/strong><br \/>\nBelgien, Bulgarien, D\u00e4nemark, Deutschland, Estland, Finnland, Frankreich, Griechenland, Irland, Italien, Kroatien, Lettland, Litauen, Luxemburg, Malta, Niederlande, Norwegen, \u00d6sterreich, Polen, Portugal, Rum\u00e4nien, Schweden,  Slowakei, Slowenien, Spanien, Tschechische Republik, Ungarn, Vereinigtes K\u00f6nigreich, Zypern<br \/>\n<strong>Nordamerika<\/strong><br \/>\nKanada, Mexiko<br \/>\n<strong>Ozeanien<\/strong><br \/>\nAustralien<br \/>\n<strong>Asien<\/strong><br \/>\nJapan\n<p>Wenn du jedoch au\u00dferhalb eines der oben gelisteten L\u00e4nder lebst, dann verwende bitte das Kontaktformular, um dich mit uns in Verbindung zu setzen:<\/p>\n<p><div class=\"forminator-ui forminator-custom-form forminator-custom-form-512 forminator-design--default  forminator_ajax\" data-forminator-render=\"0\" data-form=\"forminator-module-512\" data-uid=\"6a09800d17a7c\"><br\/><\/div><form\n\t\t\t\tid=\"forminator-module-512\"\n\t\t\t\tclass=\"forminator-ui forminator-custom-form forminator-custom-form-512 forminator-design--default  forminator_ajax\"\n\t\t\t\tmethod=\"post\"\n\t\t\t\tdata-forminator-render=\"0\"\n\t\t\t\tdata-form-id=\"512\"\n\t\t\t\t data-color-option=\"default\" data-design=\"default\" data-grid=\"open\" style=\"display: none;\"\n\t\t\t\tdata-uid=\"6a09800d17a7c\" action=\"\"\n\t\t\t><div role=\"alert\" aria-live=\"polite\" class=\"forminator-response-message forminator-error\" aria-hidden=\"true\"><\/div><div class=\"forminator-row\"><div id=\"name-1\" class=\"forminator-field-name forminator-col forminator-col-6\"><div class=\"forminator-field\"><label for=\"forminator-field-name-1_6a09800d17a7c\" id=\"forminator-field-name-1_6a09800d17a7c-label\" class=\"forminator-label\">Vorname <span class=\"forminator-required\">*<\/span><\/label><input type=\"text\" name=\"name-1\" value=\"\" placeholder=\"\" id=\"forminator-field-name-1_6a09800d17a7c\" class=\"forminator-input forminator-name--field\" aria-required=\"true\" autocomplete=\"name\" \/><\/div><\/div><div id=\"name-2\" class=\"forminator-field-name forminator-col forminator-col-6\"><div class=\"forminator-field\"><label for=\"forminator-field-name-2_6a09800d17a7c\" id=\"forminator-field-name-2_6a09800d17a7c-label\" class=\"forminator-label\">Nachname <span class=\"forminator-required\">*<\/span><\/label><input type=\"text\" name=\"name-2\" value=\"\" placeholder=\"\" id=\"forminator-field-name-2_6a09800d17a7c\" class=\"forminator-input forminator-name--field\" aria-required=\"true\" autocomplete=\"name\" \/><\/div><\/div><\/div><div class=\"forminator-row\"><div id=\"email-1\" class=\"forminator-field-email forminator-col forminator-col-12\"><div class=\"forminator-field\"><label for=\"forminator-field-email-1_6a09800d17a7c\" id=\"forminator-field-email-1_6a09800d17a7c-label\" class=\"forminator-label\">Email Adresse <span class=\"forminator-required\">*<\/span><\/label><input type=\"email\" name=\"email-1\" value=\"\" placeholder=\"\" id=\"forminator-field-email-1_6a09800d17a7c\" class=\"forminator-input forminator-email--field\" data-required=\"true\" aria-required=\"true\" autocomplete=\"email\" \/><\/div><\/div><\/div><div class=\"forminator-row\"><div id=\"phone-1\" class=\"forminator-field-phone forminator-col forminator-col-12\"><div class=\"forminator-field\"><label for=\"forminator-field-phone-1_6a09800d17a7c\" id=\"forminator-field-phone-1_6a09800d17a7c-label\" class=\"forminator-label\">Telefonnummer<\/label><input type=\"text\" name=\"phone-1\" value=\"\" placeholder=\"\" id=\"forminator-field-phone-1_6a09800d17a7c\" class=\"forminator-input forminator-field--phone\" data-required=\"\" aria-required=\"false\" autocomplete=\"off\" \/><\/div><\/div><\/div><div class=\"forminator-row\"><div id=\"textarea-1\" class=\"forminator-field-textarea forminator-col forminator-col-12\"><div class=\"forminator-field\"><label for=\"forminator-field-textarea-1_6a09800d17a7c\" id=\"forminator-field-textarea-1_6a09800d17a7c-label\" class=\"forminator-label\">Nachricht <span class=\"forminator-required\">*<\/span><\/label><textarea name=\"textarea-1\" placeholder=\"\" id=\"forminator-field-textarea-1_6a09800d17a7c\" class=\"forminator-textarea\" rows=\"6\" style=\"--forminator-textarea-min-height:140px;\" maxlength=\"1000\" ><\/textarea><span id=\"forminator-field-textarea-1_6a09800d17a7c-description\" class=\"forminator-description\"><span data-limit=\"1000\" data-type=\"characters\" data-editor=\"\">0 \/ 1000<\/span><\/span><\/div><\/div><\/div><input type=\"hidden\" name=\"referer_url\" value=\"\" \/><div class=\"forminator-row forminator-row-last\"><div class=\"forminator-col\"><div class=\"forminator-field\"><button class=\"forminator-button forminator-button-submit\">Nachricht senden<\/button><\/div><\/div><\/div><input type=\"hidden\" id=\"forminator_nonce\" name=\"forminator_nonce\" value=\"a8eaff9231\" \/><input type=\"hidden\" name=\"_wp_http_referer\" value=\"\/de\/wp-json\/wp\/v2\/pages\/1163\" \/><input type=\"hidden\" name=\"form_id\" value=\"512\"><input type=\"hidden\" name=\"page_id\" value=\"1163\"><input type=\"hidden\" name=\"form_type\" value=\"default\"><input type=\"hidden\" name=\"current_url\" value=\"https:\/\/threebananasamps.com\/de\/delivery\/\"><input type=\"hidden\" name=\"render_id\" value=\"0\"><input type=\"hidden\" name=\"action\" value=\"forminator_submit_form_custom-forms\"><input type=\"hidden\" name=\"trp-form-language\" value=\"de\"\/><\/form><\/p>\n<p>Bitte lies unsere <a href=\"https:\/\/threebananasamps.com\/de\/privacy-policy\/\" target=\"_blank\" rel=\"noopener\">Datenschutzerkl\u00e4rung<\/a> \u00fcber die Verarbeitung deiner personenbezogenen Daten.<\/p>\n<h2>Zahlung<\/h2>\n<p>In unserem Onlineshop k\u00f6nnt ihr w\u00e4hrend des Bestellvorgangs mit Kredit- und Debitkarten oder PayPal bezahlen.<\/p>\n<p>Bei Vorauszahlung per \u00dcberweisung auf unser Bankkonto gew\u00e4hren wir 3% Nachlass auf den Netto Einkaufspreis. Nach dem Kauf senden wir Dir eine aktualisierte Rechnung. Bitte nimm die Zahlung nach Erhalt der Rechnung vor. Deine Bestellung wird dann nach Eingang des Geldes bearbeitet und verschickt.<\/p>\n<h2>Lieferung und Versandkosten<\/h2>\n<p>In der Regel werden alle Produkte auf Bestellung gefertigt. Ausgenommen hiervon sind Gebrauchtger\u00e4te bzw. Ausstellungsst\u00fccke. Die voraussichtlichen Lieferzeiten k\u00f6nnen auf der Produktseite und im Kassenbereich eingesehen werden.<\/p>\n<p>Shipping to your country &#8211; if available, see list above &#8211; will be calculated during checkout, once you enter your destination country and ZIP code. Depending on the product and destination country, we are likely using DHL or UPS as our logistics partner.<\/p>","protected":false},"excerpt":{"rendered":"<p>Order, Payment and Delivery Here&#8217;s some general info on how you can purchase our products and when and how they are delivered to you. Please also read our Terms and Conditions Ordering Ordering products through our online shop is currently only available for customers that live within the following countries: [&hellip;]<\/p>\n","protected":false},"author":1,"featured_media":0,"parent":0,"menu_order":0,"comment_status":"closed","ping_status":"closed","template":"page-templates\/full-width-no-title.php","meta":{"inspiro_page_layout":"narrow","inspiro_hide_title":false,"footnotes":""},"class_list":["post-1163","page","type-page","status-publish","hentry"],"yoast_head":"<!-- This site is optimized with the Yoast SEO plugin v27.6 - https:\/\/yoast.com\/product\/yoast-seo-wordpress\/ -->\n<title>Order, Payment and Delivery - THREE BANANAS AMPLIFICATION<\/title>\n<meta name=\"robots\" content=\"noindex, nofollow\" \/>\n<meta property=\"og:locale\" content=\"de_DE\" \/>\n<meta property=\"og:type\" content=\"article\" \/>\n<meta property=\"og:title\" content=\"Order, Payment and Delivery - THREE BANANAS AMPLIFICATION\" \/>\n<meta property=\"og:description\" content=\"Order, Payment and Delivery Here&#8217;s some general info on how you can purchase our products and when and how they are delivered to you. Please also read our Terms and Conditions Ordering Ordering products through our online shop is currently only available for customers that live within the following countries: [&hellip;]\" \/>\n<meta property=\"og:url\" content=\"https:\/\/threebananasamps.com\/de\/delivery\/\" \/>\n<meta property=\"og:site_name\" content=\"THREE BANANAS AMPLIFICATION\" \/>\n<meta property=\"article:modified_time\" content=\"2025-10-22T05:33:44+00:00\" \/>\n<meta name=\"twitter:card\" content=\"summary_large_image\" \/>\n<meta name=\"twitter:label1\" content=\"Gesch\u00e4tzte Lesezeit\" \/>\n\t<meta name=\"twitter:data1\" content=\"3\u00a0Minuten\" \/>\n<script type=\"application\/ld+json\" class=\"yoast-schema-graph\">{\"@context\":\"https:\\\/\\\/schema.org\",\"@graph\":[{\"@type\":\"WebPage\",\"@id\":\"https:\\\/\\\/threebananasamps.com\\\/delivery\\\/\",\"url\":\"https:\\\/\\\/threebananasamps.com\\\/delivery\\\/\",\"name\":\"Order, Payment and Delivery - THREE BANANAS AMPLIFICATION\",\"isPartOf\":{\"@id\":\"https:\\\/\\\/threebananasamps.com\\\/#website\"},\"datePublished\":\"2022-10-26T07:31:46+00:00\",\"dateModified\":\"2025-10-22T05:33:44+00:00\",\"breadcrumb\":{\"@id\":\"https:\\\/\\\/threebananasamps.com\\\/delivery\\\/#breadcrumb\"},\"inLanguage\":\"de\",\"potentialAction\":[{\"@type\":\"ReadAction\",\"target\":[\"https:\\\/\\\/threebananasamps.com\\\/delivery\\\/\"]}]},{\"@type\":\"BreadcrumbList\",\"@id\":\"https:\\\/\\\/threebananasamps.com\\\/delivery\\\/#breadcrumb\",\"itemListElement\":[{\"@type\":\"ListItem\",\"position\":1,\"name\":\"Startseite\",\"item\":\"https:\\\/\\\/threebananasamps.com\\\/\"},{\"@type\":\"ListItem\",\"position\":2,\"name\":\"Order, Payment and Delivery\"}]},{\"@type\":\"WebSite\",\"@id\":\"https:\\\/\\\/threebananasamps.com\\\/#website\",\"url\":\"https:\\\/\\\/threebananasamps.com\\\/\",\"name\":\"THREE BANANAS AMPLIFICATION\",\"description\":\"\",\"potentialAction\":[{\"@type\":\"SearchAction\",\"target\":{\"@type\":\"EntryPoint\",\"urlTemplate\":\"https:\\\/\\\/threebananasamps.com\\\/?s={search_term_string}\"},\"query-input\":{\"@type\":\"PropertyValueSpecification\",\"valueRequired\":true,\"valueName\":\"search_term_string\"}}],\"inLanguage\":\"de\"}]}<\/script>\n<!-- \/ Yoast SEO plugin. -->","yoast_head_json":{"title":"Order, Payment and Delivery - THREE BANANAS AMPLIFICATION","robots":{"index":"noindex","follow":"nofollow"},"og_locale":"de_DE","og_type":"article","og_title":"Order, Payment and Delivery - THREE BANANAS AMPLIFICATION","og_description":"Order, Payment and Delivery Here&#8217;s some general info on how you can purchase our products and when and how they are delivered to you. Please also read our Terms and Conditions Ordering Ordering products through our online shop is currently only available for customers that live within the following countries: [&hellip;]","og_url":"https:\/\/threebananasamps.com\/de\/delivery\/","og_site_name":"THREE BANANAS AMPLIFICATION","article_modified_time":"2025-10-22T05:33:44+00:00","twitter_card":"summary_large_image","twitter_misc":{"Gesch\u00e4tzte Lesezeit":"3\u00a0Minuten"},"schema":{"@context":"https:\/\/schema.org","@graph":[{"@type":"WebPage","@id":"https:\/\/threebananasamps.com\/delivery\/","url":"https:\/\/threebananasamps.com\/delivery\/","name":"Order, Payment and Delivery - THREE BANANAS AMPLIFICATION","isPartOf":{"@id":"https:\/\/threebananasamps.com\/#website"},"datePublished":"2022-10-26T07:31:46+00:00","dateModified":"2025-10-22T05:33:44+00:00","breadcrumb":{"@id":"https:\/\/threebananasamps.com\/delivery\/#breadcrumb"},"inLanguage":"de","potentialAction":[{"@type":"ReadAction","target":["https:\/\/threebananasamps.com\/delivery\/"]}]},{"@type":"BreadcrumbList","@id":"https:\/\/threebananasamps.com\/delivery\/#breadcrumb","itemListElement":[{"@type":"ListItem","position":1,"name":"Startseite","item":"https:\/\/threebananasamps.com\/"},{"@type":"ListItem","position":2,"name":"Order, Payment and Delivery"}]},{"@type":"WebSite","@id":"https:\/\/threebananasamps.com\/#website","url":"https:\/\/threebananasamps.com\/","name":"THREE BANANAS AMPLIFICATION","description":"","potentialAction":[{"@type":"SearchAction","target":{"@type":"EntryPoint","urlTemplate":"https:\/\/threebananasamps.com\/?s={search_term_string}"},"query-input":{"@type":"PropertyValueSpecification","valueRequired":true,"valueName":"search_term_string"}}],"inLanguage":"de"}]}},"_links":{"self":[{"href":"https:\/\/threebananasamps.com\/de\/wp-json\/wp\/v2\/pages\/1163","targetHints":{"allow":["GET"]}}],"collection":[{"href":"https:\/\/threebananasamps.com\/de\/wp-json\/wp\/v2\/pages"}],"about":[{"href":"https:\/\/threebananasamps.com\/de\/wp-json\/wp\/v2\/types\/page"}],"author":[{"embeddable":true,"href":"https:\/\/threebananasamps.com\/de\/wp-json\/wp\/v2\/users\/1"}],"replies":[{"embeddable":true,"href":"https:\/\/threebananasamps.com\/de\/wp-json\/wp\/v2\/comments?post=1163"}],"version-history":[{"count":0,"href":"https:\/\/threebananasamps.com\/de\/wp-json\/wp\/v2\/pages\/1163\/revisions"}],"wp:attachment":[{"href":"https:\/\/threebananasamps.com\/de\/wp-json\/wp\/v2\/media?parent=1163"}],"curies":[{"name":"wp","href":"https:\/\/api.w.org\/{rel}","templated":true}]}}