{"id":129,"date":"2022-11-03T11:00:30","date_gmt":"2022-11-03T11:00:30","guid":{"rendered":"https:\/\/threebananasamps.com\/?page_id=129"},"modified":"2025-02-22T09:35:19","modified_gmt":"2025-02-22T07:35:19","slug":"privacy-policy","status":"publish","type":"page","link":"https:\/\/threebananasamps.com\/de\/privacy-policy\/","title":{"rendered":"Datenschutzerkl\u00e4rung"},"content":{"rendered":"<h1>Datenschutzerkl\u00e4rung<\/h1>\n<h3><strong>1. NAME UND ANSCHRIFT DES VERANTWORTLICHEN<\/strong><\/h3>\n<p>Responsible within the meaning of the European General Data Protection Regulation (\u201eGDPR&#8221;) is: HEIKENFELD AUDIO SOLUTIONS UG (haftungsbeschr\u00e4nkt), R\u00f6ntgenstr. 1a, 46242 Bottrop, Germany (hereinafter referred to as &#8220;HEIKENFELD AUDIO SOLUTIONS&#8221; or &#8220;we&#8221; or \u201eus&#8221;).<\/p>\n<h3><strong>2. ALLGEMEINE DATEN UND INFORMATIONEN<\/strong><\/h3>\n<p>HEIKENFELD AUDIO SOLUTIONS arbeitet daran, dass die auf dieser Website enthaltenen Informationen und Daten aktuell und korrekt sind. HEIKENFELD AUDIO SOLUTIONS beh\u00e4lt sich vor, ohne Ank\u00fcndigung \u00c4nderungen oder Erg\u00e4nzungen der bereitgestellten Informationen oder Daten vorzunehmen.<\/p>\n<h3><strong>3. VERTRAGSBEZIEHUNGEN<\/strong><\/h3>\n<p>Die Website www.threebananasamps.com kooperiert mit verschiedenen Drittanbietern, hierzu geh\u00f6ren auch Hyperlinks zu den Webseiten der Drittanbieter. HEIKENFELD AUDIO SOLUTIONS erm\u00f6glicht den Nutzern ihrer Website den Zugriff auf die Angebotsseiten von Partnerunternehmen.<\/p>\n<p>Nutzer der Website www.threebananasamps.com gehen durch die Nutzung der Dienste der Drittanbieter ein Vertragsverh\u00e4ltnis mit dem jeweiligen Service-Provider ein, dessen Vertragsbedingungen dann gelten. Die rechtliche und inhaltliche Verantwortung f\u00fcr die auf den Angebotsseiten der Partnerunternehmen angebotenen Dienste liegt allein bei den jeweiligen Partnerunternehmen.<\/p>\n<h3><strong>4. HAFTUNG<\/strong><\/h3>\n<p>Die auf unsere Website zur Verf\u00fcgung gestellten Informationen wurden mit gr\u00f6\u00dftm\u00f6glicher Sorgfalt zusammengestellt und werden fortlaufend aktualisiert. Trotz sorgf\u00e4ltigster Kontrolle kann die Fehlerfreiheit nicht garantiert werden. Eine Haftung oder Garantie f\u00fcr die Aktualit\u00e4t, Richtigkeit und Vollst\u00e4ndigkeit der zur Verf\u00fcgung gestellten Informationen und Daten ist jedoch ausgeschlossen.<\/p>\n<p>Trotz sorgf\u00e4ltiger inhaltlicher Kontrolle \u00fcbernehmen wir keine Haftung f\u00fcr die Inhalte externer Links. F\u00fcr den Inhalt der verlinkten Seiten sind ausschlie\u00dflich deren Betreiber verantwortlich. Die HEIKENFELD AUDIO SOLUTIONS UG (haftungsbeschr\u00e4nkt) ist auch nicht verantwortlich f\u00fcr die Datenschutzvorkehrungen derartiger Websites.<\/p>\n<h3><strong>5. URHEBERRECHT<\/strong><\/h3>\n<p>Der Inhalt der THREE BANANAS AMPLIFICATION-Website ist urheberrechtlich gesch\u00fctzt. Die Vervielf\u00e4ltigung, Verbreitung, Speicherung, Wieder- bzw. Weitergabe von s\u00e4mtlichen Informationen oder Daten, insbesondere die Verwendung von Texten, Textteilen, Bildmaterial oder anderen auf der Internetseite ver\u00f6ffentlichten Werken ist ohne schriftliche Genehmigung der HEIKENFELD AUDIO SOLUTIONS UG (haftungsbeschr\u00e4nkt) ausdr\u00fccklich untersagt. Davon ausgenommen ist das im Bereich \"Press \/ Media\" f\u00fcr die Weiterverbreitung ausdr\u00fccklich angebotene Text- und Bildmaterial.<\/p>\n<h3><strong>6. ANWENDBARES RECHT<\/strong><\/h3>\n<p>S\u00e4mtliche Informationen oder Daten und ihre Nutzung sowie s\u00e4mtliches mit der Website der HEIKENFELD AUDIO SOLUTIONS zusammenh\u00e4ngendes Tun, Dulden oder Unterlassen unterliegen ausschlie\u00dflich deutschem Recht. Gerichtsstand ist Gelsenkirchen.<\/p>\n<h3><strong>7. VERBRAUCHERSTREITBEILEGUNG<\/strong><\/h3>\n<p>HEIKENFELD AUDIO SOLUTIONS weist darauf hin, dass wir weder verpflichtet noch bereit sind, an einem Streitbeilegungsverfahren vor einer Verbraucherschlichtungsstelle nach dem Verbraucherstreitbeilegungsgesetz teilzunehmen. Die zust\u00e4ndige Verbraucherschlichtungsstelle ist:<\/p>\nUniversalschlichtungsstelle des Bundes - Zentrum f\u00fcr Schlichtung e. V.<br \/>\nStra\u00dfburger Str. 8<br \/>\n77694 Kehl<br \/>\nDeutschland<br \/>\nwww.universalschlichtungsstelle.de\n<h3><strong>8. DATENSCHUTZERKL\u00c4RUNG<\/strong><\/h3>\nThe provider of the website www.threebananasamps.com is HEIKENFELD AUDIO SOLUTIONS UG (haftungsbeschr\u00e4nkt), R\u00f6ntgenstr . 1a, 46242 Bottrop, Germany (hereinafter referred to as &#8220;HEIKENFELD AUDIO SOLUTIONS&#8221; or &#8220;we&#8221; or \u201eus&#8221;). You can find further information about the provider in the Imprint of this website.<br \/>\nDer Schutz personenbezogener Daten ist uns ein wichtiges Anliegen. Nachfolgend erkl\u00e4ren wir, in welchem Umfang und f\u00fcr welche Zwecke wir personenbezogene Daten im Zusammenhang mit dem Angebot dieser Website erheben und verwenden.\n<h4><strong>WAS SIND PERSONENBEZOGENE DATEN?<\/strong><\/h4>\n<p>Personenbezogene Daten sind alle Angaben, die sich auf eine bestimmte oder bestimmbare nat\u00fcrliche Person beziehen, z.B. Ihr Name, Adresse, Postanschrift, Telefonnummer oder Ihre E-Mail-Adresse.<\/p>\n<h4><strong>KATEGORIEN VON EMPF\u00c4NGERN<\/strong><\/h4>\n<p>Zun\u00e4chst erhalten nur unsere Mitarbeiter Kenntnis von Ihren personenbezogenen Daten. Zudem teilen wir Ihre personenbezogenen Daten, soweit dies gesetzlich erlaubt oder vorgeschrieben ist, anderen Empf\u00e4ngern mit, die f\u00fcr uns Dienstleistungen im Zusammenhang mit unserer Website erbringen. Wir beschr\u00e4nken die Weitergabe Ihrer personenbezogenen Daten dabei auf das Notwendige, insbesondere um Ihre Bestellung abwickeln zu k\u00f6nnen. Teilweise erhalten unsere Dienstleister Ihre personenbezogenen Daten als Auftragsverarbeiter und sind dann bei dem Umgang mit Ihren personenbezogenen Daten streng an unsere Weisungen gebunden. Teilweise agieren die Empf\u00e4nger eigenst\u00e4ndig mit Ihren Daten, die wir an diese \u00fcbermitteln. Nachfolgend nennen wir Ihnen die Kategorien m\u00f6glicher Empf\u00e4nger Ihrer personenbezogenen Daten:<\/p>\n\u2022 Zahlungsdienstleister und Banken, bei der Abwicklung der Zahlung<br \/>\n\u2022 IT-Dienstleister bei der Administration und dem Hosting unserer Website, beim Versand von Newslettern und beim Betrieb unserer IT-Systeme<br \/>\n\u2022 Rechtsberater bei der Geltendmachung unserer Anspr\u00fcche<br \/>\n\u2022 Verkaufs- und Vertriebspartner<br \/>\n\u2022 Dienstleister, die Erstkontaktdaten im Namen von uns aufnehmen<br \/>\n\u2022 Weitere Empf\u00e4ngerkategorien falls notwendig\n<h4><strong>AUFRUF UNSERER WEBSITE<\/strong><\/h4>\n<p>Wenn Sie unsere Website aufrufen, \u00fcbertr\u00e4gt Ihr Internetbrowser technisch bedingt bestimmte Daten an unseren Webserver, um die von Ihnen aufgerufenen Informationen zur Verf\u00fcgung zu stellen. Um Ihnen den Besuch der Website zu erm\u00f6glichen, werden dabei folgende Daten erhoben, kurzfristig gespeichert und verwendet:<\/p>\n\u2022 IP-Adresse<br \/>\n\u2022 Datum und Uhrzeit der Anfrage<br \/>\n\u2022 Zeitzonendifferenz zur Greenwich Mean Time (GMT)<br \/>\n\u2022 Inhalt der Anforderung (konkrete Seite)<br \/>\n\u2022 Zugriffsstatus \/ HTTP-Statuscode<br \/>\n\u2022 \u00dcbertragene Datenmenge<br \/>\n\u2022 Website, von der die Anforderung kommt<br \/>\n\u2022 Browser, Sprache und Version der Browsersoftware<br \/>\n\u2022 Betriebssystem und dessen Oberfl\u00e4che<br \/>\n\u2022 verweisende Website\n<h3><strong>9. COOKIES<\/strong><\/h3>\n<p>When you visit our website we may store information on your computer in the form of a &#8220;cookie&#8221;.\u00a0 &#8220;Cookies&#8221; are small text files that are copied from a web server onto your hard drive. Cookies contain information that can later be read by a web server in the domain from which the cookie was sent. The cookies we use contain no personal data.<\/p>\n<p>We use what is known as &#8220;session cookies&#8221; and &#8220;persistent cookies&#8221;. Most of the cookies we use are session cookies, which are necessary to keep your visit consistent, i.e. to ensure that, for example, your details are retained during the session. These session cookies are automatically deleted when your session ends.<\/p>\n<p>Persistente Cookies verbleiben f\u00fcr einen l\u00e4ngeren Zeitraum auf Ihrem Endger\u00e4t und erm\u00f6glichen uns etwa die nachfolgend beschriebenen Tools zur Webanalyse zu nutzen.<\/p>\n<p>Beim Besuch unserer Webseite haben Sie die M\u00f6glichkeit, Cookies anzunehmen oder abzulehnen. Die Mehrzahl der Webbrowser nimmt Cookies automatisch an. Sie k\u00f6nnen jedoch in der Regel \u00fcber die Browsereinstellungen festlegen, dass Cookies abgelehnt werden sollen. Wenn Cookies abgelehnt werden, kann es sein, dass Sie einige Funktionen der Website nicht mehr nutzen k\u00f6nnen. Wenn Cookies akzeptiert werden, k\u00f6nnen Sie die akzeptierten Cookies zu einem sp\u00e4teren Zeitpunkt wieder l\u00f6schen. Wenn Sie die Cookies l\u00f6schen, werden alle Einstellungen, die von diesen Cookies gesteuert werden, einschlie\u00dflich Werbeeinstellungen, gel\u00f6scht und k\u00f6nnen m\u00f6glicherweise nicht mehr wiederhergestellt werden.<\/p>\n<p>Zus\u00e4tzlich zu den Browsereinstellungen haben Sie die M\u00f6glichkeit, \u00fcber einen Cookie-Banner im unteren Bereich der Webseite bestimmte, nicht essenzielle Cookies anzunehmen oder abzulehnen. Essenzielle Cookies sind Session-Cookies, die f\u00fcr die korrekte Funktion und Darstellung unserer Webseite erforderlich sind. Diese Cookies k\u00f6nnen \u00fcber den Cookie-Banner nicht abgeschaltet werden. Alle anderen Cookies, insbesondere Cookies zu Marketingzwecken bzw. Cookies von Drittanbietern, k\u00f6nnen \u00fcber den Cookie-Banner abgeschaltet werden. Nachdem Sie Ihre Einstellungen gesetzt haben, k\u00f6nnen Sie diese jederzeit \u00fcber einen kleinen Button (dargestellt durch ein Zahnradsymbol) am unteren linken Bildschirmrand wieder \u00e4ndern.<\/p>\n<h3><strong>10. EINSATZ VON SPEZIALISIERTEN DIENSTLEISTERN F\u00dcR HOSTING UND E-MAIL-VERSAND<\/strong><\/h3>\n<p>Wir kooperieren f\u00fcr die Erbringung bestimmter Dienstleistungen, insbesondere zum Hosting der Website und unseres Onlineshops, sowie zum Versand von E-Mails, mit spezialisierten Dienstleistern. Diese Dienstleister verarbeiten Ihre personenbezogenen Daten in unserem Auftrag und strikt nach unseren Weisungen und gew\u00e4hrleisten die Einhaltung der Datenschutzbestimmungen sowie der erforderlichen Sicherheitsma\u00dfnahmen. Dar\u00fcber hinaus erhalten die Dienstleister von uns lediglich solche Informationen, die f\u00fcr den jeweiligen Zweck ihrer Leistungserbringung ben\u00f6tigt werden.<\/p>\n<h4><strong>Kontaktformular und E-Mail Newsletter<\/strong><\/h4>\n<p>Auf unserer Internetseite ist ein Kontaktformular vorhanden, welches f\u00fcr die elektronische Kontaktaufnahme genutzt werden kann. Nimmt ein Nutzer diese M\u00f6glichkeit war, so werden die in der Eingabemaske eingegeben Daten an uns \u00fcbermittelt und gespeichert. Diese Daten sind:<\/p>\n<ul>\n<li>Vorname<\/li>\n<li>Nachname<\/li>\n<li>E-Mail Adresse<\/li>\n<li>Telefonnummer<\/li>\n<li>Adressdaten (Land)<\/li>\n<li>Ihre individuelle Nachricht an uns<\/li>\n<\/ul>\n<p>Im Zeitpunkt der Absendung der Nachricht werden zudem folgende Daten gespeichert:<\/p>\n<ul>\n<li>Datum und Uhrzeit der Registrierung<\/li>\n<li>IP Adresse des Sender\/User Agent (entspricht Browser)<\/li>\n<\/ul>\n<p>F\u00fcr die Verarbeitung der Daten wird im Rahmen des Absendevorgangs Ihre Einwilligung eingeholt und auf diese Datenschutzerkl\u00e4rung verwiesen.<\/p>\n<h3><strong>11. AUFTRITT IN SOZIALEN MEDIEN<\/strong><\/h3>\n<h4>Datenverarbeitung durch soziale Netzwerke<\/h4>\n<p>Wir unterhalten \u00f6ffentlich zug\u00e4ngliche Profile in sozialen Netzwerken. Die im Einzelnen von uns genutzten sozialen Netzwerke finden Sie weiter unten. Soziale Netzwerke wie Instagram, Twitter, LinkedIn und Google, etc. k\u00f6nnen Ihr Nutzerverhalten in der Regel umfassend analysieren, wenn Sie deren Webseite oder eine Webseite mit integrierten Social-Media-Inhalten (z.B. Like-Buttons oder Werbebannern) besuchen. Durch den Besuch unserer Social-Media-Pr\u00e4senzen werden zahlreiche datenschutzrelevante Verarbeitungsvorg\u00e4nge ausgel\u00f6st.<\/p>\n<p>Wenn Sie in Ihrem Social-Media-Account eingeloggt sind und unsere Social-Media-Pr\u00e4senz besuchen, kann der Betreiber des Social-Media-Portals diesen Besuch Ihrem Benutzerkonto zuordnen. Ihre personenbezogenen Daten k\u00f6nnen unter Umst\u00e4nden aber auch dann erfasst werden, wenn Sie nicht eingeloggt sind oder keinen Account beim jeweiligen Social-Media-Portal besitzen. Diese Datenerfassung erfolgt in diesem Fall beispielsweise \u00fcber Cookies, die auf Ihrem Endger\u00e4t gespeichert werden oder durch Erfassung Ihrer IP-Adresse.<\/p>\n<p>Mit Hilfe der so erfassten Daten k\u00f6nnen die Betreiber der Social-Media-Portale Nutzerprofile erstellen, in denen Ihre Pr\u00e4ferenzen und Interessen hinterlegt sind. Auf diese Weise kann Ihnen interessenbezogene Werbung in- und au\u00dferhalb der jeweiligen Social-Media-Pr\u00e4senz angezeigt werden. Sofern Sie \u00fcber einen Account beim jeweiligen sozialen Netzwerk verf\u00fcgen, kann die interessenbezogene Werbung auf allen Ger\u00e4ten angezeigt werden, auf denen Sie eingeloggt sind oder eingeloggt waren.<\/p>\n<p>Bitte beachten Sie au\u00dferdem, dass wir nicht alle Verarbeitungsprozesse auf den Social-Media-Portalen nachvollziehen k\u00f6nnen. Je nach Anbieter k\u00f6nnen daher ggf. weitere Verarbeitungsvorg\u00e4nge von den Betreibern der Social-Media-Portale durchgef\u00fchrt werden. Details hierzu entnehmen Sie den Nutzungsbedingungen und Datenschutzbestimmungen der jeweiligen Social-Media-Portale.<\/p>\n<p>Unsere Social-Media-Auftritte sollen eine m\u00f6glichst umfassende Pr\u00e4senz im Internet gew\u00e4hrleisten. Hierbei handelt es sich um ein berechtigtes Interesse im Sinne von Art. 6 Abs. 1 lit. f DSGVO. Die von den sozialen Netzwerken initiierten Analyseprozesse beruhen ggf. auf abweichenden Rechtsgrundlagen, die von den Betreibern der sozialen Netzwerke anzugeben sind (z.B. Einwilligung im Sinne des Art. 6 Abs. 1 lit. a DSGVO).<\/p>\n<h4>Verantwortlicher und Geltendmachung von Rechten<\/h4>\n<p>Wenn Sie einen unserer Social-Media-Auftritte (z.B. Instagram) besuchen, sind wir gemeinsam mit dem Betreiber der Social-Media-Plattform f\u00fcr die bei diesem Besuch ausgel\u00f6sten Datenverarbeitungsvorg\u00e4nge verantwortlich. Sie k\u00f6nnen Ihre Rechte (Auskunft, Berichtigung, L\u00f6schung, Einschr\u00e4nkung der Verarbeitung, Daten\u00fcbertragbarkeit und Beschwerde) grunds\u00e4tzlich sowohl gegen\u00fcber uns als auch gegen\u00fcber dem Betreiber des jeweiligen Social-Media-Portals geltend machen. Bitte beachten Sie, dass wir trotz der gemeinsamen Verantwortlichkeit mit den Social-Media-Portal-Betreibern nicht vollumf\u00e4nglich Einfluss auf die Datenverarbeitungsvorg\u00e4nge der Social-Media-Portale haben. Unsere M\u00f6glichkeiten richten sich ma\u00dfgeblich nach der Unternehmenspolitik des jeweiligen Anbieters.<\/p>\n<h4>Speicherdauer<\/h4>\n<p>The data collected directly by us via the social media presence will be deleted from our systems as soon as: the purpose for their storage no longer applies, you ask us to delete them, revoke your consent to the storage or the purpose for the data storage no longer applies. Saved cookies remain on your device until you delete them. Mandatory legal provisions &#8211; especially retention periods &#8211; remain unaffected. We have no influence on the storage period of your data, which are saved by the operators of the social networks for their own purposes. For details, please contact the operators of the social networks directly (e.g. in their data protection declaration, see below).<\/p>\n<h4><strong>Soziale Netzwerke im Einzelnen<\/strong><\/h4>\n<h5>Instagram<\/h5>\n<p>We have a profile on Instagram. The provider is Meta Platforms Inc., 1601 Willow Road, Menlo Park, CA, 94025, USA. You can find details on how they handle your personal data in Instagram&#8217;s data protection declaration:<\/p>\n<p><a href=\"https:\/\/privacycenter.instagram.com\/policy\/\">https:\/\/privacycenter.instagram.com\/policy\/<\/a><\/p>\n<h5>YouTube<\/h5>\n<p>We have a profile on YouTube. The website is operated by YouTube LLC, 901 Cherry Ave, San Bruno, CA 94066, USA. You can find details on how they handle your personal data in YouTube&#8217;s data protection declaration:<\/p>\n<p><a href=\"https:\/\/policies.google.com\/privacy\">https:\/\/policies.google.com\/privacy<\/a><\/p>\n<h3><strong>12. RECHTSGRUNDLAGE F\u00dcR DIE DATENVERARBEITUNG<\/strong><\/h3>\n<p>Rechtsgrundlage f\u00fcr die Verarbeitung der Daten ist bei Vorliegen einer Einwilligung des Nutzers Art. 6 Abs. 1 lit. a DSGVO. Rechtsgrundlage f\u00fcr die Verarbeitung der Daten, die im Zuge einer \u00dcbersendung einer E-Mail \u00fcbermittelt werden, ist Art. 6 Abs. 1 lit. f DSGVO. Zielt der E-Mail-Kontakt auf den Abschluss eines Vertrages ab, so ist zus\u00e4tzliche Rechtsgrundlage f\u00fcr die Verarbeitung Art. 6 Abs. 1 lit. b DSGVO.<\/p>\n<h4>Zweck der Datenverarbeitung<\/h4>\n<p>Die Verarbeitung der personenbezogenen Daten aus der Eingabemaske dient uns allein zur Bearbeitung der Kontaktaufnahme. Im Falle einer Kontaktaufnahme per E-Mail liegt hieran auch das erforderliche berechtigte Interesse an der Verarbeitung der Daten. Die sonstigen w\u00e4hrend des Absendevorgangs verarbeiteten personenbezogenen Daten dienen dazu, einen Missbrauch des Kontaktformulars zu verhindern und die Sicherheit unserer informationstechnischen Systeme sicherzustellen.<\/p>\n<h4>Dauer der Speicherung<\/h4>\n<p>Die Daten werden gel\u00f6scht, sobald sie f\u00fcr die Erreichung des Zweckes ihrer Erhebung nicht mehr erforderlich sind. F\u00fcr die personenbezogenen Daten aus der Eingabemaske des Kontaktformulars und diejenigen, die per E-Mail \u00fcbersandt wurden, ist dies dann der Fall, wenn die jeweilige Konversation mit dem Nutzer beendet ist. Beendet ist die Konversation dann, wenn sich aus den Umst\u00e4nden entnehmen l\u00e4sst, dass der betroffene Sachverhalt abschlie\u00dfend gekl\u00e4rt ist. Die w\u00e4hrend des Absendevorgangs zus\u00e4tzlich erhobenen personenbezogenen Daten werden nach einer Frist gel\u00f6scht.<\/p>\n<h4>Schutz Ihrer Daten<\/h4>\n<p>Wir sichern unsere Website und IT-Systeme durch angemessene technische und organisatorische Ma\u00dfnahmen zusammen mit unseren Dienstleistern gegen Verlust, Zerst\u00f6rung, unberechtigten Zugriff, Ver\u00e4nderung oder Verbreitung Ihrer Daten durch unbefugte Personen ab. Recht auf Auskunft, Berichtigung, Sperrung, L\u00f6schung von personenbezogenen Daten, Widerspruch und Widerruf von Einwilligungen. Sie haben das Recht, unentgeltlich Auskunft zu den zu Ihrer Person gespeicherten Daten zu erhalten und gegebenenfalls deren L\u00f6schung, Berichtigung oder Sperrung zu verlangen. Von Ihnen erteilte Einwilligungen zur Erhebung, Verarbeitung und\/oder Nutzung personenbezogener Daten k\u00f6nnen Sie jederzeit mit Wirkung f\u00fcr die Zukunft widerrufen.<\/p>\n<p>Wir stehen Ihnen gerne f\u00fcr Fragen zum Thema Datenschutz und zur Verarbeitung Ihrer Daten unter den im <a href=\"https:\/\/threebananasamps.com\/de\/imprint\/\" target=\"_blank\" rel=\"noopener\">IMPRESSUM<\/a> dieser Website genannten Kontaktdaten zur Verf\u00fcgung.<\/p>\n<h3>13. ANPASSUNG DER DATENSCHUTZERKL\u00c4RUNG<\/h3>\n<p>Wir behalten uns das Recht vor, diese Datenschutzerkl\u00e4rung von Zeit zu Zeit zu aktualisieren. Aktualisierungen dieser Datenschutzerkl\u00e4rung werden auf unserer Website ver\u00f6ffentlicht. \u00c4nderungen gelten ab ihrer Publikation auf unserer Website. Wir empfehlen Ihnen daher, diese Seite regelm\u00e4\u00dfig zu besuchen, um sich \u00fcber gegebenenfalls erfolgte Aktualisierungen zu informieren.<\/p>\n<p>&nbsp;<\/p>","protected":false},"excerpt":{"rendered":"<p>Privacy Policy 1. NAME AND ADDRESS OF THE RESPONSIBLE PERSON Responsible within the meaning of the European General Data Protection Regulation (\u201eGDPR&#8221;) is: HEIKENFELD AUDIO SOLUTIONS UG (haftungsbeschr\u00e4nkt), R\u00f6ntgenstr. 1a, 46242 Bottrop, Germany (hereinafter referred to as &#8220;HEIKENFELD AUDIO SOLUTIONS&#8221; or &#8220;we&#8221; or \u201eus&#8221;). 2. GENERAL DATA AND INFORMATION HEIKENFELD [&hellip;]<\/p>\n","protected":false},"author":1,"featured_media":0,"parent":0,"menu_order":0,"comment_status":"closed","ping_status":"closed","template":"page-templates\/full-width-no-title.php","meta":{"inspiro_page_layout":"narrow","inspiro_hide_title":false,"footnotes":""},"class_list":["post-129","page","type-page","status-publish","hentry"],"yoast_head":"<!-- This site is optimized with the Yoast SEO plugin v27.6 - https:\/\/yoast.com\/product\/yoast-seo-wordpress\/ -->\n<title>Privacy Policy - THREE BANANAS AMPLIFICATION<\/title>\n<meta name=\"robots\" content=\"noindex, nofollow\" \/>\n<meta property=\"og:locale\" content=\"de_DE\" \/>\n<meta property=\"og:type\" content=\"article\" \/>\n<meta property=\"og:title\" content=\"Privacy Policy - THREE BANANAS AMPLIFICATION\" \/>\n<meta property=\"og:description\" content=\"Privacy Policy 1. NAME AND ADDRESS OF THE RESPONSIBLE PERSON Responsible within the meaning of the European General Data Protection Regulation (\u201eGDPR&#8221;) is: HEIKENFELD AUDIO SOLUTIONS UG (haftungsbeschr\u00e4nkt), R\u00f6ntgenstr. 1a, 46242 Bottrop, Germany (hereinafter referred to as &#8220;HEIKENFELD AUDIO SOLUTIONS&#8221; or &#8220;we&#8221; or \u201eus&#8221;). 2. GENERAL DATA AND INFORMATION HEIKENFELD [&hellip;]\" \/>\n<meta property=\"og:url\" content=\"https:\/\/threebananasamps.com\/de\/privacy-policy\/\" \/>\n<meta property=\"og:site_name\" content=\"THREE BANANAS AMPLIFICATION\" \/>\n<meta property=\"article:modified_time\" content=\"2025-02-22T07:35:19+00:00\" \/>\n<meta name=\"twitter:card\" content=\"summary_large_image\" \/>\n<meta name=\"twitter:label1\" content=\"Gesch\u00e4tzte Lesezeit\" \/>\n\t<meta name=\"twitter:data1\" content=\"11\u00a0Minuten\" \/>\n<script type=\"application\/ld+json\" class=\"yoast-schema-graph\">{\"@context\":\"https:\\\/\\\/schema.org\",\"@graph\":[{\"@type\":\"WebPage\",\"@id\":\"https:\\\/\\\/threebananasamps.com\\\/privacy-policy\\\/\",\"url\":\"https:\\\/\\\/threebananasamps.com\\\/privacy-policy\\\/\",\"name\":\"Privacy Policy - THREE BANANAS AMPLIFICATION\",\"isPartOf\":{\"@id\":\"https:\\\/\\\/threebananasamps.com\\\/#website\"},\"datePublished\":\"2022-11-03T11:00:30+00:00\",\"dateModified\":\"2025-02-22T07:35:19+00:00\",\"breadcrumb\":{\"@id\":\"https:\\\/\\\/threebananasamps.com\\\/privacy-policy\\\/#breadcrumb\"},\"inLanguage\":\"de\",\"potentialAction\":[{\"@type\":\"ReadAction\",\"target\":[\"https:\\\/\\\/threebananasamps.com\\\/privacy-policy\\\/\"]}]},{\"@type\":\"BreadcrumbList\",\"@id\":\"https:\\\/\\\/threebananasamps.com\\\/privacy-policy\\\/#breadcrumb\",\"itemListElement\":[{\"@type\":\"ListItem\",\"position\":1,\"name\":\"Startseite\",\"item\":\"https:\\\/\\\/threebananasamps.com\\\/\"},{\"@type\":\"ListItem\",\"position\":2,\"name\":\"Privacy Policy\"}]},{\"@type\":\"WebSite\",\"@id\":\"https:\\\/\\\/threebananasamps.com\\\/#website\",\"url\":\"https:\\\/\\\/threebananasamps.com\\\/\",\"name\":\"THREE BANANAS AMPLIFICATION\",\"description\":\"\",\"potentialAction\":[{\"@type\":\"SearchAction\",\"target\":{\"@type\":\"EntryPoint\",\"urlTemplate\":\"https:\\\/\\\/threebananasamps.com\\\/?s={search_term_string}\"},\"query-input\":{\"@type\":\"PropertyValueSpecification\",\"valueRequired\":true,\"valueName\":\"search_term_string\"}}],\"inLanguage\":\"de\"}]}<\/script>\n<!-- \/ Yoast SEO plugin. -->","yoast_head_json":{"title":"Privacy Policy - THREE BANANAS AMPLIFICATION","robots":{"index":"noindex","follow":"nofollow"},"og_locale":"de_DE","og_type":"article","og_title":"Privacy Policy - THREE BANANAS AMPLIFICATION","og_description":"Privacy Policy 1. NAME AND ADDRESS OF THE RESPONSIBLE PERSON Responsible within the meaning of the European General Data Protection Regulation (\u201eGDPR&#8221;) is: HEIKENFELD AUDIO SOLUTIONS UG (haftungsbeschr\u00e4nkt), R\u00f6ntgenstr. 1a, 46242 Bottrop, Germany (hereinafter referred to as &#8220;HEIKENFELD AUDIO SOLUTIONS&#8221; or &#8220;we&#8221; or \u201eus&#8221;). 2. GENERAL DATA AND INFORMATION HEIKENFELD [&hellip;]","og_url":"https:\/\/threebananasamps.com\/de\/privacy-policy\/","og_site_name":"THREE BANANAS AMPLIFICATION","article_modified_time":"2025-02-22T07:35:19+00:00","twitter_card":"summary_large_image","twitter_misc":{"Gesch\u00e4tzte Lesezeit":"11\u00a0Minuten"},"schema":{"@context":"https:\/\/schema.org","@graph":[{"@type":"WebPage","@id":"https:\/\/threebananasamps.com\/privacy-policy\/","url":"https:\/\/threebananasamps.com\/privacy-policy\/","name":"Privacy Policy - THREE BANANAS AMPLIFICATION","isPartOf":{"@id":"https:\/\/threebananasamps.com\/#website"},"datePublished":"2022-11-03T11:00:30+00:00","dateModified":"2025-02-22T07:35:19+00:00","breadcrumb":{"@id":"https:\/\/threebananasamps.com\/privacy-policy\/#breadcrumb"},"inLanguage":"de","potentialAction":[{"@type":"ReadAction","target":["https:\/\/threebananasamps.com\/privacy-policy\/"]}]},{"@type":"BreadcrumbList","@id":"https:\/\/threebananasamps.com\/privacy-policy\/#breadcrumb","itemListElement":[{"@type":"ListItem","position":1,"name":"Startseite","item":"https:\/\/threebananasamps.com\/"},{"@type":"ListItem","position":2,"name":"Privacy Policy"}]},{"@type":"WebSite","@id":"https:\/\/threebananasamps.com\/#website","url":"https:\/\/threebananasamps.com\/","name":"THREE BANANAS AMPLIFICATION","description":"","potentialAction":[{"@type":"SearchAction","target":{"@type":"EntryPoint","urlTemplate":"https:\/\/threebananasamps.com\/?s={search_term_string}"},"query-input":{"@type":"PropertyValueSpecification","valueRequired":true,"valueName":"search_term_string"}}],"inLanguage":"de"}]}},"_links":{"self":[{"href":"https:\/\/threebananasamps.com\/de\/wp-json\/wp\/v2\/pages\/129","targetHints":{"allow":["GET"]}}],"collection":[{"href":"https:\/\/threebananasamps.com\/de\/wp-json\/wp\/v2\/pages"}],"about":[{"href":"https:\/\/threebananasamps.com\/de\/wp-json\/wp\/v2\/types\/page"}],"author":[{"embeddable":true,"href":"https:\/\/threebananasamps.com\/de\/wp-json\/wp\/v2\/users\/1"}],"replies":[{"embeddable":true,"href":"https:\/\/threebananasamps.com\/de\/wp-json\/wp\/v2\/comments?post=129"}],"version-history":[{"count":0,"href":"https:\/\/threebananasamps.com\/de\/wp-json\/wp\/v2\/pages\/129\/revisions"}],"wp:attachment":[{"href":"https:\/\/threebananasamps.com\/de\/wp-json\/wp\/v2\/media?parent=129"}],"curies":[{"name":"wp","href":"https:\/\/api.w.org\/{rel}","templated":true}]}}