{"id":2471,"date":"2022-12-07T06:50:26","date_gmt":"2022-12-07T06:50:26","guid":{"rendered":"https:\/\/threebananasamps.com\/?page_id=2471"},"modified":"2026-05-06T20:07:52","modified_gmt":"2026-05-06T18:07:52","slug":"dealers","status":"publish","type":"page","link":"https:\/\/threebananasamps.com\/de\/dealers\/","title":{"rendered":"H\u00e4ndler"},"content":{"rendered":"<h1>\n\t\t\t\t\tDEALERS &amp; SHOWROOMS\n\t\t\t\t<\/h1>\n\t<p>Here&#8217;s a list of actual Dealers and Showrooms where you can test and purchase our products. We are happy to assist you and answer all your questions. Please note you can also buy our products through our online shop on this website.<\/p>\n\t<h4>\n\t\t\t\t\tBELGIUM\n\t\t\t\t<\/h4>\n\t<a href=\"https:\/\/www.groovestreet98.com\/\" target=\"_blank\" rel=\"noopener\">GROOVE STREET 98 GUITAR SHOP<\/a><br \/>\nKoningsstraat 59 Rue Royale<br \/>\n1000 Br\u00fcssel<br \/>\nBelgien\n<p>Groove Street 98 ist der letzte unabh\u00e4ngige, in belgischem Besitz befindliche Guitar Shop in Br\u00fcssel, mit einer reichen Geschichte und Erfahrung im Verkauf von Musikinstrumenten in Br\u00fcssel und Umland. Mitten im pulsierenden F\u00fcnfeck der Stadt, bietet Groove Street 98 ein unvergleichliches Erlebnis f\u00fcr Musiker jeglicher Erfahrung und musikalischer Vorlieben.<\/p>\n\t<h4>\n\t\t\t\t\tGERMANY\n\t\t\t\t<\/h4>\n\t<a href=\"https:\/\/threebananasamps.com\/de\/\">THREE BANANAS AMPLIFICATION<\/a><br \/>\nSHOWROOM<br \/>\nHornstra\u00dfe 36<br \/>\n45964 Gladbeck<br \/>\nDeutschland\n<p>Wir haben einen eigenen Ausstellungsraum, in dem ihr unsere Verst\u00e4rker und Boxen testen k\u00f6nnt. Ihr k\u00f6nnt sogar eure Band mitbringen! Wir haben eine Reihe von Instrumenten und Verst\u00e4rkern zur Auswahl. Der Showroom ist nur nach Vereinbarung ge\u00f6ffnet. Bitte nehmt <a href=\"https:\/\/threebananasamps.com\/de\/contact\/\">KONTAKT<\/a> mit uns auf und wir machen einen pers\u00f6nlichen Termin!<\/p>\n<p>&nbsp;<\/p>\n<a href=\"https:\/\/fabianbahnenguitars.de\" target=\"_blank\" rel=\"noopener\">FABIAN BAHNEN GUITARS<\/a><br \/>\nBerger Feld 22<br \/>\n41334 Nettetal<br \/>\nDeutschland\n<p>Fabian Bahnen Guitars stands for uncompromising craftsmanship, carefully selected premium materials, and a tone that truly inspires. Every guitar is built with precision, passion, and attention to detail &#8211; for musicians who don&#8217;t just play, but create their own sound.<\/p>\n<p>Fabian hat nicht nur gro\u00dfartige Gitarren, sondern auch einen <a href=\"https:\/\/threebananasamps.com\/de\/beausonic\/?trp-edit-translation=preview\" target=\"_self\" data-trp-original-href=\"https:\/\/threebananasamps.com\/beausonic\/\" data-trp-original-target=\"_self\">BEAUSONIC<\/a> zum Antesten bereit.<\/p>","protected":false},"excerpt":{"rendered":"<p>DEALERS &amp; SHOWROOMS Here&#8217;s a list of actual Dealers and Showrooms where you can test and purchase our products. We are happy to assist you and answer all your questions. Please note you can also buy our products through our online shop on this website. BELGIUM GROOVE STREET 98 GUITAR [&hellip;]<\/p>\n","protected":false},"author":1,"featured_media":0,"parent":0,"menu_order":0,"comment_status":"closed","ping_status":"closed","template":"page-templates\/full-width-no-title.php","meta":{"inspiro_page_layout":"narrow","inspiro_hide_title":false,"footnotes":""},"class_list":["post-2471","page","type-page","status-publish","hentry"],"yoast_head":"<!-- This site is optimized with the Yoast SEO plugin v27.6 - https:\/\/yoast.com\/product\/yoast-seo-wordpress\/ -->\n<title>Dealers and Showrooms - THREE BANANAS AMPLIFICATION<\/title>\n<meta name=\"description\" content=\"A list of actual Dealers and Showrooms where you can test and purchase our products. We are happy to assist you and answer all your questions.\" \/>\n<meta name=\"robots\" content=\"index, follow, max-snippet:-1, max-image-preview:large, max-video-preview:-1\" \/>\n<link rel=\"canonical\" href=\"https:\/\/threebananasamps.com\/de\/dealers\/\" \/>\n<meta property=\"og:locale\" content=\"de_DE\" \/>\n<meta property=\"og:type\" content=\"article\" \/>\n<meta property=\"og:title\" content=\"Dealers and Showrooms - THREE BANANAS AMPLIFICATION\" \/>\n<meta property=\"og:description\" content=\"A list of actual Dealers and Showrooms where you can test and purchase our products. We are happy to assist you and answer all your questions.\" \/>\n<meta property=\"og:url\" content=\"https:\/\/threebananasamps.com\/de\/dealers\/\" \/>\n<meta property=\"og:site_name\" content=\"THREE BANANAS AMPLIFICATION\" \/>\n<meta property=\"article:modified_time\" content=\"2026-05-06T18:07:52+00:00\" \/>\n<meta name=\"twitter:card\" content=\"summary_large_image\" \/>\n<meta name=\"twitter:label1\" content=\"Gesch\u00e4tzte Lesezeit\" \/>\n\t<meta name=\"twitter:data1\" content=\"1\u00a0Minute\" \/>\n<script type=\"application\/ld+json\" class=\"yoast-schema-graph\">{\"@context\":\"https:\\\/\\\/schema.org\",\"@graph\":[{\"@type\":\"WebPage\",\"@id\":\"https:\\\/\\\/threebananasamps.com\\\/dealers\\\/\",\"url\":\"https:\\\/\\\/threebananasamps.com\\\/dealers\\\/\",\"name\":\"Dealers and Showrooms - THREE BANANAS AMPLIFICATION\",\"isPartOf\":{\"@id\":\"https:\\\/\\\/threebananasamps.com\\\/#website\"},\"datePublished\":\"2022-12-07T06:50:26+00:00\",\"dateModified\":\"2026-05-06T18:07:52+00:00\",\"description\":\"A list of actual Dealers and Showrooms where you can test and purchase our products. We are happy to assist you and answer all your questions.\",\"breadcrumb\":{\"@id\":\"https:\\\/\\\/threebananasamps.com\\\/dealers\\\/#breadcrumb\"},\"inLanguage\":\"de\",\"potentialAction\":[{\"@type\":\"ReadAction\",\"target\":[\"https:\\\/\\\/threebananasamps.com\\\/dealers\\\/\"]}]},{\"@type\":\"BreadcrumbList\",\"@id\":\"https:\\\/\\\/threebananasamps.com\\\/dealers\\\/#breadcrumb\",\"itemListElement\":[{\"@type\":\"ListItem\",\"position\":1,\"name\":\"Startseite\",\"item\":\"https:\\\/\\\/threebananasamps.com\\\/\"},{\"@type\":\"ListItem\",\"position\":2,\"name\":\"Dealers\"}]},{\"@type\":\"WebSite\",\"@id\":\"https:\\\/\\\/threebananasamps.com\\\/#website\",\"url\":\"https:\\\/\\\/threebananasamps.com\\\/\",\"name\":\"THREE BANANAS AMPLIFICATION\",\"description\":\"\",\"potentialAction\":[{\"@type\":\"SearchAction\",\"target\":{\"@type\":\"EntryPoint\",\"urlTemplate\":\"https:\\\/\\\/threebananasamps.com\\\/?s={search_term_string}\"},\"query-input\":{\"@type\":\"PropertyValueSpecification\",\"valueRequired\":true,\"valueName\":\"search_term_string\"}}],\"inLanguage\":\"de\"}]}<\/script>\n<!-- \/ Yoast SEO plugin. -->","yoast_head_json":{"title":"Dealers and Showrooms - THREE BANANAS AMPLIFICATION","description":"A list of actual Dealers and Showrooms where you can test and purchase our products. We are happy to assist you and answer all your questions.","robots":{"index":"index","follow":"follow","max-snippet":"max-snippet:-1","max-image-preview":"max-image-preview:large","max-video-preview":"max-video-preview:-1"},"canonical":"https:\/\/threebananasamps.com\/de\/dealers\/","og_locale":"de_DE","og_type":"article","og_title":"Dealers and Showrooms - THREE BANANAS AMPLIFICATION","og_description":"A list of actual Dealers and Showrooms where you can test and purchase our products. We are happy to assist you and answer all your questions.","og_url":"https:\/\/threebananasamps.com\/de\/dealers\/","og_site_name":"THREE BANANAS AMPLIFICATION","article_modified_time":"2026-05-06T18:07:52+00:00","twitter_card":"summary_large_image","twitter_misc":{"Gesch\u00e4tzte Lesezeit":"1\u00a0Minute"},"schema":{"@context":"https:\/\/schema.org","@graph":[{"@type":"WebPage","@id":"https:\/\/threebananasamps.com\/dealers\/","url":"https:\/\/threebananasamps.com\/dealers\/","name":"Dealers and Showrooms - THREE BANANAS AMPLIFICATION","isPartOf":{"@id":"https:\/\/threebananasamps.com\/#website"},"datePublished":"2022-12-07T06:50:26+00:00","dateModified":"2026-05-06T18:07:52+00:00","description":"A list of actual Dealers and Showrooms where you can test and purchase our products. We are happy to assist you and answer all your questions.","breadcrumb":{"@id":"https:\/\/threebananasamps.com\/dealers\/#breadcrumb"},"inLanguage":"de","potentialAction":[{"@type":"ReadAction","target":["https:\/\/threebananasamps.com\/dealers\/"]}]},{"@type":"BreadcrumbList","@id":"https:\/\/threebananasamps.com\/dealers\/#breadcrumb","itemListElement":[{"@type":"ListItem","position":1,"name":"Startseite","item":"https:\/\/threebananasamps.com\/"},{"@type":"ListItem","position":2,"name":"Dealers"}]},{"@type":"WebSite","@id":"https:\/\/threebananasamps.com\/#website","url":"https:\/\/threebananasamps.com\/","name":"THREE BANANAS AMPLIFICATION","description":"","potentialAction":[{"@type":"SearchAction","target":{"@type":"EntryPoint","urlTemplate":"https:\/\/threebananasamps.com\/?s={search_term_string}"},"query-input":{"@type":"PropertyValueSpecification","valueRequired":true,"valueName":"search_term_string"}}],"inLanguage":"de"}]}},"_links":{"self":[{"href":"https:\/\/threebananasamps.com\/de\/wp-json\/wp\/v2\/pages\/2471","targetHints":{"allow":["GET"]}}],"collection":[{"href":"https:\/\/threebananasamps.com\/de\/wp-json\/wp\/v2\/pages"}],"about":[{"href":"https:\/\/threebananasamps.com\/de\/wp-json\/wp\/v2\/types\/page"}],"author":[{"embeddable":true,"href":"https:\/\/threebananasamps.com\/de\/wp-json\/wp\/v2\/users\/1"}],"replies":[{"embeddable":true,"href":"https:\/\/threebananasamps.com\/de\/wp-json\/wp\/v2\/comments?post=2471"}],"version-history":[{"count":2,"href":"https:\/\/threebananasamps.com\/de\/wp-json\/wp\/v2\/pages\/2471\/revisions"}],"predecessor-version":[{"id":7106,"href":"https:\/\/threebananasamps.com\/de\/wp-json\/wp\/v2\/pages\/2471\/revisions\/7106"}],"wp:attachment":[{"href":"https:\/\/threebananasamps.com\/de\/wp-json\/wp\/v2\/media?parent=2471"}],"curies":[{"name":"wp","href":"https:\/\/api.w.org\/{rel}","templated":true}]}}