{"id":7048,"date":"2026-04-09T09:20:39","date_gmt":"2026-04-09T07:20:39","guid":{"rendered":"https:\/\/threebananasamps.com\/?page_id=7048"},"modified":"2026-04-14T17:26:56","modified_gmt":"2026-04-14T15:26:56","slug":"gbspecial202604","status":"publish","type":"page","link":"https:\/\/threebananasamps.com\/de\/gbspecial202604\/","title":{"rendered":"Welcome GB Special"},"content":{"rendered":"<p>Hello and welcome, thanks for visiting our website and shop!\u00a0Our tube guitar amplifiers and cabinets are Made in Germany, developed and build of highest quality and value, with greatest passion and care. Our gear might sound and feel a bit different than the other stuff that is out there. That&#8217;s what is driving us. That&#8217;s what will inspire you!<\/p>\n<p>Wir verschicken regelm\u00e4\u00dfig Neuigkeiten und Aktualisierungen zu unseren Produkten. Wenn du magst, dann kannst du dich hier f\u00fcr unseren <a href=\"https:\/\/threebananasamps.com\/de\/#newsletter-form\">NEWSLETTER<\/a> now.\u00a0If you have any questions, if you would like to try out or products, please don&#8217;t hesitate to <a href=\"https:\/\/threebananasamps.com\/de\/contact\/\">KONTAKT<\/a> auf.<\/p>\n\t<h2>\n\t\t\t\t\tEXCELSIOR DELUXE GUITAR AMPLIFIER\n\t\t\t\t<\/h2>\n\t<p>Hier ist eine aufregende neue Kreation von Three Bananas Amps. F\u00fcr alle, die auf der Suche nach einem kompakten, einkanaligen Vollr\u00f6hren-Gitarrenverst\u00e4rker f\u00fcr daheim, Proberaum, B\u00fchne oder Studio sind, ist dies die richtige Wahl: der Excelsior Deluxe. Excelsior Deluxe bietet unverf\u00e4lschte Cleansounds, eine perfekte Pedalplattform und einen exklusiv entwickelten Federhall und Tremolo.<\/p>\n\n\t\t\t<a  href=\"https:\/\/threebananasamps.com\/de\/excelsior\/\" target=\"_self\" role=\"button\">\n\t\t\t\t\t\tEXCELSIOR DELUXE ANSCHAUEN\n\t\t<\/a>\n\t<h2>\n\t\t\t\t\tBEAUSONIC GITARRENVERST\u00c4RKER\n\t\t\t\t<\/h2>\n\t<p>Beausonic bietet eine gro\u00dfartige Wiedergabe der Transienten und eine hohe Anschlagsdynamik, w\u00e4hrend die gesamte Gain-Struktur einen sehr s\u00fc\u00dfen und harmonischen, aber dennoch transparenten Overdrive erzeugt. Dabei bringt unsere EF86 Pentodenschaltung jedes Detail Ihres Spiels au\u00dfergew\u00f6hnlich gut zur Geltung. Mit 35 Watt und Auto-Bias, sowie einer fantastischen Skalierbarkeit der Laust\u00e4rke, ist Beausonic perfekt f\u00fcr verschiedene Musikstile von Jazz, Blues und Funk bis hin zu Pop, Indie und Rockmusik.<\/p>\n\n\t\t\t<a  href=\"https:\/\/threebananasamps.com\/de\/beausonic\/\" target=\"_self\" role=\"button\">\n\t\t\t\t\t\tBEAUSONIC ANSCHAUEN\n\t\t<\/a>\n\t<h2>\n\t\t\t\t\tGALAKTOPUS GITARRENVERST\u00c4RKER\n\t\t\t\t<\/h2>\n\t<p>Our 50 Watts guitar amp Galaktopus is the workhorse for those who are looking for a very versatile amp with one of the best sounding clean and drive channels available on the market. Galaktopus is a great choice for various styles of music from pop, funk and classic rock up to indie, alternative music, stoner rock and metal (psst, this thing is also riff-machine&#8230;!).<\/p>\n\n\t\t\t<a  href=\"https:\/\/threebananasamps.com\/de\/galaktopus\/\" target=\"_self\" role=\"button\">\n\t\t\t\t\t\tGALAKTOPUS ANSCHAUEN\n\t\t<\/a>\n\t<h2>\n\t\t\t\t\tGITARRENBOXEN\n\t\t\t\t<\/h2>\n\t<p>Our guitar cabinets are designed to be the best companion to our amplifiers. We have cabinets in a variety of sizes and options, starting from medium sized 1&#215;15&#8243; and 2&#215;10&#8243; to larger 2&#215;12&#8243; and 4&#215;10&#8243;.<\/p>\n<p>Looking for something special? Meet the dual-threat cabinet &#8211; a two speaker cabinet that breaks the mold by pairing a 10&#8243; speaker with a 12&#8243; speaker for a sound that&#8217;s as unique as your playing.<\/p>\n<p>Alle Boxen haben eine variable R\u00fcckwand, die es Dir erm\u00f6glicht, Deine Box in Sekundenschnelle von offen auf geschlossen umzustellen. Unsere Boxen werden in Deutschland entwickelt und hergestellt, und werden aus baltischem Birkenholz von h\u00f6chster Qualit\u00e4t gefertigt.<\/p>\n\t\t\t<a  href=\"https:\/\/threebananasamps.com\/de\/cabinets\/\" target=\"_self\" role=\"button\">\n\t\t\t\t\t\tGITARRENBOXEN ANSCHAUEN\n\t\t<\/a>","protected":false},"excerpt":{"rendered":"<p>Hello and welcome, thanks for visiting our website and shop!\u00a0Our tube guitar amplifiers and cabinets are Made in Germany, developed and build of highest quality and value, with greatest passion and care. Our gear might sound and feel a bit different than the other stuff that is out there. That&#8217;s [&hellip;]<\/p>\n","protected":false},"author":1,"featured_media":0,"parent":0,"menu_order":0,"comment_status":"closed","ping_status":"closed","template":"page-templates\/homepage-builder-bb.php","meta":{"inspiro_page_layout":"full-width","inspiro_hide_title":false,"footnotes":""},"class_list":["post-7048","page","type-page","status-publish","hentry"],"yoast_head":"<!-- This site is optimized with the Yoast SEO plugin v27.5 - https:\/\/yoast.com\/product\/yoast-seo-wordpress\/ -->\n<title>Tube Guitar Amplifiers and Cabinets - Three Bananas Amplification<\/title>\n<meta name=\"description\" content=\"Our tube guitar amplifiers and cabinets made in Germany, developed and build of highest quality and value, with greatest passion and care.\" \/>\n<meta name=\"robots\" content=\"index, follow, max-snippet:-1, max-image-preview:large, max-video-preview:-1\" \/>\n<link rel=\"canonical\" href=\"https:\/\/threebananasamps.com\/de\/gbspecial202604\/\" \/>\n<meta property=\"og:locale\" content=\"de_DE\" \/>\n<meta property=\"og:type\" content=\"article\" \/>\n<meta property=\"og:title\" content=\"Tube Guitar Amplifiers and Cabinets - Three Bananas Amplification\" \/>\n<meta property=\"og:description\" content=\"Our tube guitar amplifiers and cabinets made in Germany, developed and build of highest quality and value, with greatest passion and care.\" \/>\n<meta property=\"og:url\" content=\"https:\/\/threebananasamps.com\/de\/gbspecial202604\/\" \/>\n<meta property=\"og:site_name\" content=\"THREE BANANAS AMPLIFICATION\" \/>\n<meta property=\"article:modified_time\" content=\"2026-04-14T15:26:56+00:00\" \/>\n<meta name=\"twitter:card\" content=\"summary_large_image\" \/>\n<meta name=\"twitter:label1\" content=\"Gesch\u00e4tzte Lesezeit\" \/>\n\t<meta name=\"twitter:data1\" content=\"2\u00a0Minuten\" \/>\n<script type=\"application\/ld+json\" class=\"yoast-schema-graph\">{\"@context\":\"https:\\\/\\\/schema.org\",\"@graph\":[{\"@type\":\"WebPage\",\"@id\":\"https:\\\/\\\/threebananasamps.com\\\/gbspecial202604\\\/\",\"url\":\"https:\\\/\\\/threebananasamps.com\\\/gbspecial202604\\\/\",\"name\":\"Tube Guitar Amplifiers and Cabinets - Three Bananas Amplification\",\"isPartOf\":{\"@id\":\"https:\\\/\\\/threebananasamps.com\\\/#website\"},\"datePublished\":\"2026-04-09T07:20:39+00:00\",\"dateModified\":\"2026-04-14T15:26:56+00:00\",\"description\":\"Our tube guitar amplifiers and cabinets made in Germany, developed and build of highest quality and value, with greatest passion and care.\",\"breadcrumb\":{\"@id\":\"https:\\\/\\\/threebananasamps.com\\\/gbspecial202604\\\/#breadcrumb\"},\"inLanguage\":\"de\",\"potentialAction\":[{\"@type\":\"ReadAction\",\"target\":[\"https:\\\/\\\/threebananasamps.com\\\/gbspecial202604\\\/\"]}]},{\"@type\":\"BreadcrumbList\",\"@id\":\"https:\\\/\\\/threebananasamps.com\\\/gbspecial202604\\\/#breadcrumb\",\"itemListElement\":[{\"@type\":\"ListItem\",\"position\":1,\"name\":\"Startseite\",\"item\":\"https:\\\/\\\/threebananasamps.com\\\/\"},{\"@type\":\"ListItem\",\"position\":2,\"name\":\"Welcome GB Special\"}]},{\"@type\":\"WebSite\",\"@id\":\"https:\\\/\\\/threebananasamps.com\\\/#website\",\"url\":\"https:\\\/\\\/threebananasamps.com\\\/\",\"name\":\"THREE BANANAS AMPLIFICATION\",\"description\":\"\",\"potentialAction\":[{\"@type\":\"SearchAction\",\"target\":{\"@type\":\"EntryPoint\",\"urlTemplate\":\"https:\\\/\\\/threebananasamps.com\\\/?s={search_term_string}\"},\"query-input\":{\"@type\":\"PropertyValueSpecification\",\"valueRequired\":true,\"valueName\":\"search_term_string\"}}],\"inLanguage\":\"de\"}]}<\/script>\n<!-- \/ Yoast SEO plugin. -->","yoast_head_json":{"title":"Tube Guitar Amplifiers and Cabinets - Three Bananas Amplification","description":"Our tube guitar amplifiers and cabinets made in Germany, developed and build of highest quality and value, with greatest passion and care.","robots":{"index":"index","follow":"follow","max-snippet":"max-snippet:-1","max-image-preview":"max-image-preview:large","max-video-preview":"max-video-preview:-1"},"canonical":"https:\/\/threebananasamps.com\/de\/gbspecial202604\/","og_locale":"de_DE","og_type":"article","og_title":"Tube Guitar Amplifiers and Cabinets - Three Bananas Amplification","og_description":"Our tube guitar amplifiers and cabinets made in Germany, developed and build of highest quality and value, with greatest passion and care.","og_url":"https:\/\/threebananasamps.com\/de\/gbspecial202604\/","og_site_name":"THREE BANANAS AMPLIFICATION","article_modified_time":"2026-04-14T15:26:56+00:00","twitter_card":"summary_large_image","twitter_misc":{"Gesch\u00e4tzte Lesezeit":"2\u00a0Minuten"},"schema":{"@context":"https:\/\/schema.org","@graph":[{"@type":"WebPage","@id":"https:\/\/threebananasamps.com\/gbspecial202604\/","url":"https:\/\/threebananasamps.com\/gbspecial202604\/","name":"Tube Guitar Amplifiers and Cabinets - Three Bananas Amplification","isPartOf":{"@id":"https:\/\/threebananasamps.com\/#website"},"datePublished":"2026-04-09T07:20:39+00:00","dateModified":"2026-04-14T15:26:56+00:00","description":"Our tube guitar amplifiers and cabinets made in Germany, developed and build of highest quality and value, with greatest passion and care.","breadcrumb":{"@id":"https:\/\/threebananasamps.com\/gbspecial202604\/#breadcrumb"},"inLanguage":"de","potentialAction":[{"@type":"ReadAction","target":["https:\/\/threebananasamps.com\/gbspecial202604\/"]}]},{"@type":"BreadcrumbList","@id":"https:\/\/threebananasamps.com\/gbspecial202604\/#breadcrumb","itemListElement":[{"@type":"ListItem","position":1,"name":"Startseite","item":"https:\/\/threebananasamps.com\/"},{"@type":"ListItem","position":2,"name":"Welcome GB Special"}]},{"@type":"WebSite","@id":"https:\/\/threebananasamps.com\/#website","url":"https:\/\/threebananasamps.com\/","name":"THREE BANANAS AMPLIFICATION","description":"","potentialAction":[{"@type":"SearchAction","target":{"@type":"EntryPoint","urlTemplate":"https:\/\/threebananasamps.com\/?s={search_term_string}"},"query-input":{"@type":"PropertyValueSpecification","valueRequired":true,"valueName":"search_term_string"}}],"inLanguage":"de"}]}},"_links":{"self":[{"href":"https:\/\/threebananasamps.com\/de\/wp-json\/wp\/v2\/pages\/7048","targetHints":{"allow":["GET"]}}],"collection":[{"href":"https:\/\/threebananasamps.com\/de\/wp-json\/wp\/v2\/pages"}],"about":[{"href":"https:\/\/threebananasamps.com\/de\/wp-json\/wp\/v2\/types\/page"}],"author":[{"embeddable":true,"href":"https:\/\/threebananasamps.com\/de\/wp-json\/wp\/v2\/users\/1"}],"replies":[{"embeddable":true,"href":"https:\/\/threebananasamps.com\/de\/wp-json\/wp\/v2\/comments?post=7048"}],"version-history":[{"count":2,"href":"https:\/\/threebananasamps.com\/de\/wp-json\/wp\/v2\/pages\/7048\/revisions"}],"predecessor-version":[{"id":7088,"href":"https:\/\/threebananasamps.com\/de\/wp-json\/wp\/v2\/pages\/7048\/revisions\/7088"}],"wp:attachment":[{"href":"https:\/\/threebananasamps.com\/de\/wp-json\/wp\/v2\/media?parent=7048"}],"curies":[{"name":"wp","href":"https:\/\/api.w.org\/{rel}","templated":true}]}}