{"id":802,"date":"2023-02-21T08:30:17","date_gmt":"2023-02-21T08:30:17","guid":{"rendered":"https:\/\/threebananasamps.com\/?page_id=802"},"modified":"2026-05-07T10:20:29","modified_gmt":"2026-05-07T08:20:29","slug":"cabinets","status":"publish","type":"page","link":"https:\/\/threebananasamps.com\/de\/cabinets\/","title":{"rendered":"Guitar Cabinets"},"content":{"rendered":"<h1>\n\t\t\t\t\tGITARRENBOXEN\n\t\t\t\t<\/h1>\n\t<h2>\n\t\t\t\t\t2&#215;12&#8243; CABINET VARIABLE BACK\n\t\t\t\t<\/h2>\n\t\t\t<p>BALTISCHE BIRKE<\/p>\t\t\n\t<p>\u00dcbergro\u00dfe 2\u00d712\u2033-Gitarrenbox mit abgeschr\u00e4gter Front und variabler R\u00fcckwand. Der Sound kommt einer 4\u00d712\u2033 sehr nahe, aber bei kleinerer Gr\u00f6\u00dfe und weniger Gewicht. Die diagonale Anordnung der Lautsprecher verbessert zusammen mit der schr\u00e4gen Front das Abstrahlverhalten, so dass du dich auch auf kurze Distanz noch gut h\u00f6ren kannst. Das Geh\u00e4use ist komplett aus baltischer Birke gefertigt und die Konstruktion mit Fingerzinken sorgt f\u00fcr einen klassischen Sound mit halbresonanter Ansprache. Die variable R\u00fcckwand bietet Dir maximale klangliche Flexibilit\u00e4t:<\/p>\n<p>Bei offener R\u00fcckwand klingt die Box offener und nat\u00fcrlicher. Der Schall strahlt auch von der R\u00fcckseite ab und wird somit raumf\u00fcllender. In einer Live-Situation ohne Monitoring kann dieses Setup auch deinen Bandkollegen helfen. Beim Recording kann die Box auch von hinten abgenommen werden.<\/p>\n<p>Bei geschlossener R\u00fcckwand breitet sich der Schall \u00fcberwiegend nach vorne aus. Der Klang wird artikulierter mit mehr Punch und Definition. Auf der B\u00fchne kommt dies der akustischen Trennung zugute, w\u00e4hrend maximaler Druck und Definition vielleicht genau das ist, was du f\u00fcr deine Aufnahmen brauchst.<\/p>\n<p>Diese Box ist eine sehr gute Wahl f\u00fcr\u00a0<a href=\"https:\/\/threebananasamps.com\/de\/beausonic\/\" target=\"_blank\" rel=\"noopener\">BEAUSONIC,\u00a0<\/a><a href=\"https:\/\/threebananasamps.com\/de\/galaktopus\/\" target=\"_blank\" rel=\"noopener\">GALAKTOPUS<\/a>\u00a0und\u00a0<a href=\"https:\/\/threebananasamps.com\/de\/excelsior\/\" target=\"_blank\" rel=\"noopener\">EXCELSIOR<\/a>. Wie alle unsere Produkte wird auch diese Gitarrenbox in Deutschland entwickelt und gefertigt und mit ausgew\u00e4hlten Materialien von h\u00f6chster Qualit\u00e4t gebaut. Das baltische Birkenholz stammt aus Polen und ist zu 100% PEFC-zertifiziert.<\/p>\n\tLautsprecher: Celestion, Jensen and WGS (andere auf Anfrage)<br \/>\nImpedanz: 8 Ohm (andere auf Anfrage)<br \/>\nAbmessungen: 670 x 670 x 300 mm (Breite x Tiefe x H\u00f6he)<br \/>\nGewicht: 25,5 kg (typisch)<br \/>\nFinish: siehe unten\n\t\t\t<a  href=\"https:\/\/threebananasamps.com\/de\/produkt\/cabinet-2x12-vari-back\/\" target=\"_self\" role=\"button\">\n\t\t\t\t\t\tDIESE BOX KAUFEN\n\t\t<\/a>\n\t<h2>\n\t\t\t\t\t4&#215;10&#8243; CABINET VARIABLE BACK\n\t\t\t\t<\/h2>\n\t\t\t<p>BALTISCHE BIRKE<\/p>\t\t\n\t<p>4\u00d710\u2033 guitar cabinet with slanted front and variable back. The better 4&#215;12, smaller, lighter, more versatile but similar pressure. The slanted front allows you to hear your tone even at short distances. The cabinet is made entirely of baltic birch and the overall construction with box joints provides a classic sound with a semi-resonant response. The variable back gives you maximum tonal flexibility:<\/p>\n<p>Bei offener R\u00fcckwand klingt die Box offener und nat\u00fcrlicher. Der Schall strahlt auch von der R\u00fcckseite ab und wird somit raumf\u00fcllender. In einer Live-Situation ohne Monitoring kann dieses Setup auch deinen Bandkollegen helfen. Beim Recording kann die Box auch von hinten abgenommen werden.<\/p>\n<p>Bei geschlossener R\u00fcckwand breitet sich der Schall \u00fcberwiegend nach vorne aus. Der Klang wird artikulierter mit mehr Punch und Definition. Auf der B\u00fchne kommt dies der akustischen Trennung zugute, w\u00e4hrend maximaler Druck und Definition vielleicht genau das ist, was du f\u00fcr deine Aufnahmen brauchst.<\/p>\n<p>Diese Box ist eine sehr gute Wahl f\u00fcr\u00a0<a href=\"https:\/\/threebananasamps.com\/de\/beausonic\/\" target=\"_blank\" rel=\"noopener\">BEAUSONIC,\u00a0<\/a><a href=\"https:\/\/threebananasamps.com\/de\/galaktopus\/\" target=\"_blank\" rel=\"noopener\">GALAKTOPUS<\/a>\u00a0und\u00a0<a href=\"https:\/\/threebananasamps.com\/de\/excelsior\/\" target=\"_blank\" rel=\"noopener\">EXCELSIOR<\/a>. Wie alle unsere Produkte wird auch diese Gitarrenbox in Deutschland entwickelt und gefertigt und mit ausgew\u00e4hlten Materialien von h\u00f6chster Qualit\u00e4t gebaut. Das baltische Birkenholz stammt aus Polen und ist zu 100% PEFC-zertifiziert.<\/p>\n\tLautsprecher: Celestion, Jensen and WGS (andere auf Anfrage)<br \/>\nImpedanz: 8 Ohm (andere auf Anfrage)<br \/>\nAbmessungen: 670 x 670 x 300 mm (Breite x Tiefe x H\u00f6he)<br \/>\nGewicht: 25,5 kg (typisch)<br \/>\nFinish: siehe unten\n\t\t\t<a  href=\"https:\/\/threebananasamps.com\/de\/produkt\/cabinet-4x10-variable-back\/\" target=\"_self\" role=\"button\">\n\t\t\t\t\t\tDIESE BOX KAUFEN\n\t\t<\/a>\n\t<h2>\n\t\t\t\t\t1&#215;15&#8243; CABINET VARIABLE BACK\n\t\t\t\t<\/h2>\n\t\t\t<p>BALTISCHE BIRKE<\/p>\t\t\n\t<p>\u00dcbergro\u00dfe 15\u2033-Gitarrenbox mit abgeschr\u00e4gter Front und variabler R\u00fcckwand. \u00dcberraschend vielseitig! Erweiterter Frequenzbereich bei excellenter Definition \u00fcber das gesamte Frequenzspektrum. Die abgeschr\u00e4gte Front sorgt daf\u00fcr,  dass du dich auch auf kurze Distanz noch gut h\u00f6ren kannst. Das Geh\u00e4use ist komplett aus baltischer Birke gefertigt und die Konstruktion mit Fingerzinken sorgt f\u00fcr einen klassischen Sound mit halbresonanter Ansprache. Die variable R\u00fcckwand bietet Dir maximale klangliche Flexibilit\u00e4t.<\/p>\n<p>Diese Box ist eine sehr gute Wahl f\u00fcr <a href=\"https:\/\/threebananasamps.com\/de\/beausonic\/\" target=\"_blank\" rel=\"noopener\">BEAUSONIC, <\/a><a href=\"https:\/\/threebananasamps.com\/de\/galaktopus\/\">GALAKTOPUS<\/a> und <a href=\"https:\/\/threebananasamps.com\/de\/excelsior\/\" target=\"_blank\" rel=\"noopener\">EXCELSIOR<\/a>. Wie alle unsere Produkte wird auch diese Gitarrenbox in Deutschland entwickelt und gefertigt und mit ausgew\u00e4hlten Materialien von h\u00f6chster Qualit\u00e4t gebaut. Das baltische Birkenholz stammt aus Polen und ist zu 100% PEFC-zertifiziert.<\/p>\n\tSpeakers: Celestion and WGS (others upon request)<br \/>\nImpedanz: 8 Ohm (andere auf Anfrage)<br \/>\nAbmessungen: 670 x 550 x 300 mm (Breite x H\u00f6he x Tiefe)<br \/>\nGewicht: 20,0 kg (typisch)<br \/>\nFinish: siehe unten\n\t\t\t<a  href=\"https:\/\/threebananasamps.com\/de\/produkt\/cabinet-1x15-variable-back\/\" target=\"_self\" role=\"button\">\n\t\t\t\t\t\tDIESE BOX KAUFEN\n\t\t<\/a>\n\t<h2>\n\t\t\t\t\t2&#215;10&#8243; CABINET VARIABLE BACK\n\t\t\t\t<\/h2>\n\t\t\t<p>BALTISCHE BIRKE<\/p>\t\t\n\t<p>\u00dcbergro\u00dfe 2\u00d710\u2033-Gitarrenbox mit abgeschr\u00e4gter Front und variabler R\u00fcckwand. Unsere leichteste Box. Die diagonale Anordnung der Lautsprecher verbessert zusammen mit der schr\u00e4gen Front das Abstrahlverhalten, so dass du dich auch auf kurze Distanz noch gut h\u00f6ren kannst. Das Geh\u00e4use ist komplett aus baltischer Birke gefertigt und die Konstruktion mit Fingerzinken sorgt f\u00fcr einen klassischen Sound mit halbresonanter Ansprache. Die variable R\u00fcckwand bietet Dir maximale klangliche Flexibilit\u00e4t.<\/p>\n\t<p>Diese Box ist eine sehr gute Wahl f\u00fcr <a href=\"https:\/\/threebananasamps.com\/de\/beausonic\/\" target=\"_blank\" rel=\"noopener\">BEAUSONIC, <\/a><a href=\"https:\/\/threebananasamps.com\/de\/galaktopus\/\">GALAKTOPUS<\/a> und <a href=\"https:\/\/threebananasamps.com\/de\/excelsior\/\" target=\"_blank\" rel=\"noopener\">EXCELSIOR<\/a>. Wie alle unsere Produkte wird auch diese Gitarrenbox in Deutschland entwickelt und gefertigt und mit ausgew\u00e4hlten Materialien von h\u00f6chster Qualit\u00e4t gebaut. Das baltische Birkenholz stammt aus Polen und ist zu 100% PEFC-zertifiziert.<\/p>\n\tLautsprecher: Celestion, Jensen and WGS (andere auf Anfrage)<br \/>\nImpedanz: 8 Ohm (andere auf Anfrage)<br \/>\nAbmessungen: 550 x 670 x 300 mm (Breite x H\u00f6he x Tiefe)<br \/>\nGewicht: TBA<br \/>\nFinish: siehe unten\n\t\t\t<a  href=\"https:\/\/threebananasamps.com\/de\/produkt\/cabinet-2x10-variable-back\/\" target=\"_self\" role=\"button\">\n\t\t\t\t\t\tDIESE BOX KAUFEN\n\t\t<\/a>\n\t<h2>\n\t\t\t\t\t10&#8243;+12&#8243; CABINET VARIABLE BACK\n\t\t\t\t<\/h2>\n\t\t\t<p>BALTISCHE BIRKE<\/p>\t\t\n\t<p>Unleash your sound &#8211; the ultimate hybrid guitar cabinet. Tired of the same old guitar tones? Meet the dual-threat cabinet &#8211; a two speaker cabinet that breaks the mold by pairing a 10&#8243; speaker with a 12&#8243; speaker for a sound that&#8217;s as unique as your playing.<\/p>\n<p>Why settle for ordinary? Most cabinets stick to the same speaker sizes, but we dared to be different. By combining the punchy, articulate midrange of a 10&#8243; speaker with the deep, powerful lows of a 12&#8243; speaker, we&#8217;ve created a cabinet that delivers unmatched versatility. Whether you&#8217;re playing crisp cleans, crunchy rhythms, or soaring leads, this cabinet adapts to your style, giving you a rich, dynamic tone that stands out in any mix.<\/p>\n<p>This slightly oversized 10&#8243; + 12&#8243; guitar cabinet features a slanted front and variable back. With its diagonally mounted speakers and angled design, your tone projects clearly &#8211; even when you&#8217;re up close. Crafted from solid baltic birch and built with precision box joints, it delivers a sound that&#8217;s as robust as it is refined. The variable back gives you maximum tonal flexibility.<\/p>\n\t<p>Diese Box ist eine sehr gute Wahl f\u00fcr <a href=\"https:\/\/threebananasamps.com\/de\/beausonic\/\" target=\"_blank\" rel=\"noopener\">BEAUSONIC, <\/a><a href=\"https:\/\/threebananasamps.com\/de\/galaktopus\/\">GALAKTOPUS<\/a> und <a href=\"https:\/\/threebananasamps.com\/de\/excelsior\/\" target=\"_blank\" rel=\"noopener\">EXCELSIOR<\/a>. Wie alle unsere Produkte wird auch diese Gitarrenbox in Deutschland entwickelt und gefertigt und mit ausgew\u00e4hlten Materialien von h\u00f6chster Qualit\u00e4t gebaut. Das baltische Birkenholz stammt aus Polen und ist zu 100% PEFC-zertifiziert.<\/p>\n\tLautsprecher: Celestion, Jensen and WGS (andere auf Anfrage)<br \/>\nImpedanz: 8 Ohm (andere auf Anfrage)<br \/>\nAbmessungen: 550 x 670 x 300 mm (Breite x H\u00f6he x Tiefe)<br \/>\nGewicht: TBA<br \/>\nFinish: siehe unten\n\t\t\t<a  href=\"https:\/\/threebananasamps.com\/de\/produkt\/cabinet-1012-variable-back\/\" target=\"_self\" role=\"button\">\n\t\t\t\t\t\tDIESE BOX KAUFEN\n\t\t<\/a>\n\t<h2>\n\t\t\t\t\tSO WERDEN UNSERE GITARRENBOXEN HERGESTELLT\n\t\t\t\t<\/h2>\n\t<ul>\n\t\t\t\t<li>\n\t\t\t\t\t\t\t<img decoding=\"async\" src=\"https:\/\/threebananasamps.com\/wp-content\/uploads\/2024\/10\/cabinets_wood_DSC08773_1200x1200_q25.jpg\" \/>\n\t\t\t\t\t<\/li>\n\t\t\t\t<li>\n\t\t\t\t\t\t\t<img decoding=\"async\" src=\"https:\/\/threebananasamps.com\/wp-content\/uploads\/2024\/10\/cabinets_wood_DSC08910_1200x1200_q25.jpg\" \/>\n\t\t\t\t\t<\/li>\n\t\t\t\t<li>\n\t\t\t\t\t\t\t<img decoding=\"async\" src=\"https:\/\/threebananasamps.com\/wp-content\/uploads\/2024\/10\/cabinets_wood_DSC08935_1200x1200_q25.jpg\" \/>\n\t\t\t\t\t<\/li>\n\t\t\t<\/ul>\n\t<p>Mit der Einf\u00fchrung unserer neuen Serie von Gitarrenboxen mit variabler R\u00fcckwand verwenden wir ausschlie\u00dflich Birkenholz bester Qualit\u00e4t. Das Holz stammt aus Polen, einer relativ nahen Region, und ist zu 100 % PEFC-zertifiziert. Der Rohstoffmarkt war in den letzten Jahren etwas angespannt, aber die Situation hat sich inzwischen wieder verbessert, so dass diese Entscheidung f\u00fcr uns naheliegend war.<\/p>\n<p>Obwohl der gr\u00f6\u00dfte Teil der Arbeit, die wir in unsere Amps und Cabinets stecken, von Hand gemacht wird, setzen wir moderne Fertigungstechnologien ein, wenn sie das beste Ergebnis und damit die h\u00f6chste Qualit\u00e4t liefert. Die Fingerzinkenverbindungen f\u00fcr das Geh\u00e4use werden mit einer CNC-Fr\u00e4se hergestellt, die h\u00f6chste Pr\u00e4zision und konstante Ergebnisse liefert. Dennoch wird ein solches Werkzeug immer noch von Hand gef\u00fchrt. Fingerzinken- oder Schwalbenschwanzverbindungen haben keinen Einfluss auf den Klang der Gitarrenbox, bieten aber die beste Stabilit\u00e4t und Haltbarkeit.<\/p>\n<p>Die Schallwand, in die die Lautsprecher eingebaut werden, wird mit einer CNC-Fr\u00e4smaschine hergestellt. Auf diese Weise sind die Ausschnitte und Befestigungsl\u00f6cher f\u00fcr die Lautsprecher absolut exakt. Die weiteren Holzarbeiten wie Kantenfr\u00e4sen, Schleifen, Verleimen und Montage werden allesamt von Hand ausgef\u00fchrt. Wann immer m\u00f6glich, verwenden wir Beschl\u00e4ge aus Edelstahl (Schrauben) oder vernickeltem Messing (Beschl\u00e4ge). Der Kleber f\u00fcr den Tolex ist auf Wasserbasis und nahezu geruchsneutral.<\/p>\n\t<h2>\n\t\t\t\t\tREVIEWS\n\t\t\t\t<\/h2>\n\t<p>Guitar &amp; Guitar Acoustic issue January 2024 &#8211; read a detailed extract from the article in our <a href=\"https:\/\/threebananasamps.com\/de\/news\/beausonic-review-in-guitar\/\" target=\"_blank\" rel=\"noopener\">News Bereich<\/a><\/p>\n\t\t\t\t<img decoding=\"async\" src=\"https:\/\/threebananasamps.com\/wp-content\/uploads\/2024\/01\/cover_guitar_2024_01_500x667.jpg\" alt=\"cover_guitar_2024_01_500x667\" itemprop=\"image\"\/>\n\t<p>&#8220;In addition to the head unit, Three Bananas also provided us with a matching speaker cabinet with two 12&#8221; speakers for testing. It has an open back and stylish leather handles on the sides make it easy to handle with two people. It contains two Celestion speakers, a G12H 70th Anniversary and a Vintage Vintage 30. Three Bananas&#8217; speakers are designed with an impedance of eight ohms as standard.<\/p>\n<p>Die Box ist hervorragend verarbeitet, sowohl von au\u00dfen als auch bei der durch das offene Design einsehbaren inneren Beleistung gibt es nichts zu m\u00e4keln.<\/p>\n<p>The fact that the speakers are arranged diagonally, the cabinet is square &#8211; 67 centimeters high and wide. At 27.5 kilograms, the weight is absolutely reasonable.&#8221;<\/p>\n\t<h2>\n\t\t\t\t\tErh\u00e4ltliche Farben\n\t\t\t\t<\/h2>\n\t\t\t<p>Hier findest du eine Auswahl der erh\u00e4ltlichen Farben. Um alle Farben und deren Beschreibungen zu sehen, besuche bitte unsere <a href=\"https:\/\/threebananasamps.com\/de\/colors\/\" target=\"_blank\" rel=\"noopener\">Farben Seite<\/a>.<\/p>\t\t\n\t<ul>\n\t\t\t\t<li>\n\t\t\t\t\t\t\t<a href=\"https:\/\/threebananasamps.com\/de\/colors\/\" title=\"\" target=\"_blank\" rel=\"noopener\">\n\t\t\t\t\t\t\t<img decoding=\"async\" src=\"https:\/\/threebananasamps.com\/wp-content\/uploads\/2025\/02\/shop_galaktopuscheck_aged_DSC08241_600x600.jpg\" \/>\n\t\t\t\t\t\t\t<\/a>\n\t\t\t\t\t<\/li>\n\t\t\t\t<li>\n\t\t\t\t\t\t\t<a href=\"https:\/\/threebananasamps.com\/de\/colors\/\" title=\"\" target=\"_blank\" rel=\"noopener\">\n\t\t\t\t\t\t\t<img decoding=\"async\" src=\"https:\/\/threebananasamps.com\/wp-content\/uploads\/2025\/02\/shop_beausonicrose_DSC08041_600x600.jpg\" \/>\n\t\t\t\t\t\t\t<\/a>\n\t\t\t\t\t<\/li>\n\t\t\t\t<li>\n\t\t\t\t\t\t\t<a href=\"https:\/\/threebananasamps.com\/de\/colors\/\" title=\"\" target=\"_blank\" rel=\"noopener\">\n\t\t\t\t\t\t\t<img decoding=\"async\" src=\"https:\/\/threebananasamps.com\/wp-content\/uploads\/2025\/02\/shop_galaktopusredwineblue_DSC08358_600x600.jpg\" \/>\n\t\t\t\t\t\t\t<\/a>\n\t\t\t\t\t<\/li>\n\t\t\t\t<li>\n\t\t\t\t\t\t\t<a href=\"https:\/\/threebananasamps.com\/de\/colors\/\" title=\"\" target=\"_blank\" rel=\"noopener\">\n\t\t\t\t\t\t\t<img decoding=\"async\" src=\"https:\/\/threebananasamps.com\/wp-content\/uploads\/2025\/02\/shop_beausonic-combo-cream_DSC08366_600x600.jpg\" \/>\n\t\t\t\t\t\t\t<\/a>\n\t\t\t\t\t<\/li>\n\t\t\t\t<li>\n\t\t\t\t\t\t\t<a href=\"https:\/\/threebananasamps.com\/de\/colors\/\" title=\"\" target=\"_blank\" rel=\"noopener\">\n\t\t\t\t\t\t\t<img decoding=\"async\" src=\"https:\/\/threebananasamps.com\/wp-content\/uploads\/2025\/02\/shop_cvb212_black_black_DSC08868_600x600.jpg\" \/>\n\t\t\t\t\t\t\t<\/a>\n\t\t\t\t\t<\/li>\n\t\t\t\t<li>\n\t\t\t\t\t\t\t<a href=\"https:\/\/threebananasamps.com\/de\/colors\/\" title=\"\" target=\"_blank\" rel=\"noopener\">\n\t\t\t\t\t\t\t<img decoding=\"async\" src=\"https:\/\/threebananasamps.com\/wp-content\/uploads\/2025\/02\/shop_beausonic-combo-ivory_DSC08382_600x600.jpg\" \/>\n\t\t\t\t\t\t\t<\/a>\n\t\t\t\t\t<\/li>\n\t\t\t<\/ul>\n\t<h3>\n\t\t\t\t\tM\u00d6CHTEST DU GERNE MEHR SEHEN?\n\t\t\t\t<\/h3>\n\t\t\t<a href=\"https:\/\/threebananasamps.com\/de\/cabinets\/#topofthepage\"  target=\"_self\">\n\t\t\t\t\t\tZUM ANFANG DER SEITE\n\t\t\t\t\t<\/a>","protected":false},"excerpt":{"rendered":"<p>GUITAR CABINETS 2&#215;12&#8243; CABINET VARIABLE BACK BALTIC BIRCH Oversized 2\u00d712\u2033 guitar cabinet with slanted front and variable back. The sound is very similar to a 4\u00d712\u2033 but with reduced size and weight. The speakers are placed diagonally and together with the slanted front you can hear your tone even at [&hellip;]<\/p>\n","protected":false},"author":1,"featured_media":0,"parent":0,"menu_order":0,"comment_status":"closed","ping_status":"closed","template":"page-templates\/full-width-no-title.php","meta":{"inspiro_page_layout":"narrow","inspiro_hide_title":false,"footnotes":""},"class_list":["post-802","page","type-page","status-publish","hentry"],"yoast_head":"<!-- This site is optimized with the Yoast SEO plugin v27.6 - https:\/\/yoast.com\/product\/yoast-seo-wordpress\/ -->\n<title>Guitar Cabinets - Three Bananas Amps<\/title>\n<meta name=\"description\" content=\"Our pine and birch guitar cabinets are well designed as the best companion to our amplifiers. 1x15&quot; (open) and 2x12&quot; (open\/closed) available.\" \/>\n<meta name=\"robots\" content=\"index, follow, max-snippet:-1, max-image-preview:large, max-video-preview:-1\" \/>\n<link rel=\"canonical\" href=\"https:\/\/threebananasamps.com\/de\/cabinets\/\" \/>\n<meta property=\"og:locale\" content=\"de_DE\" \/>\n<meta property=\"og:type\" content=\"article\" \/>\n<meta property=\"og:title\" content=\"Guitar Cabinets - Three Bananas Amps\" \/>\n<meta property=\"og:description\" content=\"Our pine and birch guitar cabinets are well designed as the best companion to our amplifiers. 1x15&quot; (open) and 2x12&quot; (open\/closed) available.\" \/>\n<meta property=\"og:url\" content=\"https:\/\/threebananasamps.com\/de\/cabinets\/\" \/>\n<meta property=\"og:site_name\" content=\"THREE BANANAS AMPLIFICATION\" \/>\n<meta property=\"article:modified_time\" content=\"2026-05-07T08:20:29+00:00\" \/>\n<meta property=\"og:image\" content=\"https:\/\/threebananasamps.com\/wp-content\/uploads\/2024\/10\/cabinets_wood_DSC08773_1200x1200_q25.jpg\" \/>\n<meta name=\"twitter:card\" content=\"summary_large_image\" \/>\n<meta name=\"twitter:label1\" content=\"Gesch\u00e4tzte Lesezeit\" \/>\n\t<meta name=\"twitter:data1\" content=\"4\u00a0Minuten\" \/>\n<script type=\"application\/ld+json\" class=\"yoast-schema-graph\">{\"@context\":\"https:\\\/\\\/schema.org\",\"@graph\":[{\"@type\":\"WebPage\",\"@id\":\"https:\\\/\\\/threebananasamps.com\\\/cabinets\\\/\",\"url\":\"https:\\\/\\\/threebananasamps.com\\\/cabinets\\\/\",\"name\":\"Guitar Cabinets - Three Bananas Amps\",\"isPartOf\":{\"@id\":\"https:\\\/\\\/threebananasamps.com\\\/#website\"},\"primaryImageOfPage\":{\"@id\":\"https:\\\/\\\/threebananasamps.com\\\/cabinets\\\/#primaryimage\"},\"image\":{\"@id\":\"https:\\\/\\\/threebananasamps.com\\\/cabinets\\\/#primaryimage\"},\"thumbnailUrl\":\"https:\\\/\\\/threebananasamps.com\\\/wp-content\\\/uploads\\\/2024\\\/10\\\/cabinets_wood_DSC08773_1200x1200_q25.jpg\",\"datePublished\":\"2023-02-21T08:30:17+00:00\",\"dateModified\":\"2026-05-07T08:20:29+00:00\",\"description\":\"Our pine and birch guitar cabinets are well designed as the best companion to our amplifiers. 1x15\\\" (open) and 2x12\\\" (open\\\/closed) available.\",\"breadcrumb\":{\"@id\":\"https:\\\/\\\/threebananasamps.com\\\/cabinets\\\/#breadcrumb\"},\"inLanguage\":\"de\",\"potentialAction\":[{\"@type\":\"ReadAction\",\"target\":[\"https:\\\/\\\/threebananasamps.com\\\/cabinets\\\/\"]}]},{\"@type\":\"ImageObject\",\"inLanguage\":\"de\",\"@id\":\"https:\\\/\\\/threebananasamps.com\\\/cabinets\\\/#primaryimage\",\"url\":\"https:\\\/\\\/threebananasamps.com\\\/wp-content\\\/uploads\\\/2024\\\/10\\\/cabinets_wood_DSC08773_1200x1200_q25.jpg\",\"contentUrl\":\"https:\\\/\\\/threebananasamps.com\\\/wp-content\\\/uploads\\\/2024\\\/10\\\/cabinets_wood_DSC08773_1200x1200_q25.jpg\"},{\"@type\":\"BreadcrumbList\",\"@id\":\"https:\\\/\\\/threebananasamps.com\\\/cabinets\\\/#breadcrumb\",\"itemListElement\":[{\"@type\":\"ListItem\",\"position\":1,\"name\":\"Startseite\",\"item\":\"https:\\\/\\\/threebananasamps.com\\\/\"},{\"@type\":\"ListItem\",\"position\":2,\"name\":\"Guitar Cabinets\"}]},{\"@type\":\"WebSite\",\"@id\":\"https:\\\/\\\/threebananasamps.com\\\/#website\",\"url\":\"https:\\\/\\\/threebananasamps.com\\\/\",\"name\":\"THREE BANANAS AMPLIFICATION\",\"description\":\"\",\"potentialAction\":[{\"@type\":\"SearchAction\",\"target\":{\"@type\":\"EntryPoint\",\"urlTemplate\":\"https:\\\/\\\/threebananasamps.com\\\/?s={search_term_string}\"},\"query-input\":{\"@type\":\"PropertyValueSpecification\",\"valueRequired\":true,\"valueName\":\"search_term_string\"}}],\"inLanguage\":\"de\"}]}<\/script>\n<!-- \/ Yoast SEO plugin. -->","yoast_head_json":{"title":"Guitar Cabinets - Three Bananas Amps","description":"Our pine and birch guitar cabinets are well designed as the best companion to our amplifiers. 1x15\" (open) and 2x12\" (open\/closed) available.","robots":{"index":"index","follow":"follow","max-snippet":"max-snippet:-1","max-image-preview":"max-image-preview:large","max-video-preview":"max-video-preview:-1"},"canonical":"https:\/\/threebananasamps.com\/de\/cabinets\/","og_locale":"de_DE","og_type":"article","og_title":"Guitar Cabinets - Three Bananas Amps","og_description":"Our pine and birch guitar cabinets are well designed as the best companion to our amplifiers. 1x15\" (open) and 2x12\" (open\/closed) available.","og_url":"https:\/\/threebananasamps.com\/de\/cabinets\/","og_site_name":"THREE BANANAS AMPLIFICATION","article_modified_time":"2026-05-07T08:20:29+00:00","og_image":[{"url":"https:\/\/threebananasamps.com\/wp-content\/uploads\/2024\/10\/cabinets_wood_DSC08773_1200x1200_q25.jpg","type":"","width":"","height":""}],"twitter_card":"summary_large_image","twitter_misc":{"Gesch\u00e4tzte Lesezeit":"4\u00a0Minuten"},"schema":{"@context":"https:\/\/schema.org","@graph":[{"@type":"WebPage","@id":"https:\/\/threebananasamps.com\/cabinets\/","url":"https:\/\/threebananasamps.com\/cabinets\/","name":"Guitar Cabinets - Three Bananas Amps","isPartOf":{"@id":"https:\/\/threebananasamps.com\/#website"},"primaryImageOfPage":{"@id":"https:\/\/threebananasamps.com\/cabinets\/#primaryimage"},"image":{"@id":"https:\/\/threebananasamps.com\/cabinets\/#primaryimage"},"thumbnailUrl":"https:\/\/threebananasamps.com\/wp-content\/uploads\/2024\/10\/cabinets_wood_DSC08773_1200x1200_q25.jpg","datePublished":"2023-02-21T08:30:17+00:00","dateModified":"2026-05-07T08:20:29+00:00","description":"Our pine and birch guitar cabinets are well designed as the best companion to our amplifiers. 1x15\" (open) and 2x12\" (open\/closed) available.","breadcrumb":{"@id":"https:\/\/threebananasamps.com\/cabinets\/#breadcrumb"},"inLanguage":"de","potentialAction":[{"@type":"ReadAction","target":["https:\/\/threebananasamps.com\/cabinets\/"]}]},{"@type":"ImageObject","inLanguage":"de","@id":"https:\/\/threebananasamps.com\/cabinets\/#primaryimage","url":"https:\/\/threebananasamps.com\/wp-content\/uploads\/2024\/10\/cabinets_wood_DSC08773_1200x1200_q25.jpg","contentUrl":"https:\/\/threebananasamps.com\/wp-content\/uploads\/2024\/10\/cabinets_wood_DSC08773_1200x1200_q25.jpg"},{"@type":"BreadcrumbList","@id":"https:\/\/threebananasamps.com\/cabinets\/#breadcrumb","itemListElement":[{"@type":"ListItem","position":1,"name":"Startseite","item":"https:\/\/threebananasamps.com\/"},{"@type":"ListItem","position":2,"name":"Guitar Cabinets"}]},{"@type":"WebSite","@id":"https:\/\/threebananasamps.com\/#website","url":"https:\/\/threebananasamps.com\/","name":"THREE BANANAS AMPLIFICATION","description":"","potentialAction":[{"@type":"SearchAction","target":{"@type":"EntryPoint","urlTemplate":"https:\/\/threebananasamps.com\/?s={search_term_string}"},"query-input":{"@type":"PropertyValueSpecification","valueRequired":true,"valueName":"search_term_string"}}],"inLanguage":"de"}]}},"_links":{"self":[{"href":"https:\/\/threebananasamps.com\/de\/wp-json\/wp\/v2\/pages\/802","targetHints":{"allow":["GET"]}}],"collection":[{"href":"https:\/\/threebananasamps.com\/de\/wp-json\/wp\/v2\/pages"}],"about":[{"href":"https:\/\/threebananasamps.com\/de\/wp-json\/wp\/v2\/types\/page"}],"author":[{"embeddable":true,"href":"https:\/\/threebananasamps.com\/de\/wp-json\/wp\/v2\/users\/1"}],"replies":[{"embeddable":true,"href":"https:\/\/threebananasamps.com\/de\/wp-json\/wp\/v2\/comments?post=802"}],"version-history":[{"count":7,"href":"https:\/\/threebananasamps.com\/de\/wp-json\/wp\/v2\/pages\/802\/revisions"}],"predecessor-version":[{"id":7111,"href":"https:\/\/threebananasamps.com\/de\/wp-json\/wp\/v2\/pages\/802\/revisions\/7111"}],"wp:attachment":[{"href":"https:\/\/threebananasamps.com\/de\/wp-json\/wp\/v2\/media?parent=802"}],"curies":[{"name":"wp","href":"https:\/\/api.w.org\/{rel}","templated":true}]}}