{"id":5541,"date":"2023-08-30T07:00:06","date_gmt":"2023-08-30T05:00:06","guid":{"rendered":"https:\/\/threebananasamps.com\/?post_type=product&#038;p=5541"},"modified":"2026-01-12T10:54:20","modified_gmt":"2026-01-12T08:54:20","slug":"galaktopus-gb100-111","status":"publish","type":"product","link":"https:\/\/threebananasamps.com\/de\/produkt\/galaktopus-gb100-111\/","title":{"rendered":"GALAKTOPUS 100W Head"},"content":{"rendered":"<p>Trommelwirbel bitte\u2026. hier kommt Galaktopus! Unser 2-Kanal Gitarrenverst\u00e4rker Galaktopus ist das Arbeitstier f\u00fcr alle, die einen sehr vielseitigen Verst\u00e4rker mit der \u201eWall of Sound\u201c und Durchsetzungskraft suchen. Galaktopus ist sowohl als 50W als auch als 100W Version erh\u00e4ltlich und ist die beste Wahl f\u00fcr verschiedene Musikstile von Pop, Funk und Classic Rock bis hin zu Indie, Alternative Music, Stoner Rock und Metal.<\/p>\n<p>Je nach Art und Gr\u00f6\u00dfe der angeschlossenen Lautsprecherbox liefert Galaktopus einen massiven und dennoch gut definierten Bassbereich. Jeder Kanal enth\u00e4lt eine gut durchdachte 3-Band-EQ-Sektion. Die Signalkette wird global durch eine Bite-Control und Reactivity-Schaltung vervollst\u00e4ndigt, die die Wahl zwischen drei verschiedenen Frequenzgang-\/ Kompressionseinstellungen erm\u00f6glicht. Wie alle unsere Verst\u00e4rker gibt auch Galaktopus Transienten hervorragend wieder.<\/p>\n<p>Der Clean-Kanal ist auch eine gute universelle Pedalplattform, aber beide Kan\u00e4le vertragen auch vorgeschaltete Pedale sehr gut. Der vollst\u00e4ndig r\u00f6hrenbasierte, gepufferte Effektweg integriert jede Art von vintage oder modernem Pedal nahtlos in die Signalkette. Der per Fu\u00dfschalter zuschaltbare 6db Boost bietet auf Abruf zus\u00e4tzlich Gain, Lautst\u00e4rke und Endstufen Overdrive f\u00fcr deine Soloparts. Ab 2026 haben wir auch die Kan\u00e4le \u00fcber das Front Panel schaltbar gemacht.<\/p>\n<p>Unsere Gitarrenverst\u00e4rker werden in Deutschland entwickelt und hergestellt, mit ausgew\u00e4hlten Komponenten von h\u00f6chster Qualit\u00e4t. F\u00fcr die Hauptplatine verwenden wir ein Turret-Hybrid-Design, das traditionelle, puristische und wartungsfreundliche Bauweise f\u00fcr den Haupt-Signalweg mit moderner Integration von Hilfsschaltungen wie Kanalumschaltung kombiniert.<\/p>\n<ul>\n<li>100 Watt Class AB<\/li>\n<li>Endstufenr\u00f6hren: 1x 12AT7, 4x EL34<\/li>\n<li>Vorstufenr\u00f6hren: 2x 12AX7, 1x 12AU7<\/li>\n<li>Die vielseitige \u201cWall of Sound\u201d<\/li>\n<li>Sorgf\u00e4ltig abgestimmte, diskrete Equalizer f\u00fcr B\u00e4sse, Mitten, H\u00f6hen and Bite<\/li>\n<li>Reactivity Schalter bietet drei Einstellungen f\u00fcr Anschlagsdynamik bzw. Kompression und Frequenzgang<\/li>\n<li>Fu\u00dfschaltbarer aktiver Volume \/ Gain Boost bis zu 6dB<\/li>\n<li>R\u00f6hrenbasierter serialler\/paralleler Effektweg mit extra niedriger Ausgangsimpedanz und hoher Transparenz<\/li>\n<li>Spezielle Siliziumdioden f\u00fcr eine straffe Tief- und Mitteltonwiedergabe mit abgerundetem Top-End<\/li>\n<li>115\/230V Spannungswahlschalter<\/li>\n<li>Nebenger\u00e4uscharmes Design<\/li>\n<\/ul>\n<p><a href=\"https:\/\/threebananasamps.com\/de\/galaktopus\/\" target=\"_blank\" rel=\"noopener\">ZUR VOLLST\u00c4NDIGEN PRODUKTBESCHREIBUNG, SPEZIFIKATIONEN UND SOUND SAMPLES<\/a><\/p>\n<p>&nbsp;<\/p>\n<h2>Hersteller und verantwortliche Person in der EU<\/h2>\n<p><a href=\"https:\/\/threebananasamps.com\/de\/contact\/\" target=\"_blank\" rel=\"noopener\">HEIKENFELD AUDIO SOLUTIONS UG (haftungsbeschr\u00e4nkt)<\/a><br \/>\nR\u00f6ntgenstr. 1a \u2013 46242 Bottrop \u2013 Deutschland<\/p>","protected":false},"excerpt":{"rendered":"<p>Galaktopus Gitarren Verst\u00e4rker<br \/>\n100W Head Version (GB100-111)<\/p>\n<p><em>Note: Rear picture shows 2023 Version of the 50 Watts Model. The <\/em><em>Hinweis: Das Bild der R\u00fcckseite zeigt die 2023er-Version des 50-Watt-Modells. Das 100-Watt-Modell hat keinen Schalter zur Wahl des Gleichrichters!<\/em><\/p>","protected":false},"featured_media":6241,"template":"","meta":[],"product_brand":[],"product_cat":[92],"product_tag":[],"class_list":{"0":"post-5541","1":"product","2":"type-product","3":"status-publish","4":"has-post-thumbnail","6":"product_cat-galaktopus","7":"product_shipping_class-amplifier-heads-medium","9":"first","10":"instock","11":"taxable","12":"shipping-taxable","13":"purchasable","14":"product-type-variable"},"yoast_head":"<!-- This site is optimized with the Yoast SEO plugin v27.6 - https:\/\/yoast.com\/product\/yoast-seo-wordpress\/ -->\n<title>GALAKTOPUS 100W Head - THREE BANANAS AMPLIFICATION<\/title>\n<meta name=\"robots\" content=\"index, follow, max-snippet:-1, max-image-preview:large, max-video-preview:-1\" \/>\n<link rel=\"canonical\" href=\"https:\/\/threebananasamps.com\/de\/produkt\/galaktopus-gb100-111\/\" \/>\n<meta property=\"og:locale\" content=\"de_DE\" \/>\n<meta property=\"og:type\" content=\"article\" \/>\n<meta property=\"og:title\" content=\"GALAKTOPUS 100W Head - THREE BANANAS AMPLIFICATION\" \/>\n<meta property=\"og:description\" content=\"Galaktopus Guitar Amplifier 100W Head Version (GB100-111)  Note: Rear picture shows 2023 Version of the 50 Watts Model. The 100 Watts Model does not have a rectifier switch!\" \/>\n<meta property=\"og:url\" content=\"https:\/\/threebananasamps.com\/de\/produkt\/galaktopus-gb100-111\/\" \/>\n<meta property=\"og:site_name\" content=\"THREE BANANAS AMPLIFICATION\" \/>\n<meta property=\"article:modified_time\" content=\"2026-01-12T08:54:20+00:00\" \/>\n<meta property=\"og:image\" content=\"https:\/\/threebananasamps.com\/wp-content\/uploads\/2025\/02\/shop_galaktopuscheck_aged_DSC08241_1200x1200.jpg\" \/>\n\t<meta property=\"og:image:width\" content=\"1200\" \/>\n\t<meta property=\"og:image:height\" content=\"1200\" \/>\n\t<meta property=\"og:image:type\" content=\"image\/jpeg\" \/>\n<meta name=\"twitter:card\" content=\"summary_large_image\" \/>\n<meta name=\"twitter:label1\" content=\"Gesch\u00e4tzte Lesezeit\" \/>\n\t<meta name=\"twitter:data1\" content=\"2\u00a0Minuten\" \/>\n<script type=\"application\/ld+json\" class=\"yoast-schema-graph\">{\"@context\":\"https:\\\/\\\/schema.org\",\"@graph\":[{\"@type\":\"WebPage\",\"@id\":\"https:\\\/\\\/threebananasamps.com\\\/produkt\\\/galaktopus-gb100-111\\\/\",\"url\":\"https:\\\/\\\/threebananasamps.com\\\/produkt\\\/galaktopus-gb100-111\\\/\",\"name\":\"GALAKTOPUS 100W Head - THREE BANANAS AMPLIFICATION\",\"isPartOf\":{\"@id\":\"https:\\\/\\\/threebananasamps.com\\\/#website\"},\"primaryImageOfPage\":{\"@id\":\"https:\\\/\\\/threebananasamps.com\\\/produkt\\\/galaktopus-gb100-111\\\/#primaryimage\"},\"image\":{\"@id\":\"https:\\\/\\\/threebananasamps.com\\\/produkt\\\/galaktopus-gb100-111\\\/#primaryimage\"},\"thumbnailUrl\":\"https:\\\/\\\/threebananasamps.com\\\/wp-content\\\/uploads\\\/2025\\\/02\\\/shop_galaktopuscheck_aged_DSC08241_1200x1200.jpg\",\"datePublished\":\"2023-08-30T05:00:06+00:00\",\"dateModified\":\"2026-01-12T08:54:20+00:00\",\"breadcrumb\":{\"@id\":\"https:\\\/\\\/threebananasamps.com\\\/produkt\\\/galaktopus-gb100-111\\\/#breadcrumb\"},\"inLanguage\":\"de\",\"potentialAction\":[{\"@type\":\"ReadAction\",\"target\":[\"https:\\\/\\\/threebananasamps.com\\\/produkt\\\/galaktopus-gb100-111\\\/\"]}]},{\"@type\":\"ImageObject\",\"inLanguage\":\"de\",\"@id\":\"https:\\\/\\\/threebananasamps.com\\\/produkt\\\/galaktopus-gb100-111\\\/#primaryimage\",\"url\":\"https:\\\/\\\/threebananasamps.com\\\/wp-content\\\/uploads\\\/2025\\\/02\\\/shop_galaktopuscheck_aged_DSC08241_1200x1200.jpg\",\"contentUrl\":\"https:\\\/\\\/threebananasamps.com\\\/wp-content\\\/uploads\\\/2025\\\/02\\\/shop_galaktopuscheck_aged_DSC08241_1200x1200.jpg\",\"width\":1200,\"height\":1200},{\"@type\":\"BreadcrumbList\",\"@id\":\"https:\\\/\\\/threebananasamps.com\\\/produkt\\\/galaktopus-gb100-111\\\/#breadcrumb\",\"itemListElement\":[{\"@type\":\"ListItem\",\"position\":1,\"name\":\"Startseite\",\"item\":\"https:\\\/\\\/threebananasamps.com\\\/\"},{\"@type\":\"ListItem\",\"position\":2,\"name\":\"Shop\",\"item\":\"https:\\\/\\\/threebananasamps.com\\\/shop\\\/\"},{\"@type\":\"ListItem\",\"position\":3,\"name\":\"GALAKTOPUS 100W Head\"}]},{\"@type\":\"WebSite\",\"@id\":\"https:\\\/\\\/threebananasamps.com\\\/#website\",\"url\":\"https:\\\/\\\/threebananasamps.com\\\/\",\"name\":\"THREE BANANAS AMPLIFICATION\",\"description\":\"\",\"potentialAction\":[{\"@type\":\"SearchAction\",\"target\":{\"@type\":\"EntryPoint\",\"urlTemplate\":\"https:\\\/\\\/threebananasamps.com\\\/?s={search_term_string}\"},\"query-input\":{\"@type\":\"PropertyValueSpecification\",\"valueRequired\":true,\"valueName\":\"search_term_string\"}}],\"inLanguage\":\"de\"}]}<\/script>\n<!-- \/ Yoast SEO plugin. -->","yoast_head_json":{"title":"GALAKTOPUS 100W Head - THREE BANANAS AMPLIFICATION","robots":{"index":"index","follow":"follow","max-snippet":"max-snippet:-1","max-image-preview":"max-image-preview:large","max-video-preview":"max-video-preview:-1"},"canonical":"https:\/\/threebananasamps.com\/de\/produkt\/galaktopus-gb100-111\/","og_locale":"de_DE","og_type":"article","og_title":"GALAKTOPUS 100W Head - THREE BANANAS AMPLIFICATION","og_description":"Galaktopus Guitar Amplifier 100W Head Version (GB100-111)  Note: Rear picture shows 2023 Version of the 50 Watts Model. The 100 Watts Model does not have a rectifier switch!","og_url":"https:\/\/threebananasamps.com\/de\/produkt\/galaktopus-gb100-111\/","og_site_name":"THREE BANANAS AMPLIFICATION","article_modified_time":"2026-01-12T08:54:20+00:00","og_image":[{"width":1200,"height":1200,"url":"https:\/\/threebananasamps.com\/wp-content\/uploads\/2025\/02\/shop_galaktopuscheck_aged_DSC08241_1200x1200.jpg","type":"image\/jpeg"}],"twitter_card":"summary_large_image","twitter_misc":{"Gesch\u00e4tzte Lesezeit":"2\u00a0Minuten"},"schema":{"@context":"https:\/\/schema.org","@graph":[{"@type":"WebPage","@id":"https:\/\/threebananasamps.com\/produkt\/galaktopus-gb100-111\/","url":"https:\/\/threebananasamps.com\/produkt\/galaktopus-gb100-111\/","name":"GALAKTOPUS 100W Head - THREE BANANAS AMPLIFICATION","isPartOf":{"@id":"https:\/\/threebananasamps.com\/#website"},"primaryImageOfPage":{"@id":"https:\/\/threebananasamps.com\/produkt\/galaktopus-gb100-111\/#primaryimage"},"image":{"@id":"https:\/\/threebananasamps.com\/produkt\/galaktopus-gb100-111\/#primaryimage"},"thumbnailUrl":"https:\/\/threebananasamps.com\/wp-content\/uploads\/2025\/02\/shop_galaktopuscheck_aged_DSC08241_1200x1200.jpg","datePublished":"2023-08-30T05:00:06+00:00","dateModified":"2026-01-12T08:54:20+00:00","breadcrumb":{"@id":"https:\/\/threebananasamps.com\/produkt\/galaktopus-gb100-111\/#breadcrumb"},"inLanguage":"de","potentialAction":[{"@type":"ReadAction","target":["https:\/\/threebananasamps.com\/produkt\/galaktopus-gb100-111\/"]}]},{"@type":"ImageObject","inLanguage":"de","@id":"https:\/\/threebananasamps.com\/produkt\/galaktopus-gb100-111\/#primaryimage","url":"https:\/\/threebananasamps.com\/wp-content\/uploads\/2025\/02\/shop_galaktopuscheck_aged_DSC08241_1200x1200.jpg","contentUrl":"https:\/\/threebananasamps.com\/wp-content\/uploads\/2025\/02\/shop_galaktopuscheck_aged_DSC08241_1200x1200.jpg","width":1200,"height":1200},{"@type":"BreadcrumbList","@id":"https:\/\/threebananasamps.com\/produkt\/galaktopus-gb100-111\/#breadcrumb","itemListElement":[{"@type":"ListItem","position":1,"name":"Startseite","item":"https:\/\/threebananasamps.com\/"},{"@type":"ListItem","position":2,"name":"Shop","item":"https:\/\/threebananasamps.com\/shop\/"},{"@type":"ListItem","position":3,"name":"GALAKTOPUS 100W Head"}]},{"@type":"WebSite","@id":"https:\/\/threebananasamps.com\/#website","url":"https:\/\/threebananasamps.com\/","name":"THREE BANANAS AMPLIFICATION","description":"","potentialAction":[{"@type":"SearchAction","target":{"@type":"EntryPoint","urlTemplate":"https:\/\/threebananasamps.com\/?s={search_term_string}"},"query-input":{"@type":"PropertyValueSpecification","valueRequired":true,"valueName":"search_term_string"}}],"inLanguage":"de"}]}},"_links":{"self":[{"href":"https:\/\/threebananasamps.com\/de\/wp-json\/wp\/v2\/product\/5541","targetHints":{"allow":["GET"]}}],"collection":[{"href":"https:\/\/threebananasamps.com\/de\/wp-json\/wp\/v2\/product"}],"about":[{"href":"https:\/\/threebananasamps.com\/de\/wp-json\/wp\/v2\/types\/product"}],"wp:featuredmedia":[{"embeddable":true,"href":"https:\/\/threebananasamps.com\/de\/wp-json\/wp\/v2\/media\/6241"}],"wp:attachment":[{"href":"https:\/\/threebananasamps.com\/de\/wp-json\/wp\/v2\/media?parent=5541"}],"wp:term":[{"taxonomy":"product_brand","embeddable":true,"href":"https:\/\/threebananasamps.com\/de\/wp-json\/wp\/v2\/product_brand?post=5541"},{"taxonomy":"product_cat","embeddable":true,"href":"https:\/\/threebananasamps.com\/de\/wp-json\/wp\/v2\/product_cat?post=5541"},{"taxonomy":"product_tag","embeddable":true,"href":"https:\/\/threebananasamps.com\/de\/wp-json\/wp\/v2\/product_tag?post=5541"}],"curies":[{"name":"wp","href":"https:\/\/api.w.org\/{rel}","templated":true}]}}