{"id":6217,"date":"2025-02-22T09:55:30","date_gmt":"2025-02-22T07:55:30","guid":{"rendered":"https:\/\/threebananasamps.com\/?post_type=product&#038;p=6217"},"modified":"2025-09-02T13:21:58","modified_gmt":"2025-09-02T11:21:58","slug":"excelsior-deluxe-35w-head","status":"publish","type":"product","link":"https:\/\/threebananasamps.com\/de\/produkt\/excelsior-deluxe-35w-head\/","title":{"rendered":"EXCELSIOR DELUXE 35W Topteil"},"content":{"rendered":"<p>Hier ist eine aufregende neue Kreation von Three Bananas Amps. F\u00fcr alle, die auf der Suche nach einem kompakten, einkanaligen R\u00f6hren-Gitarrenverst\u00e4rker f\u00fcr daheim, Proberaum, B\u00fchne oder Studio sind, ist dies die richtige Wahl: der Excelsior Deluxe. Excelsior Deluxe bietet unverf\u00e4lschte Cleansounds, eine perfekte Pedalplattform und einen exklusiv entwickelten Federhall und Tremolo.<\/p>\n<p>F\u00fcr den Excelsior Deluxe haben wir den allseits beliebten Clean-Kanal vom Galaktopus \u00fcbernommen und f\u00fcr die legend\u00e4re 5751 R\u00f6hre optimiert. Au\u00dferdem haben wir ihn mit einem variablen Mittenregler ausgestattet. Eine perfekte Erg\u00e4nzung bildet die leicht abgewandelte Endstufe mit ihrem hervorragenden Mastervolume aus unserem Beausonic. Mit nur einem Dreh regelst du den Amp auf Zimmerlautst\u00e4rke herunter, ohne dass der Sound darunter leidet. Bei Bedarf stehen 35 W zur Verf\u00fcgung.<\/p>\n<p>Die Endstufe arbeitet mit Auto-Bias, so dass bei einem Wechsel der Endstufenr\u00f6hren keine Einmessung erforderlich ist. Es k\u00f6nnen Endr\u00f6hren vom Typ EL34 oder 6L6GC (inkl. 5881WXT) ohne weitere Einstellungen eingesetzt werden. Das Netzteil wurde mit speziellen Siliziumdioden h\u00f6chster Qualit\u00e4t entwickelt, die f\u00fcr straffe B\u00e4sse und feine H\u00f6hen sorgen.<\/p>\n<p>Wie bei jedem Three Bananas Amp kannst du die Dynamik des Verst\u00e4rkers nach deinem Geschmack einstellen, und wie alle unsere Verst\u00e4rker hat auch der Excelsior Deluxe eine hervorragende Ansprache.<\/p>\n<p>Wir wollten schon immer eine eigene Reverb-Schaltung entwickeln, und mit dem Excelsior Deluxe geht ein Traum in Erf\u00fcllung. Die auf einer 12BH7 basierende Drive-Schaltung erm\u00f6glicht es, das Hallsignal zu einer \u00fcppigen Hallfahne zu s\u00e4ttigen, die \u00fcber einen 3-stufigen Tonschalter weiter geformt werden kann. Ein kr\u00e4ftiges r\u00f6hrenbasiertes Tremolo rundet das Gesamtpaket ab. Beide Effekte k\u00f6nnen sowohl per Fu\u00dfschalter als auch \u00fcber das Frontpanel aktiviert werden, und der Status wird durch LEDs auf dem Frontpanel angezeigt.<\/p>\n<p>Unsere Gitarrenverst\u00e4rker werden in Deutschland entwickelt und hergestellt, mit ausgew\u00e4hlten Komponenten von h\u00f6chster Qualit\u00e4t. F\u00fcr die Hauptplatine verwenden wir ein Turret-Hybrid-Design, das traditionelle, puristische und wartungsfreundliche Bauweise f\u00fcr den Hauptsignalweg mit moderner Integration von Hilfsschaltungen wie Kanalumschaltung und Statusanzeige kombiniert.<\/p>\n<ul>\n<li>35 Watt aus zwei EL34 oder 6L6GC - Auto-Bias<\/li>\n<li>Herausragender Clean Channel<\/li>\n<li>Exklusiv entwickelter Federhall und Tremolo<\/li>\n<li>Ausgezeichnete Lautst\u00e4rkeregelung<\/li>\n<li>Sorgf\u00e4ltig abgestimmte, diskrete Equalizer f\u00fcr B\u00e4sse, Mitten, H\u00f6hen, Bright und Bite<\/li>\n<li>Sensitivity Schalter bietet zwei Anschlagsdynamik- bzw. Kompressionseinstellungen<\/li>\n<li>Nebenger\u00e4uscharmes Design<\/li>\n<li>Verbesserte Kontrolle \u00fcber das Frontpanel<\/li>\n<li>Speziell hergestellte Trafos<\/li>\n<li>TAD Premium R\u00f6hren<\/li>\n<li>Crafted in Germany<\/li>\n<\/ul>\n<p><a href=\"https:\/\/threebananasamps.com\/de\/excelsior\/\" target=\"_blank\" rel=\"noopener\">ZUR VOLLST\u00c4NDIGEN PRODUKTBESCHREIBUNG, SPEZIFIKATIONEN UND SOUND SAMPLES<\/a><\/p>\n<h2><\/h2>\n<h2>Hersteller und verantwortliche Person in der EU<\/h2>\n<p><a href=\"https:\/\/threebananasamps.com\/de\/contact\/\" target=\"_blank\" rel=\"noopener\">HEIKENFELD AUDIO SOLUTIONS UG (haftungsbeschr\u00e4nkt)<\/a><br \/>\nR\u00f6ntgenstr. 1a \u2013 46242 Bottrop \u2013 Deutschland<\/p>\n<p>&nbsp;<\/p>","protected":false},"excerpt":{"rendered":"<p>Excelsior Deluxe Gitarren Verst\u00e4rker<br \/>\n35W Head Version (CB35-303)<\/p>","protected":false},"featured_media":6823,"template":"","meta":[],"product_brand":[],"product_cat":[150],"product_tag":[],"class_list":{"0":"post-6217","1":"product","2":"type-product","3":"status-publish","4":"has-post-thumbnail","6":"product_cat-excelsior","7":"product_shipping_class-amplifier-heads-medium","9":"first","10":"instock","11":"taxable","12":"shipping-taxable","13":"purchasable","14":"product-type-variable"},"yoast_head":"<!-- This site is optimized with the Yoast SEO plugin v27.6 - https:\/\/yoast.com\/product\/yoast-seo-wordpress\/ -->\n<title>EXCELSIOR DELUXE 35W Head - THREE BANANAS AMPLIFICATION<\/title>\n<meta name=\"robots\" content=\"index, follow, max-snippet:-1, max-image-preview:large, max-video-preview:-1\" \/>\n<link rel=\"canonical\" href=\"https:\/\/threebananasamps.com\/de\/produkt\/excelsior-deluxe-35w-head\/\" \/>\n<meta property=\"og:locale\" content=\"de_DE\" \/>\n<meta property=\"og:type\" content=\"article\" \/>\n<meta property=\"og:title\" content=\"EXCELSIOR DELUXE 35W Head - THREE BANANAS AMPLIFICATION\" \/>\n<meta property=\"og:description\" content=\"Excelsior Deluxe Guitar Amplifier 35W Head Version (CB35-303)\" \/>\n<meta property=\"og:url\" content=\"https:\/\/threebananasamps.com\/de\/produkt\/excelsior-deluxe-35w-head\/\" \/>\n<meta property=\"og:site_name\" content=\"THREE BANANAS AMPLIFICATION\" \/>\n<meta property=\"article:modified_time\" content=\"2025-09-02T11:21:58+00:00\" \/>\n<meta property=\"og:image\" content=\"https:\/\/threebananasamps.com\/wp-content\/uploads\/shop_excelsiorblack_A7R00866_2000x2000.jpg\" \/>\n\t<meta property=\"og:image:width\" content=\"2000\" \/>\n\t<meta property=\"og:image:height\" content=\"2000\" \/>\n\t<meta property=\"og:image:type\" content=\"image\/jpeg\" \/>\n<meta name=\"twitter:card\" content=\"summary_large_image\" \/>\n<meta name=\"twitter:label1\" content=\"Gesch\u00e4tzte Lesezeit\" \/>\n\t<meta name=\"twitter:data1\" content=\"3\u00a0Minuten\" \/>\n<script type=\"application\/ld+json\" class=\"yoast-schema-graph\">{\"@context\":\"https:\\\/\\\/schema.org\",\"@graph\":[{\"@type\":\"WebPage\",\"@id\":\"https:\\\/\\\/threebananasamps.com\\\/produkt\\\/excelsior-deluxe-35w-head\\\/\",\"url\":\"https:\\\/\\\/threebananasamps.com\\\/produkt\\\/excelsior-deluxe-35w-head\\\/\",\"name\":\"EXCELSIOR DELUXE 35W Head - THREE BANANAS AMPLIFICATION\",\"isPartOf\":{\"@id\":\"https:\\\/\\\/threebananasamps.com\\\/#website\"},\"primaryImageOfPage\":{\"@id\":\"https:\\\/\\\/threebananasamps.com\\\/produkt\\\/excelsior-deluxe-35w-head\\\/#primaryimage\"},\"image\":{\"@id\":\"https:\\\/\\\/threebananasamps.com\\\/produkt\\\/excelsior-deluxe-35w-head\\\/#primaryimage\"},\"thumbnailUrl\":\"https:\\\/\\\/threebananasamps.com\\\/wp-content\\\/uploads\\\/shop_excelsiorblack_A7R00866_2000x2000.jpg\",\"datePublished\":\"2025-02-22T07:55:30+00:00\",\"dateModified\":\"2025-09-02T11:21:58+00:00\",\"breadcrumb\":{\"@id\":\"https:\\\/\\\/threebananasamps.com\\\/produkt\\\/excelsior-deluxe-35w-head\\\/#breadcrumb\"},\"inLanguage\":\"de\",\"potentialAction\":[{\"@type\":\"ReadAction\",\"target\":[\"https:\\\/\\\/threebananasamps.com\\\/produkt\\\/excelsior-deluxe-35w-head\\\/\"]}]},{\"@type\":\"ImageObject\",\"inLanguage\":\"de\",\"@id\":\"https:\\\/\\\/threebananasamps.com\\\/produkt\\\/excelsior-deluxe-35w-head\\\/#primaryimage\",\"url\":\"https:\\\/\\\/threebananasamps.com\\\/wp-content\\\/uploads\\\/shop_excelsiorblack_A7R00866_2000x2000.jpg\",\"contentUrl\":\"https:\\\/\\\/threebananasamps.com\\\/wp-content\\\/uploads\\\/shop_excelsiorblack_A7R00866_2000x2000.jpg\",\"width\":2000,\"height\":2000},{\"@type\":\"BreadcrumbList\",\"@id\":\"https:\\\/\\\/threebananasamps.com\\\/produkt\\\/excelsior-deluxe-35w-head\\\/#breadcrumb\",\"itemListElement\":[{\"@type\":\"ListItem\",\"position\":1,\"name\":\"Startseite\",\"item\":\"https:\\\/\\\/threebananasamps.com\\\/\"},{\"@type\":\"ListItem\",\"position\":2,\"name\":\"Shop\",\"item\":\"https:\\\/\\\/threebananasamps.com\\\/shop\\\/\"},{\"@type\":\"ListItem\",\"position\":3,\"name\":\"EXCELSIOR DELUXE 35W Head\"}]},{\"@type\":\"WebSite\",\"@id\":\"https:\\\/\\\/threebananasamps.com\\\/#website\",\"url\":\"https:\\\/\\\/threebananasamps.com\\\/\",\"name\":\"THREE BANANAS AMPLIFICATION\",\"description\":\"\",\"potentialAction\":[{\"@type\":\"SearchAction\",\"target\":{\"@type\":\"EntryPoint\",\"urlTemplate\":\"https:\\\/\\\/threebananasamps.com\\\/?s={search_term_string}\"},\"query-input\":{\"@type\":\"PropertyValueSpecification\",\"valueRequired\":true,\"valueName\":\"search_term_string\"}}],\"inLanguage\":\"de\"}]}<\/script>\n<!-- \/ Yoast SEO plugin. -->","yoast_head_json":{"title":"EXCELSIOR DELUXE 35W Head - THREE BANANAS AMPLIFICATION","robots":{"index":"index","follow":"follow","max-snippet":"max-snippet:-1","max-image-preview":"max-image-preview:large","max-video-preview":"max-video-preview:-1"},"canonical":"https:\/\/threebananasamps.com\/de\/produkt\/excelsior-deluxe-35w-head\/","og_locale":"de_DE","og_type":"article","og_title":"EXCELSIOR DELUXE 35W Head - THREE BANANAS AMPLIFICATION","og_description":"Excelsior Deluxe Guitar Amplifier 35W Head Version (CB35-303)","og_url":"https:\/\/threebananasamps.com\/de\/produkt\/excelsior-deluxe-35w-head\/","og_site_name":"THREE BANANAS AMPLIFICATION","article_modified_time":"2025-09-02T11:21:58+00:00","og_image":[{"width":2000,"height":2000,"url":"https:\/\/threebananasamps.com\/wp-content\/uploads\/shop_excelsiorblack_A7R00866_2000x2000.jpg","type":"image\/jpeg"}],"twitter_card":"summary_large_image","twitter_misc":{"Gesch\u00e4tzte Lesezeit":"3\u00a0Minuten"},"schema":{"@context":"https:\/\/schema.org","@graph":[{"@type":"WebPage","@id":"https:\/\/threebananasamps.com\/produkt\/excelsior-deluxe-35w-head\/","url":"https:\/\/threebananasamps.com\/produkt\/excelsior-deluxe-35w-head\/","name":"EXCELSIOR DELUXE 35W Head - THREE BANANAS AMPLIFICATION","isPartOf":{"@id":"https:\/\/threebananasamps.com\/#website"},"primaryImageOfPage":{"@id":"https:\/\/threebananasamps.com\/produkt\/excelsior-deluxe-35w-head\/#primaryimage"},"image":{"@id":"https:\/\/threebananasamps.com\/produkt\/excelsior-deluxe-35w-head\/#primaryimage"},"thumbnailUrl":"https:\/\/threebananasamps.com\/wp-content\/uploads\/shop_excelsiorblack_A7R00866_2000x2000.jpg","datePublished":"2025-02-22T07:55:30+00:00","dateModified":"2025-09-02T11:21:58+00:00","breadcrumb":{"@id":"https:\/\/threebananasamps.com\/produkt\/excelsior-deluxe-35w-head\/#breadcrumb"},"inLanguage":"de","potentialAction":[{"@type":"ReadAction","target":["https:\/\/threebananasamps.com\/produkt\/excelsior-deluxe-35w-head\/"]}]},{"@type":"ImageObject","inLanguage":"de","@id":"https:\/\/threebananasamps.com\/produkt\/excelsior-deluxe-35w-head\/#primaryimage","url":"https:\/\/threebananasamps.com\/wp-content\/uploads\/shop_excelsiorblack_A7R00866_2000x2000.jpg","contentUrl":"https:\/\/threebananasamps.com\/wp-content\/uploads\/shop_excelsiorblack_A7R00866_2000x2000.jpg","width":2000,"height":2000},{"@type":"BreadcrumbList","@id":"https:\/\/threebananasamps.com\/produkt\/excelsior-deluxe-35w-head\/#breadcrumb","itemListElement":[{"@type":"ListItem","position":1,"name":"Startseite","item":"https:\/\/threebananasamps.com\/"},{"@type":"ListItem","position":2,"name":"Shop","item":"https:\/\/threebananasamps.com\/shop\/"},{"@type":"ListItem","position":3,"name":"EXCELSIOR DELUXE 35W Head"}]},{"@type":"WebSite","@id":"https:\/\/threebananasamps.com\/#website","url":"https:\/\/threebananasamps.com\/","name":"THREE BANANAS AMPLIFICATION","description":"","potentialAction":[{"@type":"SearchAction","target":{"@type":"EntryPoint","urlTemplate":"https:\/\/threebananasamps.com\/?s={search_term_string}"},"query-input":{"@type":"PropertyValueSpecification","valueRequired":true,"valueName":"search_term_string"}}],"inLanguage":"de"}]}},"_links":{"self":[{"href":"https:\/\/threebananasamps.com\/de\/wp-json\/wp\/v2\/product\/6217","targetHints":{"allow":["GET"]}}],"collection":[{"href":"https:\/\/threebananasamps.com\/de\/wp-json\/wp\/v2\/product"}],"about":[{"href":"https:\/\/threebananasamps.com\/de\/wp-json\/wp\/v2\/types\/product"}],"wp:featuredmedia":[{"embeddable":true,"href":"https:\/\/threebananasamps.com\/de\/wp-json\/wp\/v2\/media\/6823"}],"wp:attachment":[{"href":"https:\/\/threebananasamps.com\/de\/wp-json\/wp\/v2\/media?parent=6217"}],"wp:term":[{"taxonomy":"product_brand","embeddable":true,"href":"https:\/\/threebananasamps.com\/de\/wp-json\/wp\/v2\/product_brand?post=6217"},{"taxonomy":"product_cat","embeddable":true,"href":"https:\/\/threebananasamps.com\/de\/wp-json\/wp\/v2\/product_cat?post=6217"},{"taxonomy":"product_tag","embeddable":true,"href":"https:\/\/threebananasamps.com\/de\/wp-json\/wp\/v2\/product_tag?post=6217"}],"curies":[{"name":"wp","href":"https:\/\/api.w.org\/{rel}","templated":true}]}}