{"id":652,"date":"2022-09-15T11:38:11","date_gmt":"2022-09-15T11:38:11","guid":{"rendered":"https:\/\/threebananasamps.com\/?post_type=product&#038;p=652"},"modified":"2025-11-18T08:20:45","modified_gmt":"2025-11-18T06:20:45","slug":"beausonic-cb30-111","status":"publish","type":"product","link":"https:\/\/threebananasamps.com\/de\/produkt\/beausonic-cb30-111\/","title":{"rendered":"BEAUSONIC DELUXE 35W Head"},"content":{"rendered":"<p>Wir haben unseren 35 Watt Gitarrenverst\u00e4rker Beausonic entworfen, um Gitarrensounds au\u00dferhalb aller bekannter Kategorien zu erm\u00f6glichen. In erster Linie wollten wir Pentoden Overdrive auch bei niedrigeren Pegeln erzielen. Wir haben aber weit mehr erreicht als das. Beausonic bietet eine au\u00dfergew\u00f6hnliche Wiedergabe der Transienten und eine hohe Anschlagsdynamik, w\u00e4hrend die gesamte Gain-Struktur einen sehr s\u00fc\u00dfen und harmonischen, aber dennoch transparenten Overdrive erzeugt. Die EF86-Pentode bringt jedes Detail Ihres Spiels zur Geltung. Beausonic ist perfekt f\u00fcr verschiedene Musikstile von Jazz, Blues und Funk bis hin zu Pop, Indie und Rockmusik.<\/p>\n<p>Wir haben zwei unabh\u00e4ngige Einstellungen f\u00fcr Gain, Master und Bite Control eingebaut, die per Fu\u00dfschalter abgerufen werden k\u00f6nnen. Zusammen mit deinem Anschlag und deinem Spielstil bestimmt diese Funktion deine pers\u00f6nliche Wahl jeder m\u00f6glichen Clean-, Crunch- und Overdrive-Kombination f\u00fcr Rhythmus- oder Lead-Gitarre.<\/p>\n<p>Alle Beausonics kommen mit vorgeschalteten Boost-Pedalen sehr gut zurecht und integrieren durch den Effektweg jede Art von vintage oder modernem Effektpedal nahtlos in die Signalkette. Beausonic Deluxe hat einen erweiterten, r\u00f6hrenbasierten und gepufferten Effektweg, der das Gitarrensignal \u00fcber weite Strecken transportieren kann, perfekt f\u00fcr gr\u00f6\u00dfere Veranstaltungsorte. Zus\u00e4tzlich bietet der per Fu\u00dfschalter zuschaltbare 6db Boost auf Abruf zus\u00e4tzlich Gain, Lautst\u00e4rke und Endstufen Overdrive f\u00fcr deine Soloparts.<\/p>\n<p>Unsere Gitarrenverst\u00e4rker werden in Deutschland entwickelt und hergestellt, mit ausgew\u00e4hlten Komponenten von h\u00f6chster Qualit\u00e4t. F\u00fcr die Hauptplatine verwenden wir ein Turret-Hybrid-Design, das traditionelle, puristische und wartungsfreundliche Bauweise f\u00fcr den Haupt-Signalweg mit moderner Integration von Hilfsschaltungen wie Kanalumschaltung kombiniert.<\/p>\n<ul>\n<li>35 Watt aus zwei EL34 - Auto-Bias<\/li>\n<li>Einzigartig in Ton und Dynamikverhalten. Unser 12AX7 \/ EF86 Schaltungsdesign liefert au\u00dfergew\u00f6hnliche Anschlagsdynamik und Overdrive Texturen.<\/li>\n<li>Unabh\u00e4ngige, fu\u00dfschaltbare Gain, Master and Bite Einstellungen<\/li>\n<li>Sorgf\u00e4ltig abgestimmte, diskrete Equalizer f\u00fcr B\u00e4sse, Mitten, H\u00f6hen and Bite<\/li>\n<li>Sensitivity Schalter bietet zwei Anschlagsdynamik- bzw. Kompressionseinstellungen<\/li>\n<li>Fu\u00dfschaltbarer aktiver Volume \/ Gain Boost bis zu 6dB<\/li>\n<li>R\u00f6hrenbasierter serialler\/paralleler Effektweg mit extra niedriger Ausgangsimpedanz und hoher Transparenz<\/li>\n<li>GZ34 R\u00f6hrengleichrichtung<\/li>\n<li>115\/230V Spannungswahlschalter<\/li>\n<li>Nebenger\u00e4uscharmes Design<\/li>\n<\/ul>\n<p><a href=\"https:\/\/threebananasamps.com\/de\/beausonic\/\" target=\"_blank\" rel=\"noopener\">ZUR VOLLST\u00c4NDIGEN PRODUKTBESCHREIBUNG, SPEZIFIKATIONEN UND SOUND SAMPLES<\/a><\/p>\n<p>&nbsp;<\/p>\n<h2>Hersteller und verantwortliche Person in der EU<\/h2>\n<p><a href=\"https:\/\/threebananasamps.com\/de\/contact\/\" target=\"_blank\" rel=\"noopener\">HEIKENFELD AUDIO SOLUTIONS UG (haftungsbeschr\u00e4nkt)<\/a><br \/>\nR\u00f6ntgenstr. 1a \u2013 46242 Bottrop \u2013 Deutschland<\/p>","protected":false},"excerpt":{"rendered":"<p>Beausonic Deluxe Gitarrenverst\u00e4rker<br \/>\n35W Head Version (CB30-111)<\/p>\n<p>&nbsp;<\/p>\n<p>&nbsp;<\/p>","protected":false},"featured_media":5482,"template":"","meta":[],"product_brand":[],"product_cat":[91],"product_tag":[],"class_list":{"0":"post-652","1":"product","2":"type-product","3":"status-publish","4":"has-post-thumbnail","6":"product_cat-beausonic","7":"product_shipping_class-amplifier-heads-medium","9":"first","10":"instock","11":"taxable","12":"shipping-taxable","13":"purchasable","14":"product-type-variable"},"yoast_head":"<!-- This site is optimized with the Yoast SEO plugin v27.6 - https:\/\/yoast.com\/product\/yoast-seo-wordpress\/ -->\n<title>BEAUSONIC DELUXE 35W Head - THREE BANANAS AMPLIFICATION<\/title>\n<meta name=\"robots\" content=\"index, follow, max-snippet:-1, max-image-preview:large, max-video-preview:-1\" \/>\n<link rel=\"canonical\" href=\"https:\/\/threebananasamps.com\/de\/produkt\/beausonic-cb30-111\/\" \/>\n<meta property=\"og:locale\" content=\"de_DE\" \/>\n<meta property=\"og:type\" content=\"article\" \/>\n<meta property=\"og:title\" content=\"BEAUSONIC DELUXE 35W Head - THREE BANANAS AMPLIFICATION\" \/>\n<meta property=\"og:description\" content=\"Beausonic Deluxe Guitar Amplifier 35W Head Version (CB30-111)  &nbsp;  &nbsp;\" \/>\n<meta property=\"og:url\" content=\"https:\/\/threebananasamps.com\/de\/produkt\/beausonic-cb30-111\/\" \/>\n<meta property=\"og:site_name\" content=\"THREE BANANAS AMPLIFICATION\" \/>\n<meta property=\"article:modified_time\" content=\"2025-11-18T06:20:45+00:00\" \/>\n<meta property=\"og:image\" content=\"https:\/\/threebananasamps.com\/wp-content\/uploads\/2023\/07\/shop_beausonicrose_DSC08041_1200x1200.jpg\" \/>\n\t<meta property=\"og:image:width\" content=\"1200\" \/>\n\t<meta property=\"og:image:height\" content=\"1200\" \/>\n\t<meta property=\"og:image:type\" content=\"image\/jpeg\" \/>\n<meta name=\"twitter:card\" content=\"summary_large_image\" \/>\n<meta name=\"twitter:label1\" content=\"Gesch\u00e4tzte Lesezeit\" \/>\n\t<meta name=\"twitter:data1\" content=\"2\u00a0Minuten\" \/>\n<script type=\"application\/ld+json\" class=\"yoast-schema-graph\">{\"@context\":\"https:\\\/\\\/schema.org\",\"@graph\":[{\"@type\":\"WebPage\",\"@id\":\"https:\\\/\\\/threebananasamps.com\\\/produkt\\\/beausonic-cb30-111\\\/\",\"url\":\"https:\\\/\\\/threebananasamps.com\\\/produkt\\\/beausonic-cb30-111\\\/\",\"name\":\"BEAUSONIC DELUXE 35W Head - THREE BANANAS AMPLIFICATION\",\"isPartOf\":{\"@id\":\"https:\\\/\\\/threebananasamps.com\\\/#website\"},\"primaryImageOfPage\":{\"@id\":\"https:\\\/\\\/threebananasamps.com\\\/produkt\\\/beausonic-cb30-111\\\/#primaryimage\"},\"image\":{\"@id\":\"https:\\\/\\\/threebananasamps.com\\\/produkt\\\/beausonic-cb30-111\\\/#primaryimage\"},\"thumbnailUrl\":\"https:\\\/\\\/threebananasamps.com\\\/wp-content\\\/uploads\\\/2023\\\/07\\\/shop_beausonicrose_DSC08041_1200x1200.jpg\",\"datePublished\":\"2022-09-15T11:38:11+00:00\",\"dateModified\":\"2025-11-18T06:20:45+00:00\",\"breadcrumb\":{\"@id\":\"https:\\\/\\\/threebananasamps.com\\\/produkt\\\/beausonic-cb30-111\\\/#breadcrumb\"},\"inLanguage\":\"de\",\"potentialAction\":[{\"@type\":\"ReadAction\",\"target\":[\"https:\\\/\\\/threebananasamps.com\\\/produkt\\\/beausonic-cb30-111\\\/\"]}]},{\"@type\":\"ImageObject\",\"inLanguage\":\"de\",\"@id\":\"https:\\\/\\\/threebananasamps.com\\\/produkt\\\/beausonic-cb30-111\\\/#primaryimage\",\"url\":\"https:\\\/\\\/threebananasamps.com\\\/wp-content\\\/uploads\\\/2023\\\/07\\\/shop_beausonicrose_DSC08041_1200x1200.jpg\",\"contentUrl\":\"https:\\\/\\\/threebananasamps.com\\\/wp-content\\\/uploads\\\/2023\\\/07\\\/shop_beausonicrose_DSC08041_1200x1200.jpg\",\"width\":1200,\"height\":1200},{\"@type\":\"BreadcrumbList\",\"@id\":\"https:\\\/\\\/threebananasamps.com\\\/produkt\\\/beausonic-cb30-111\\\/#breadcrumb\",\"itemListElement\":[{\"@type\":\"ListItem\",\"position\":1,\"name\":\"Startseite\",\"item\":\"https:\\\/\\\/threebananasamps.com\\\/\"},{\"@type\":\"ListItem\",\"position\":2,\"name\":\"Shop\",\"item\":\"https:\\\/\\\/threebananasamps.com\\\/shop\\\/\"},{\"@type\":\"ListItem\",\"position\":3,\"name\":\"BEAUSONIC DELUXE 35W Head\"}]},{\"@type\":\"WebSite\",\"@id\":\"https:\\\/\\\/threebananasamps.com\\\/#website\",\"url\":\"https:\\\/\\\/threebananasamps.com\\\/\",\"name\":\"THREE BANANAS AMPLIFICATION\",\"description\":\"\",\"potentialAction\":[{\"@type\":\"SearchAction\",\"target\":{\"@type\":\"EntryPoint\",\"urlTemplate\":\"https:\\\/\\\/threebananasamps.com\\\/?s={search_term_string}\"},\"query-input\":{\"@type\":\"PropertyValueSpecification\",\"valueRequired\":true,\"valueName\":\"search_term_string\"}}],\"inLanguage\":\"de\"}]}<\/script>\n<!-- \/ Yoast SEO plugin. -->","yoast_head_json":{"title":"BEAUSONIC DELUXE 35W Head - THREE BANANAS AMPLIFICATION","robots":{"index":"index","follow":"follow","max-snippet":"max-snippet:-1","max-image-preview":"max-image-preview:large","max-video-preview":"max-video-preview:-1"},"canonical":"https:\/\/threebananasamps.com\/de\/produkt\/beausonic-cb30-111\/","og_locale":"de_DE","og_type":"article","og_title":"BEAUSONIC DELUXE 35W Head - THREE BANANAS AMPLIFICATION","og_description":"Beausonic Deluxe Guitar Amplifier 35W Head Version (CB30-111)  &nbsp;  &nbsp;","og_url":"https:\/\/threebananasamps.com\/de\/produkt\/beausonic-cb30-111\/","og_site_name":"THREE BANANAS AMPLIFICATION","article_modified_time":"2025-11-18T06:20:45+00:00","og_image":[{"width":1200,"height":1200,"url":"https:\/\/threebananasamps.com\/wp-content\/uploads\/2023\/07\/shop_beausonicrose_DSC08041_1200x1200.jpg","type":"image\/jpeg"}],"twitter_card":"summary_large_image","twitter_misc":{"Gesch\u00e4tzte Lesezeit":"2\u00a0Minuten"},"schema":{"@context":"https:\/\/schema.org","@graph":[{"@type":"WebPage","@id":"https:\/\/threebananasamps.com\/produkt\/beausonic-cb30-111\/","url":"https:\/\/threebananasamps.com\/produkt\/beausonic-cb30-111\/","name":"BEAUSONIC DELUXE 35W Head - THREE BANANAS AMPLIFICATION","isPartOf":{"@id":"https:\/\/threebananasamps.com\/#website"},"primaryImageOfPage":{"@id":"https:\/\/threebananasamps.com\/produkt\/beausonic-cb30-111\/#primaryimage"},"image":{"@id":"https:\/\/threebananasamps.com\/produkt\/beausonic-cb30-111\/#primaryimage"},"thumbnailUrl":"https:\/\/threebananasamps.com\/wp-content\/uploads\/2023\/07\/shop_beausonicrose_DSC08041_1200x1200.jpg","datePublished":"2022-09-15T11:38:11+00:00","dateModified":"2025-11-18T06:20:45+00:00","breadcrumb":{"@id":"https:\/\/threebananasamps.com\/produkt\/beausonic-cb30-111\/#breadcrumb"},"inLanguage":"de","potentialAction":[{"@type":"ReadAction","target":["https:\/\/threebananasamps.com\/produkt\/beausonic-cb30-111\/"]}]},{"@type":"ImageObject","inLanguage":"de","@id":"https:\/\/threebananasamps.com\/produkt\/beausonic-cb30-111\/#primaryimage","url":"https:\/\/threebananasamps.com\/wp-content\/uploads\/2023\/07\/shop_beausonicrose_DSC08041_1200x1200.jpg","contentUrl":"https:\/\/threebananasamps.com\/wp-content\/uploads\/2023\/07\/shop_beausonicrose_DSC08041_1200x1200.jpg","width":1200,"height":1200},{"@type":"BreadcrumbList","@id":"https:\/\/threebananasamps.com\/produkt\/beausonic-cb30-111\/#breadcrumb","itemListElement":[{"@type":"ListItem","position":1,"name":"Startseite","item":"https:\/\/threebananasamps.com\/"},{"@type":"ListItem","position":2,"name":"Shop","item":"https:\/\/threebananasamps.com\/shop\/"},{"@type":"ListItem","position":3,"name":"BEAUSONIC DELUXE 35W Head"}]},{"@type":"WebSite","@id":"https:\/\/threebananasamps.com\/#website","url":"https:\/\/threebananasamps.com\/","name":"THREE BANANAS AMPLIFICATION","description":"","potentialAction":[{"@type":"SearchAction","target":{"@type":"EntryPoint","urlTemplate":"https:\/\/threebananasamps.com\/?s={search_term_string}"},"query-input":{"@type":"PropertyValueSpecification","valueRequired":true,"valueName":"search_term_string"}}],"inLanguage":"de"}]}},"_links":{"self":[{"href":"https:\/\/threebananasamps.com\/de\/wp-json\/wp\/v2\/product\/652","targetHints":{"allow":["GET"]}}],"collection":[{"href":"https:\/\/threebananasamps.com\/de\/wp-json\/wp\/v2\/product"}],"about":[{"href":"https:\/\/threebananasamps.com\/de\/wp-json\/wp\/v2\/types\/product"}],"wp:featuredmedia":[{"embeddable":true,"href":"https:\/\/threebananasamps.com\/de\/wp-json\/wp\/v2\/media\/5482"}],"wp:attachment":[{"href":"https:\/\/threebananasamps.com\/de\/wp-json\/wp\/v2\/media?parent=652"}],"wp:term":[{"taxonomy":"product_brand","embeddable":true,"href":"https:\/\/threebananasamps.com\/de\/wp-json\/wp\/v2\/product_brand?post=652"},{"taxonomy":"product_cat","embeddable":true,"href":"https:\/\/threebananasamps.com\/de\/wp-json\/wp\/v2\/product_cat?post=652"},{"taxonomy":"product_tag","embeddable":true,"href":"https:\/\/threebananasamps.com\/de\/wp-json\/wp\/v2\/product_tag?post=652"}],"curies":[{"name":"wp","href":"https:\/\/api.w.org\/{rel}","templated":true}]}}