{"id":6940,"date":"2026-02-15T10:38:32","date_gmt":"2026-02-15T08:38:32","guid":{"rendered":"https:\/\/threebananasamps.com\/?post_type=product&#038;p=6940"},"modified":"2026-02-15T21:24:54","modified_gmt":"2026-02-15T19:24:54","slug":"bstock-beausonic-35w-halfstack","status":"publish","type":"product","link":"https:\/\/threebananasamps.com\/de\/produkt\/bstock-beausonic-35w-halfstack\/","title":{"rendered":"BEAUSONIC 35W Halfstack"},"content":{"rendered":"<h4>Beausonic Guitar Amplifier 35W Head Version (CB30-101)<\/h4>\n<p>Wir haben unseren 35 Watt Gitarrenverst\u00e4rker Beausonic entworfen, um Gitarrensounds au\u00dferhalb aller bekannter Kategorien zu erm\u00f6glichen. In erster Linie wollten wir Pentoden Overdrive auch bei niedrigeren Pegeln erzielen. Wir haben aber weit mehr erreicht als das. Beausonic bietet eine au\u00dfergew\u00f6hnliche Wiedergabe der Transienten und eine hohe Anschlagsdynamik, w\u00e4hrend die gesamte Gain-Struktur einen sehr s\u00fc\u00dfen und harmonischen, aber dennoch transparenten Overdrive erzeugt. Die EF86-Pentode bringt jedes Detail Ihres Spiels zur Geltung. Beausonic ist perfekt f\u00fcr verschiedene Musikstile von Jazz, Blues und Funk bis hin zu Pop, Indie und Rockmusik.<\/p>\n<p>Alle Beausonics kommen mit vorgeschalteten Boost-Pedalen sehr gut zurecht und integrieren durch den Effektweg jede Art von vintage oder modernem Effektpedal nahtlos in die Signalkette.<\/p>\n<p>Unsere Gitarrenverst\u00e4rker werden in Deutschland entwickelt und hergestellt, mit ausgew\u00e4hlten Komponenten von h\u00f6chster Qualit\u00e4t. F\u00fcr die Hauptplatine verwenden wir ein Turret-Hybrid-Design, das traditionelle, puristische und wartungsfreundliche Bauweise f\u00fcr den Haupt-Signalweg mit moderner Integration von Hilfsschaltungen kombiniert.<\/p>\n<ul>\n<li>35 Watt Class A aus zwei EL34<\/li>\n<li>Einzigartig in Ton und Dynamikverhalten. Unser 12AX7 \/ EF86 Schaltungsdesign liefert au\u00dfergew\u00f6hnliche Anschlagsdynamik und Overdrive Texturen.<\/li>\n<li>Sorgf\u00e4ltig abgestimmte, diskrete Equalizer f\u00fcr B\u00e4sse, Mitten, H\u00f6hen and Bite<\/li>\n<li>Sensitivity Schalter bietet zwei Anschlagsdynamik- bzw. Kompressionseinstellungen<\/li>\n<li>GZ34 R\u00f6hrengleichrichtung<\/li>\n<li>115\/230V Spannungswahlschalter<\/li>\n<li>Nebenger\u00e4uscharmes Design<\/li>\n<\/ul>\n<p><a href=\"https:\/\/threebananasamps.com\/de\/beausonic\/\" target=\"_blank\" rel=\"noopener\">ZUR VOLLST\u00c4NDIGEN PRODUKTBESCHREIBUNG, SPEZIFIKATIONEN UND SOUND SAMPLES<\/a><\/p>\n<p>Q&amp;A<\/p>\n<p>Was ist der Unterschied zwischen \u201cBeausonic\u201d (dem Amp hier) und \u201c<a href=\"https:\/\/threebananasamps.com\/de\/produkt\/beausonic-cb30-111\/\">Beausonic Deluxe<\/a>&#8220;?<\/p>\n<ol>\n<li>Beausonic Deluxe hat zwei unabh\u00e4ngige Einstellungen f\u00fcr Gain, Master und Bite, die per Fu\u00dfschalter abgerufen werden k\u00f6nnen. Das macht ihn im Grunde zu einem Zweikanal-Verst\u00e4rker. Beausonic ist ein Einkanal-Verst\u00e4rker.<\/li>\n<li>Der Beausonic Deluxe bietet einen vollr\u00f6hrengepufferten Effektweg mit einstellbarem Send-Pegel und seriellem\/parallelem Return mit Mix-Regler. Der Effektweg ist daf\u00fcr ausgelegt, das Gitarrensignal \u00fcber sehr weite Strecken zu transportieren, perfekt f\u00fcr gr\u00f6\u00dfere Veranstaltungsorte. Beausonic hat einen vereinfachten, seriellen Effektweg, der perfekt f\u00fcr zu Hause, im Proberaum, in Clubs und auf kleinen bis mittleren B\u00fchnen funktioniert.<\/li>\n<li>Der per Fu\u00dfschalter zuschaltbare 6db Boost des Beausonic Deluxe bietet Gain und Lautst\u00e4rke f\u00fcr deine Soloparts mit zus\u00e4tzlichem Overdrive der Endstufe. Der Beausonic verf\u00fcgt nicht \u00fcber diesen Boost.<\/li>\n<\/ol>\n<h4>2&#215;10&#8243; Guitar Cabinet Open Back with Celestion Creambacks (COB-210)<\/h4>\n<p>2&#215;10&#8243; guitar cabinet with open back and straight front. The sidewalls are made from pine, the baffle is made from baltic birch. The overall construction with dovetail joints will provide a classic tone with semi-resonant response. This cabinet loves all our amplifiers, but is probably best paired with <a href=\"https:\/\/threebananasamps.com\/de\/beausonic\/\" target=\"_blank\" rel=\"noopener\">BEAUSONIC<\/a>.<\/p>\n<p>Unsere Gitarrenboxen werden in Deutschland entwickelt und hergestellt, mit ausgew\u00e4hlten Materialien von h\u00f6chster Qualit\u00e4t.\u00a0<\/p>\n<h2>Hersteller und verantwortliche Person in der EU<\/h2>\n<p><a href=\"https:\/\/threebananasamps.com\/de\/contact\/\" target=\"_blank\" rel=\"noopener\">HEIKENFELD AUDIO SOLUTIONS UG (haftungsbeschr\u00e4nkt)<\/a><br \/>\nR\u00f6ntgenstr. 1a \u2013 46242 Bottrop \u2013 Deutschland<\/p>","protected":false},"excerpt":{"rendered":"<p>30% OFF!!<\/p>\n<p>Beausonic Guitar Amplifier 35W Head Version (CB30-101, RRP \/ UVP: 2490\u20ac) with 2&#215;10&#8243; Guitar Cabinet Open Back with Celestion Creambacks (COB-210, RRP \/ UVP: 935\u20ac). Both items are display models that have been played only a couple of hours. This is a bundle not to be sold individually. Things you should know: Beausonic head has speaker and effects loop printings slightly shifted on pack panel. The cabinet has round marks on each side. Please see pictures.<\/p>\n<p>&nbsp;<\/p>","protected":false},"featured_media":6973,"template":"","meta":[],"product_brand":[],"product_cat":[162],"product_tag":[],"class_list":{"0":"post-6940","1":"product","2":"type-product","3":"status-publish","4":"has-post-thumbnail","6":"product_cat-b-stock-and-used-gear","7":"product_shipping_class-halfstack-medium","9":"first","10":"instock","11":"sale","12":"taxable","13":"shipping-taxable","14":"purchasable","15":"product-type-simple"},"yoast_head":"<!-- This site is optimized with the Yoast SEO plugin v27.6 - https:\/\/yoast.com\/product\/yoast-seo-wordpress\/ -->\n<title>BEAUSONIC 35W Halfstack - THREE BANANAS AMPLIFICATION<\/title>\n<meta name=\"robots\" content=\"index, follow, max-snippet:-1, max-image-preview:large, max-video-preview:-1\" \/>\n<link rel=\"canonical\" href=\"https:\/\/threebananasamps.com\/de\/produkt\/bstock-beausonic-35w-halfstack\/\" \/>\n<meta property=\"og:locale\" content=\"de_DE\" \/>\n<meta property=\"og:type\" content=\"article\" \/>\n<meta property=\"og:title\" content=\"BEAUSONIC 35W Halfstack - THREE BANANAS AMPLIFICATION\" \/>\n<meta property=\"og:description\" content=\"30% OFF!!  Beausonic Guitar Amplifier 35W Head Version (CB30-101, RRP \/ UVP: 2490\u20ac) with 2x10&quot; Guitar Cabinet Open Back with Celestion Creambacks (COB-210, RRP \/ UVP: 935\u20ac). Both items are display models that have been played only a couple of hours. This is a bundle not to be sold individually. Things you should know: Beausonic head has speaker and effects loop printings slightly shifted on pack panel. The cabinet has round marks on each side. Please see pictures.  &nbsp;\" \/>\n<meta property=\"og:url\" content=\"https:\/\/threebananasamps.com\/de\/produkt\/bstock-beausonic-35w-halfstack\/\" \/>\n<meta property=\"og:site_name\" content=\"THREE BANANAS AMPLIFICATION\" \/>\n<meta property=\"article:modified_time\" content=\"2026-02-15T19:24:54+00:00\" \/>\n<meta property=\"og:image\" content=\"https:\/\/threebananasamps.com\/wp-content\/uploads\/bstock_beausonic_A7R01129_1200_q50.jpg\" \/>\n\t<meta property=\"og:image:width\" content=\"960\" \/>\n\t<meta property=\"og:image:height\" content=\"1200\" \/>\n\t<meta property=\"og:image:type\" content=\"image\/jpeg\" \/>\n<meta name=\"twitter:card\" content=\"summary_large_image\" \/>\n<meta name=\"twitter:label1\" content=\"Gesch\u00e4tzte Lesezeit\" \/>\n\t<meta name=\"twitter:data1\" content=\"3\u00a0Minuten\" \/>\n<script type=\"application\/ld+json\" class=\"yoast-schema-graph\">{\"@context\":\"https:\\\/\\\/schema.org\",\"@graph\":[{\"@type\":\"WebPage\",\"@id\":\"https:\\\/\\\/threebananasamps.com\\\/produkt\\\/bstock-beausonic-35w-halfstack\\\/\",\"url\":\"https:\\\/\\\/threebananasamps.com\\\/produkt\\\/bstock-beausonic-35w-halfstack\\\/\",\"name\":\"BEAUSONIC 35W Halfstack - THREE BANANAS AMPLIFICATION\",\"isPartOf\":{\"@id\":\"https:\\\/\\\/threebananasamps.com\\\/#website\"},\"primaryImageOfPage\":{\"@id\":\"https:\\\/\\\/threebananasamps.com\\\/produkt\\\/bstock-beausonic-35w-halfstack\\\/#primaryimage\"},\"image\":{\"@id\":\"https:\\\/\\\/threebananasamps.com\\\/produkt\\\/bstock-beausonic-35w-halfstack\\\/#primaryimage\"},\"thumbnailUrl\":\"https:\\\/\\\/threebananasamps.com\\\/wp-content\\\/uploads\\\/bstock_beausonic_A7R01129_1200_q50.jpg\",\"datePublished\":\"2026-02-15T08:38:32+00:00\",\"dateModified\":\"2026-02-15T19:24:54+00:00\",\"breadcrumb\":{\"@id\":\"https:\\\/\\\/threebananasamps.com\\\/produkt\\\/bstock-beausonic-35w-halfstack\\\/#breadcrumb\"},\"inLanguage\":\"de\",\"potentialAction\":[{\"@type\":\"ReadAction\",\"target\":[\"https:\\\/\\\/threebananasamps.com\\\/produkt\\\/bstock-beausonic-35w-halfstack\\\/\"]}]},{\"@type\":\"ImageObject\",\"inLanguage\":\"de\",\"@id\":\"https:\\\/\\\/threebananasamps.com\\\/produkt\\\/bstock-beausonic-35w-halfstack\\\/#primaryimage\",\"url\":\"https:\\\/\\\/threebananasamps.com\\\/wp-content\\\/uploads\\\/bstock_beausonic_A7R01129_1200_q50.jpg\",\"contentUrl\":\"https:\\\/\\\/threebananasamps.com\\\/wp-content\\\/uploads\\\/bstock_beausonic_A7R01129_1200_q50.jpg\",\"width\":960,\"height\":1200},{\"@type\":\"BreadcrumbList\",\"@id\":\"https:\\\/\\\/threebananasamps.com\\\/produkt\\\/bstock-beausonic-35w-halfstack\\\/#breadcrumb\",\"itemListElement\":[{\"@type\":\"ListItem\",\"position\":1,\"name\":\"Startseite\",\"item\":\"https:\\\/\\\/threebananasamps.com\\\/\"},{\"@type\":\"ListItem\",\"position\":2,\"name\":\"Shop\",\"item\":\"https:\\\/\\\/threebananasamps.com\\\/shop\\\/\"},{\"@type\":\"ListItem\",\"position\":3,\"name\":\"BEAUSONIC 35W Halfstack\"}]},{\"@type\":\"WebSite\",\"@id\":\"https:\\\/\\\/threebananasamps.com\\\/#website\",\"url\":\"https:\\\/\\\/threebananasamps.com\\\/\",\"name\":\"THREE BANANAS AMPLIFICATION\",\"description\":\"\",\"potentialAction\":[{\"@type\":\"SearchAction\",\"target\":{\"@type\":\"EntryPoint\",\"urlTemplate\":\"https:\\\/\\\/threebananasamps.com\\\/?s={search_term_string}\"},\"query-input\":{\"@type\":\"PropertyValueSpecification\",\"valueRequired\":true,\"valueName\":\"search_term_string\"}}],\"inLanguage\":\"de\"}]}<\/script>\n<!-- \/ Yoast SEO plugin. -->","yoast_head_json":{"title":"BEAUSONIC 35W Halfstack - THREE BANANAS AMPLIFICATION","robots":{"index":"index","follow":"follow","max-snippet":"max-snippet:-1","max-image-preview":"max-image-preview:large","max-video-preview":"max-video-preview:-1"},"canonical":"https:\/\/threebananasamps.com\/de\/produkt\/bstock-beausonic-35w-halfstack\/","og_locale":"de_DE","og_type":"article","og_title":"BEAUSONIC 35W Halfstack - THREE BANANAS AMPLIFICATION","og_description":"30% OFF!!  Beausonic Guitar Amplifier 35W Head Version (CB30-101, RRP \/ UVP: 2490\u20ac) with 2x10\" Guitar Cabinet Open Back with Celestion Creambacks (COB-210, RRP \/ UVP: 935\u20ac). Both items are display models that have been played only a couple of hours. This is a bundle not to be sold individually. Things you should know: Beausonic head has speaker and effects loop printings slightly shifted on pack panel. The cabinet has round marks on each side. Please see pictures.  &nbsp;","og_url":"https:\/\/threebananasamps.com\/de\/produkt\/bstock-beausonic-35w-halfstack\/","og_site_name":"THREE BANANAS AMPLIFICATION","article_modified_time":"2026-02-15T19:24:54+00:00","og_image":[{"width":960,"height":1200,"url":"https:\/\/threebananasamps.com\/wp-content\/uploads\/bstock_beausonic_A7R01129_1200_q50.jpg","type":"image\/jpeg"}],"twitter_card":"summary_large_image","twitter_misc":{"Gesch\u00e4tzte Lesezeit":"3\u00a0Minuten"},"schema":{"@context":"https:\/\/schema.org","@graph":[{"@type":"WebPage","@id":"https:\/\/threebananasamps.com\/produkt\/bstock-beausonic-35w-halfstack\/","url":"https:\/\/threebananasamps.com\/produkt\/bstock-beausonic-35w-halfstack\/","name":"BEAUSONIC 35W Halfstack - THREE BANANAS AMPLIFICATION","isPartOf":{"@id":"https:\/\/threebananasamps.com\/#website"},"primaryImageOfPage":{"@id":"https:\/\/threebananasamps.com\/produkt\/bstock-beausonic-35w-halfstack\/#primaryimage"},"image":{"@id":"https:\/\/threebananasamps.com\/produkt\/bstock-beausonic-35w-halfstack\/#primaryimage"},"thumbnailUrl":"https:\/\/threebananasamps.com\/wp-content\/uploads\/bstock_beausonic_A7R01129_1200_q50.jpg","datePublished":"2026-02-15T08:38:32+00:00","dateModified":"2026-02-15T19:24:54+00:00","breadcrumb":{"@id":"https:\/\/threebananasamps.com\/produkt\/bstock-beausonic-35w-halfstack\/#breadcrumb"},"inLanguage":"de","potentialAction":[{"@type":"ReadAction","target":["https:\/\/threebananasamps.com\/produkt\/bstock-beausonic-35w-halfstack\/"]}]},{"@type":"ImageObject","inLanguage":"de","@id":"https:\/\/threebananasamps.com\/produkt\/bstock-beausonic-35w-halfstack\/#primaryimage","url":"https:\/\/threebananasamps.com\/wp-content\/uploads\/bstock_beausonic_A7R01129_1200_q50.jpg","contentUrl":"https:\/\/threebananasamps.com\/wp-content\/uploads\/bstock_beausonic_A7R01129_1200_q50.jpg","width":960,"height":1200},{"@type":"BreadcrumbList","@id":"https:\/\/threebananasamps.com\/produkt\/bstock-beausonic-35w-halfstack\/#breadcrumb","itemListElement":[{"@type":"ListItem","position":1,"name":"Startseite","item":"https:\/\/threebananasamps.com\/"},{"@type":"ListItem","position":2,"name":"Shop","item":"https:\/\/threebananasamps.com\/shop\/"},{"@type":"ListItem","position":3,"name":"BEAUSONIC 35W Halfstack"}]},{"@type":"WebSite","@id":"https:\/\/threebananasamps.com\/#website","url":"https:\/\/threebananasamps.com\/","name":"THREE BANANAS AMPLIFICATION","description":"","potentialAction":[{"@type":"SearchAction","target":{"@type":"EntryPoint","urlTemplate":"https:\/\/threebananasamps.com\/?s={search_term_string}"},"query-input":{"@type":"PropertyValueSpecification","valueRequired":true,"valueName":"search_term_string"}}],"inLanguage":"de"}]}},"_links":{"self":[{"href":"https:\/\/threebananasamps.com\/de\/wp-json\/wp\/v2\/product\/6940","targetHints":{"allow":["GET"]}}],"collection":[{"href":"https:\/\/threebananasamps.com\/de\/wp-json\/wp\/v2\/product"}],"about":[{"href":"https:\/\/threebananasamps.com\/de\/wp-json\/wp\/v2\/types\/product"}],"wp:featuredmedia":[{"embeddable":true,"href":"https:\/\/threebananasamps.com\/de\/wp-json\/wp\/v2\/media\/6973"}],"wp:attachment":[{"href":"https:\/\/threebananasamps.com\/de\/wp-json\/wp\/v2\/media?parent=6940"}],"wp:term":[{"taxonomy":"product_brand","embeddable":true,"href":"https:\/\/threebananasamps.com\/de\/wp-json\/wp\/v2\/product_brand?post=6940"},{"taxonomy":"product_cat","embeddable":true,"href":"https:\/\/threebananasamps.com\/de\/wp-json\/wp\/v2\/product_cat?post=6940"},{"taxonomy":"product_tag","embeddable":true,"href":"https:\/\/threebananasamps.com\/de\/wp-json\/wp\/v2\/product_tag?post=6940"}],"curies":[{"name":"wp","href":"https:\/\/api.w.org\/{rel}","templated":true}]}}