{"id":7050,"date":"2026-04-14T07:02:40","date_gmt":"2026-04-14T05:02:40","guid":{"rendered":"https:\/\/threebananasamps.com\/?post_type=product&#038;p=7050"},"modified":"2026-04-14T17:12:41","modified_gmt":"2026-04-14T15:12:41","slug":"cabinet-2x10-variable-back","status":"publish","type":"product","link":"https:\/\/threebananasamps.com\/de\/produkt\/cabinet-2x10-variable-back\/","title":{"rendered":"CABINET 2&#215;10&#8243; Variable Back"},"content":{"rendered":"<p>Slightly oversized 2\u00d710\u2033 guitar cabinet with slanted front and variable back. Our lightest cabinet. The speakers are placed diagonally and together with the slanted front you can hear your tone even at short distances. The cabinet is made entirely of baltic birch and the overall construction with box joints provides a classic sound with a semi-resonant response. The variable back gives you maximum tonal flexibility:<\/p>\n<p>Bei offener R\u00fcckwand klingt die Box offener und nat\u00fcrlicher. Der Schall strahlt auch von der R\u00fcckseite ab und wird somit raumf\u00fcllender. In einer Live-Situation ohne Monitoring kann dieses Setup auch deinen Bandkollegen helfen. Beim Recording kann die Box auch von hinten abgenommen werden.<\/p>\n<p>Bei geschlossener R\u00fcckwand breitet sich der Schall \u00fcberwiegend nach vorne aus. Der Klang wird artikulierter mit mehr Punch und Definition. Auf der B\u00fchne kommt dies der akustischen Trennung zugute, w\u00e4hrend maximaler Druck und Definition vielleicht genau das ist, was du f\u00fcr deine Aufnahmen brauchst.<\/p>\n<p>Diese Box ist eine sehr gute Wahl f\u00fcr <a href=\"https:\/\/threebananasamps.com\/de\/beausonic\/\" target=\"_blank\" rel=\"noopener\">BEAUSONIC, <\/a><a href=\"https:\/\/threebananasamps.com\/de\/galaktopus\/\">GALAKTOPUS<\/a> und <a href=\"https:\/\/threebananasamps.com\/de\/excelsior\/\" target=\"_blank\" rel=\"noopener\">EXCELSIOR<\/a>. Wie alle unsere Produkte wird auch diese Gitarrenbox in Deutschland entwickelt und gefertigt und mit ausgew\u00e4hlten Materialien von h\u00f6chster Qualit\u00e4t gebaut. Das baltische Birkenholz stammt aus Polen und ist zu 100% PEFC-zertifiziert.<\/p>\n<p>For <a href=\"https:\/\/threebananasamps.com\/de\/excelsior\/\" target=\"_blank\" rel=\"noopener\">EXCELSIOR<\/a> we recommend ordering the vertical orientation. For <a href=\"https:\/\/threebananasamps.com\/de\/beausonic\/\" target=\"_blank\" rel=\"noopener\">BEAUSONIC<\/a> und <a href=\"https:\/\/threebananasamps.com\/de\/galaktopus\/\">GALAKTOPUS<\/a> we recommend the horizontal orientation. Horizontal configuration is also recommended to build a fullstack.<\/p>\n<h2>Hersteller und verantwortliche Person in der EU<\/h2>\n<p><a href=\"https:\/\/threebananasamps.com\/de\/contact\/\" target=\"_blank\" rel=\"noopener\">HEIKENFELD AUDIO SOLUTIONS UG (haftungsbeschr\u00e4nkt)<\/a><br \/>\nR\u00f6ntgenstr. 1a \u2013 46242 Bottrop \u2013 Deutschland<\/p>","protected":false},"excerpt":{"rendered":"<p>2&#215;10&#8243; Guitar Cabinet<br \/>\nvariable back<\/p>\n<p>Weitere Lautsprecher sind auf Anfrage erh\u00e4ltlich!<\/p>","protected":false},"featured_media":6172,"template":"","meta":[],"product_brand":[],"product_cat":[52],"product_tag":[],"class_list":{"0":"post-7050","1":"product","2":"type-product","3":"status-publish","4":"has-post-thumbnail","6":"product_cat-guitarcabinets","7":"product_shipping_class-cabinets-medium","9":"first","10":"instock","11":"taxable","12":"shipping-taxable","13":"purchasable","14":"product-type-variable"},"yoast_head":"<!-- This site is optimized with the Yoast SEO plugin v27.4 - https:\/\/yoast.com\/product\/yoast-seo-wordpress\/ -->\n<title>CABINET 2x10&quot; Variable Back - THREE BANANAS AMPLIFICATION<\/title>\n<meta name=\"robots\" content=\"index, follow, max-snippet:-1, max-image-preview:large, max-video-preview:-1\" \/>\n<link rel=\"canonical\" href=\"https:\/\/threebananasamps.com\/de\/produkt\/cabinet-2x10-variable-back\/\" \/>\n<meta property=\"og:locale\" content=\"de_DE\" \/>\n<meta property=\"og:type\" content=\"article\" \/>\n<meta property=\"og:title\" content=\"CABINET 2x10&quot; Variable Back - THREE BANANAS AMPLIFICATION\" \/>\n<meta property=\"og:description\" content=\"2x10&quot; Guitar Cabinet variable back  Other speakers than listed available upon request!\" \/>\n<meta property=\"og:url\" content=\"https:\/\/threebananasamps.com\/de\/produkt\/cabinet-2x10-variable-back\/\" \/>\n<meta property=\"og:site_name\" content=\"THREE BANANAS AMPLIFICATION\" \/>\n<meta property=\"article:modified_time\" content=\"2026-04-14T15:12:41+00:00\" \/>\n<meta property=\"og:image\" content=\"https:\/\/threebananasamps.com\/wp-content\/uploads\/2024\/10\/cabinets_wood_DSC08773_1200x1200_q25.jpg\" \/>\n\t<meta property=\"og:image:width\" content=\"1200\" \/>\n\t<meta property=\"og:image:height\" content=\"1200\" \/>\n\t<meta property=\"og:image:type\" content=\"image\/jpeg\" \/>\n<meta name=\"twitter:card\" content=\"summary_large_image\" \/>\n<meta name=\"twitter:label1\" content=\"Gesch\u00e4tzte Lesezeit\" \/>\n\t<meta name=\"twitter:data1\" content=\"2\u00a0Minuten\" \/>\n<script type=\"application\/ld+json\" class=\"yoast-schema-graph\">{\"@context\":\"https:\\\/\\\/schema.org\",\"@graph\":[{\"@type\":\"WebPage\",\"@id\":\"https:\\\/\\\/threebananasamps.com\\\/produkt\\\/cabinet-2x10-variable-back\\\/\",\"url\":\"https:\\\/\\\/threebananasamps.com\\\/produkt\\\/cabinet-2x10-variable-back\\\/\",\"name\":\"CABINET 2x10\\\" Variable Back - THREE BANANAS AMPLIFICATION\",\"isPartOf\":{\"@id\":\"https:\\\/\\\/threebananasamps.com\\\/#website\"},\"primaryImageOfPage\":{\"@id\":\"https:\\\/\\\/threebananasamps.com\\\/produkt\\\/cabinet-2x10-variable-back\\\/#primaryimage\"},\"image\":{\"@id\":\"https:\\\/\\\/threebananasamps.com\\\/produkt\\\/cabinet-2x10-variable-back\\\/#primaryimage\"},\"thumbnailUrl\":\"https:\\\/\\\/threebananasamps.com\\\/wp-content\\\/uploads\\\/2024\\\/10\\\/cabinets_wood_DSC08773_1200x1200_q25.jpg\",\"datePublished\":\"2026-04-14T05:02:40+00:00\",\"dateModified\":\"2026-04-14T15:12:41+00:00\",\"breadcrumb\":{\"@id\":\"https:\\\/\\\/threebananasamps.com\\\/produkt\\\/cabinet-2x10-variable-back\\\/#breadcrumb\"},\"inLanguage\":\"de\",\"potentialAction\":[{\"@type\":\"ReadAction\",\"target\":[\"https:\\\/\\\/threebananasamps.com\\\/produkt\\\/cabinet-2x10-variable-back\\\/\"]}]},{\"@type\":\"ImageObject\",\"inLanguage\":\"de\",\"@id\":\"https:\\\/\\\/threebananasamps.com\\\/produkt\\\/cabinet-2x10-variable-back\\\/#primaryimage\",\"url\":\"https:\\\/\\\/threebananasamps.com\\\/wp-content\\\/uploads\\\/2024\\\/10\\\/cabinets_wood_DSC08773_1200x1200_q25.jpg\",\"contentUrl\":\"https:\\\/\\\/threebananasamps.com\\\/wp-content\\\/uploads\\\/2024\\\/10\\\/cabinets_wood_DSC08773_1200x1200_q25.jpg\",\"width\":1200,\"height\":1200},{\"@type\":\"BreadcrumbList\",\"@id\":\"https:\\\/\\\/threebananasamps.com\\\/produkt\\\/cabinet-2x10-variable-back\\\/#breadcrumb\",\"itemListElement\":[{\"@type\":\"ListItem\",\"position\":1,\"name\":\"Startseite\",\"item\":\"https:\\\/\\\/threebananasamps.com\\\/\"},{\"@type\":\"ListItem\",\"position\":2,\"name\":\"Shop\",\"item\":\"https:\\\/\\\/threebananasamps.com\\\/shop\\\/\"},{\"@type\":\"ListItem\",\"position\":3,\"name\":\"CABINET 2&#215;10&#8243; Variable Back\"}]},{\"@type\":\"WebSite\",\"@id\":\"https:\\\/\\\/threebananasamps.com\\\/#website\",\"url\":\"https:\\\/\\\/threebananasamps.com\\\/\",\"name\":\"THREE BANANAS AMPLIFICATION\",\"description\":\"\",\"potentialAction\":[{\"@type\":\"SearchAction\",\"target\":{\"@type\":\"EntryPoint\",\"urlTemplate\":\"https:\\\/\\\/threebananasamps.com\\\/?s={search_term_string}\"},\"query-input\":{\"@type\":\"PropertyValueSpecification\",\"valueRequired\":true,\"valueName\":\"search_term_string\"}}],\"inLanguage\":\"de\"}]}<\/script>\n<!-- \/ Yoast SEO plugin. -->","yoast_head_json":{"title":"CABINET 2x10\" Variable Back - THREE BANANAS AMPLIFICATION","robots":{"index":"index","follow":"follow","max-snippet":"max-snippet:-1","max-image-preview":"max-image-preview:large","max-video-preview":"max-video-preview:-1"},"canonical":"https:\/\/threebananasamps.com\/de\/produkt\/cabinet-2x10-variable-back\/","og_locale":"de_DE","og_type":"article","og_title":"CABINET 2x10\" Variable Back - THREE BANANAS AMPLIFICATION","og_description":"2x10\" Guitar Cabinet variable back  Other speakers than listed available upon request!","og_url":"https:\/\/threebananasamps.com\/de\/produkt\/cabinet-2x10-variable-back\/","og_site_name":"THREE BANANAS AMPLIFICATION","article_modified_time":"2026-04-14T15:12:41+00:00","og_image":[{"width":1200,"height":1200,"url":"https:\/\/threebananasamps.com\/wp-content\/uploads\/2024\/10\/cabinets_wood_DSC08773_1200x1200_q25.jpg","type":"image\/jpeg"}],"twitter_card":"summary_large_image","twitter_misc":{"Gesch\u00e4tzte Lesezeit":"2\u00a0Minuten"},"schema":{"@context":"https:\/\/schema.org","@graph":[{"@type":"WebPage","@id":"https:\/\/threebananasamps.com\/produkt\/cabinet-2x10-variable-back\/","url":"https:\/\/threebananasamps.com\/produkt\/cabinet-2x10-variable-back\/","name":"CABINET 2x10\" Variable Back - THREE BANANAS AMPLIFICATION","isPartOf":{"@id":"https:\/\/threebananasamps.com\/#website"},"primaryImageOfPage":{"@id":"https:\/\/threebananasamps.com\/produkt\/cabinet-2x10-variable-back\/#primaryimage"},"image":{"@id":"https:\/\/threebananasamps.com\/produkt\/cabinet-2x10-variable-back\/#primaryimage"},"thumbnailUrl":"https:\/\/threebananasamps.com\/wp-content\/uploads\/2024\/10\/cabinets_wood_DSC08773_1200x1200_q25.jpg","datePublished":"2026-04-14T05:02:40+00:00","dateModified":"2026-04-14T15:12:41+00:00","breadcrumb":{"@id":"https:\/\/threebananasamps.com\/produkt\/cabinet-2x10-variable-back\/#breadcrumb"},"inLanguage":"de","potentialAction":[{"@type":"ReadAction","target":["https:\/\/threebananasamps.com\/produkt\/cabinet-2x10-variable-back\/"]}]},{"@type":"ImageObject","inLanguage":"de","@id":"https:\/\/threebananasamps.com\/produkt\/cabinet-2x10-variable-back\/#primaryimage","url":"https:\/\/threebananasamps.com\/wp-content\/uploads\/2024\/10\/cabinets_wood_DSC08773_1200x1200_q25.jpg","contentUrl":"https:\/\/threebananasamps.com\/wp-content\/uploads\/2024\/10\/cabinets_wood_DSC08773_1200x1200_q25.jpg","width":1200,"height":1200},{"@type":"BreadcrumbList","@id":"https:\/\/threebananasamps.com\/produkt\/cabinet-2x10-variable-back\/#breadcrumb","itemListElement":[{"@type":"ListItem","position":1,"name":"Startseite","item":"https:\/\/threebananasamps.com\/"},{"@type":"ListItem","position":2,"name":"Shop","item":"https:\/\/threebananasamps.com\/shop\/"},{"@type":"ListItem","position":3,"name":"CABINET 2&#215;10&#8243; Variable Back"}]},{"@type":"WebSite","@id":"https:\/\/threebananasamps.com\/#website","url":"https:\/\/threebananasamps.com\/","name":"THREE BANANAS AMPLIFICATION","description":"","potentialAction":[{"@type":"SearchAction","target":{"@type":"EntryPoint","urlTemplate":"https:\/\/threebananasamps.com\/?s={search_term_string}"},"query-input":{"@type":"PropertyValueSpecification","valueRequired":true,"valueName":"search_term_string"}}],"inLanguage":"de"}]}},"_links":{"self":[{"href":"https:\/\/threebananasamps.com\/de\/wp-json\/wp\/v2\/product\/7050","targetHints":{"allow":["GET"]}}],"collection":[{"href":"https:\/\/threebananasamps.com\/de\/wp-json\/wp\/v2\/product"}],"about":[{"href":"https:\/\/threebananasamps.com\/de\/wp-json\/wp\/v2\/types\/product"}],"wp:featuredmedia":[{"embeddable":true,"href":"https:\/\/threebananasamps.com\/de\/wp-json\/wp\/v2\/media\/6172"}],"wp:attachment":[{"href":"https:\/\/threebananasamps.com\/de\/wp-json\/wp\/v2\/media?parent=7050"}],"wp:term":[{"taxonomy":"product_brand","embeddable":true,"href":"https:\/\/threebananasamps.com\/de\/wp-json\/wp\/v2\/product_brand?post=7050"},{"taxonomy":"product_cat","embeddable":true,"href":"https:\/\/threebananasamps.com\/de\/wp-json\/wp\/v2\/product_cat?post=7050"},{"taxonomy":"product_tag","embeddable":true,"href":"https:\/\/threebananasamps.com\/de\/wp-json\/wp\/v2\/product_tag?post=7050"}],"curies":[{"name":"wp","href":"https:\/\/api.w.org\/{rel}","templated":true}]}}