{"id":934,"date":"2022-09-26T09:14:24","date_gmt":"2022-09-26T09:14:24","guid":{"rendered":"https:\/\/threebananasamps.com\/?post_type=product&#038;p=934"},"modified":"2025-05-01T13:58:12","modified_gmt":"2025-05-01T11:58:12","slug":"cabinet-1x15-openback","status":"publish","type":"product","link":"https:\/\/threebananasamps.com\/de\/produkt\/cabinet-1x15-openback\/","title":{"rendered":"CABINET 1&#215;15&#8243; open back"},"content":{"rendered":"<p>1x15\" Gitarrenbox mit offener R\u00fcckwand und abgeschr\u00e4gter Front. Die Seitenw\u00e4nde sind aus  Kiefer, die Schallwand ist aus Birke gefertigt. Die Gesamtkonstruktion mit Schwalbenschwanz-Verbindungen sorgt f\u00fcr einen klassischen Ton mit halbresonanter Ansprache. Diese Box liebt alle unsere Verst\u00e4rker, ist aber wahrscheinlich am besten geeignet f\u00fcr die Kombination mit <a href=\"https:\/\/threebananasamps.com\/de\/beausonic\/\" target=\"_blank\" rel=\"noopener\">BEAUSONIC<\/a>.<\/p>\n<p>Unsere Gitarrenboxen werden in Deutschland entwickelt und hergestellt, mit ausgew\u00e4hlten Materialien von h\u00f6chster Qualit\u00e4t.\u00a0<\/p>\n<p>&nbsp;<\/p>\n<h2>Hersteller und verantwortliche Person in der EU<\/h2>\n<p><a href=\"https:\/\/threebananasamps.com\/de\/contact\/\" target=\"_blank\" rel=\"noopener\">HEIKENFELD AUDIO SOLUTIONS UG (haftungsbeschr\u00e4nkt)<\/a><br \/>\nR\u00f6ntgenstr. 1a \u2013 46242 Bottrop \u2013 Deutschland<\/p>","protected":false},"excerpt":{"rendered":"<p><span style=\"color: #ff0000;\">\u00a0- AUSLAUFMODELL -<\/span><\/p>\n<p>1&#215;15&#8243; Guitar Cabinet<br \/>\nopen back<\/p>\n<p>Weitere Lautsprecher sind auf Anfrage erh\u00e4ltlich!<\/p>","protected":false},"featured_media":5474,"template":"","meta":[],"product_brand":[],"product_cat":[52],"product_tag":[],"class_list":{"0":"post-934","1":"product","2":"type-product","3":"status-publish","4":"has-post-thumbnail","6":"product_cat-guitarcabinets","7":"product_shipping_class-cabinets-medium","9":"first","10":"outofstock","11":"taxable","12":"shipping-taxable","13":"purchasable","14":"product-type-variable"},"yoast_head":"<!-- This site is optimized with the Yoast SEO plugin v27.5 - https:\/\/yoast.com\/product\/yoast-seo-wordpress\/ -->\n<title>CABINET 1x15&quot; open back - THREE BANANAS AMPLIFICATION<\/title>\n<meta name=\"robots\" content=\"index, follow, max-snippet:-1, max-image-preview:large, max-video-preview:-1\" \/>\n<link rel=\"canonical\" href=\"https:\/\/threebananasamps.com\/de\/produkt\/cabinet-1x15-openback\/\" \/>\n<meta property=\"og:locale\" content=\"de_DE\" \/>\n<meta property=\"og:type\" content=\"article\" \/>\n<meta property=\"og:title\" content=\"CABINET 1x15&quot; open back - THREE BANANAS AMPLIFICATION\" \/>\n<meta property=\"og:description\" content=\"\u00a0- DISCONTINUED -  1x15&quot; Guitar Cabinet open back  Other speakers than listed available upon request!\" \/>\n<meta property=\"og:url\" content=\"https:\/\/threebananasamps.com\/de\/produkt\/cabinet-1x15-openback\/\" \/>\n<meta property=\"og:site_name\" content=\"THREE BANANAS AMPLIFICATION\" \/>\n<meta property=\"article:modified_time\" content=\"2025-05-01T11:58:12+00:00\" \/>\n<meta property=\"og:image\" content=\"https:\/\/threebananasamps.com\/wp-content\/uploads\/2023\/07\/shop_115rose_DSC08049_1200x1200.jpg\" \/>\n\t<meta property=\"og:image:width\" content=\"1200\" \/>\n\t<meta property=\"og:image:height\" content=\"1200\" \/>\n\t<meta property=\"og:image:type\" content=\"image\/jpeg\" \/>\n<meta name=\"twitter:card\" content=\"summary_large_image\" \/>\n<meta name=\"twitter:label1\" content=\"Gesch\u00e4tzte Lesezeit\" \/>\n\t<meta name=\"twitter:data1\" content=\"1\u00a0Minute\" \/>\n<script type=\"application\/ld+json\" class=\"yoast-schema-graph\">{\"@context\":\"https:\\\/\\\/schema.org\",\"@graph\":[{\"@type\":\"WebPage\",\"@id\":\"https:\\\/\\\/threebananasamps.com\\\/produkt\\\/cabinet-1x15-openback\\\/\",\"url\":\"https:\\\/\\\/threebananasamps.com\\\/produkt\\\/cabinet-1x15-openback\\\/\",\"name\":\"CABINET 1x15\\\" open back - THREE BANANAS AMPLIFICATION\",\"isPartOf\":{\"@id\":\"https:\\\/\\\/threebananasamps.com\\\/#website\"},\"primaryImageOfPage\":{\"@id\":\"https:\\\/\\\/threebananasamps.com\\\/produkt\\\/cabinet-1x15-openback\\\/#primaryimage\"},\"image\":{\"@id\":\"https:\\\/\\\/threebananasamps.com\\\/produkt\\\/cabinet-1x15-openback\\\/#primaryimage\"},\"thumbnailUrl\":\"https:\\\/\\\/threebananasamps.com\\\/wp-content\\\/uploads\\\/2023\\\/07\\\/shop_115rose_DSC08049_1200x1200.jpg\",\"datePublished\":\"2022-09-26T09:14:24+00:00\",\"dateModified\":\"2025-05-01T11:58:12+00:00\",\"breadcrumb\":{\"@id\":\"https:\\\/\\\/threebananasamps.com\\\/produkt\\\/cabinet-1x15-openback\\\/#breadcrumb\"},\"inLanguage\":\"de\",\"potentialAction\":[{\"@type\":\"ReadAction\",\"target\":[\"https:\\\/\\\/threebananasamps.com\\\/produkt\\\/cabinet-1x15-openback\\\/\"]}]},{\"@type\":\"ImageObject\",\"inLanguage\":\"de\",\"@id\":\"https:\\\/\\\/threebananasamps.com\\\/produkt\\\/cabinet-1x15-openback\\\/#primaryimage\",\"url\":\"https:\\\/\\\/threebananasamps.com\\\/wp-content\\\/uploads\\\/2023\\\/07\\\/shop_115rose_DSC08049_1200x1200.jpg\",\"contentUrl\":\"https:\\\/\\\/threebananasamps.com\\\/wp-content\\\/uploads\\\/2023\\\/07\\\/shop_115rose_DSC08049_1200x1200.jpg\",\"width\":1200,\"height\":1200},{\"@type\":\"BreadcrumbList\",\"@id\":\"https:\\\/\\\/threebananasamps.com\\\/produkt\\\/cabinet-1x15-openback\\\/#breadcrumb\",\"itemListElement\":[{\"@type\":\"ListItem\",\"position\":1,\"name\":\"Startseite\",\"item\":\"https:\\\/\\\/threebananasamps.com\\\/\"},{\"@type\":\"ListItem\",\"position\":2,\"name\":\"Shop\",\"item\":\"https:\\\/\\\/threebananasamps.com\\\/shop\\\/\"},{\"@type\":\"ListItem\",\"position\":3,\"name\":\"CABINET 1&#215;15&#8243; open back\"}]},{\"@type\":\"WebSite\",\"@id\":\"https:\\\/\\\/threebananasamps.com\\\/#website\",\"url\":\"https:\\\/\\\/threebananasamps.com\\\/\",\"name\":\"THREE BANANAS AMPLIFICATION\",\"description\":\"\",\"potentialAction\":[{\"@type\":\"SearchAction\",\"target\":{\"@type\":\"EntryPoint\",\"urlTemplate\":\"https:\\\/\\\/threebananasamps.com\\\/?s={search_term_string}\"},\"query-input\":{\"@type\":\"PropertyValueSpecification\",\"valueRequired\":true,\"valueName\":\"search_term_string\"}}],\"inLanguage\":\"de\"}]}<\/script>\n<!-- \/ Yoast SEO plugin. -->","yoast_head_json":{"title":"CABINET 1x15\" open back - THREE BANANAS AMPLIFICATION","robots":{"index":"index","follow":"follow","max-snippet":"max-snippet:-1","max-image-preview":"max-image-preview:large","max-video-preview":"max-video-preview:-1"},"canonical":"https:\/\/threebananasamps.com\/de\/produkt\/cabinet-1x15-openback\/","og_locale":"de_DE","og_type":"article","og_title":"CABINET 1x15\" open back - THREE BANANAS AMPLIFICATION","og_description":"\u00a0- DISCONTINUED -  1x15\" Guitar Cabinet open back  Other speakers than listed available upon request!","og_url":"https:\/\/threebananasamps.com\/de\/produkt\/cabinet-1x15-openback\/","og_site_name":"THREE BANANAS AMPLIFICATION","article_modified_time":"2025-05-01T11:58:12+00:00","og_image":[{"width":1200,"height":1200,"url":"https:\/\/threebananasamps.com\/wp-content\/uploads\/2023\/07\/shop_115rose_DSC08049_1200x1200.jpg","type":"image\/jpeg"}],"twitter_card":"summary_large_image","twitter_misc":{"Gesch\u00e4tzte Lesezeit":"1\u00a0Minute"},"schema":{"@context":"https:\/\/schema.org","@graph":[{"@type":"WebPage","@id":"https:\/\/threebananasamps.com\/produkt\/cabinet-1x15-openback\/","url":"https:\/\/threebananasamps.com\/produkt\/cabinet-1x15-openback\/","name":"CABINET 1x15\" open back - THREE BANANAS AMPLIFICATION","isPartOf":{"@id":"https:\/\/threebananasamps.com\/#website"},"primaryImageOfPage":{"@id":"https:\/\/threebananasamps.com\/produkt\/cabinet-1x15-openback\/#primaryimage"},"image":{"@id":"https:\/\/threebananasamps.com\/produkt\/cabinet-1x15-openback\/#primaryimage"},"thumbnailUrl":"https:\/\/threebananasamps.com\/wp-content\/uploads\/2023\/07\/shop_115rose_DSC08049_1200x1200.jpg","datePublished":"2022-09-26T09:14:24+00:00","dateModified":"2025-05-01T11:58:12+00:00","breadcrumb":{"@id":"https:\/\/threebananasamps.com\/produkt\/cabinet-1x15-openback\/#breadcrumb"},"inLanguage":"de","potentialAction":[{"@type":"ReadAction","target":["https:\/\/threebananasamps.com\/produkt\/cabinet-1x15-openback\/"]}]},{"@type":"ImageObject","inLanguage":"de","@id":"https:\/\/threebananasamps.com\/produkt\/cabinet-1x15-openback\/#primaryimage","url":"https:\/\/threebananasamps.com\/wp-content\/uploads\/2023\/07\/shop_115rose_DSC08049_1200x1200.jpg","contentUrl":"https:\/\/threebananasamps.com\/wp-content\/uploads\/2023\/07\/shop_115rose_DSC08049_1200x1200.jpg","width":1200,"height":1200},{"@type":"BreadcrumbList","@id":"https:\/\/threebananasamps.com\/produkt\/cabinet-1x15-openback\/#breadcrumb","itemListElement":[{"@type":"ListItem","position":1,"name":"Startseite","item":"https:\/\/threebananasamps.com\/"},{"@type":"ListItem","position":2,"name":"Shop","item":"https:\/\/threebananasamps.com\/shop\/"},{"@type":"ListItem","position":3,"name":"CABINET 1&#215;15&#8243; open back"}]},{"@type":"WebSite","@id":"https:\/\/threebananasamps.com\/#website","url":"https:\/\/threebananasamps.com\/","name":"THREE BANANAS AMPLIFICATION","description":"","potentialAction":[{"@type":"SearchAction","target":{"@type":"EntryPoint","urlTemplate":"https:\/\/threebananasamps.com\/?s={search_term_string}"},"query-input":{"@type":"PropertyValueSpecification","valueRequired":true,"valueName":"search_term_string"}}],"inLanguage":"de"}]}},"_links":{"self":[{"href":"https:\/\/threebananasamps.com\/de\/wp-json\/wp\/v2\/product\/934","targetHints":{"allow":["GET"]}}],"collection":[{"href":"https:\/\/threebananasamps.com\/de\/wp-json\/wp\/v2\/product"}],"about":[{"href":"https:\/\/threebananasamps.com\/de\/wp-json\/wp\/v2\/types\/product"}],"wp:featuredmedia":[{"embeddable":true,"href":"https:\/\/threebananasamps.com\/de\/wp-json\/wp\/v2\/media\/5474"}],"wp:attachment":[{"href":"https:\/\/threebananasamps.com\/de\/wp-json\/wp\/v2\/media?parent=934"}],"wp:term":[{"taxonomy":"product_brand","embeddable":true,"href":"https:\/\/threebananasamps.com\/de\/wp-json\/wp\/v2\/product_brand?post=934"},{"taxonomy":"product_cat","embeddable":true,"href":"https:\/\/threebananasamps.com\/de\/wp-json\/wp\/v2\/product_cat?post=934"},{"taxonomy":"product_tag","embeddable":true,"href":"https:\/\/threebananasamps.com\/de\/wp-json\/wp\/v2\/product_tag?post=934"}],"curies":[{"name":"wp","href":"https:\/\/api.w.org\/{rel}","templated":true}]}}