{"id":944,"date":"2022-09-26T10:39:55","date_gmt":"2022-09-26T10:39:55","guid":{"rendered":"https:\/\/threebananasamps.com\/?post_type=product&#038;p=944"},"modified":"2025-05-01T13:58:01","modified_gmt":"2025-05-01T11:58:01","slug":"cabinet-2x12-closed-back","status":"publish","type":"product","link":"https:\/\/threebananasamps.com\/de\/produkt\/cabinet-2x12-closed-back\/","title":{"rendered":"CABINET 2&#215;12&#8243; closed back"},"content":{"rendered":"<p>Oversized 2x12\"Gitarenbox mit geschlossener R\u00fcckwand und abgeschr\u00e4gter Front. Das Geh\u00e4use ist komplett aus baltischer Birke in verschiedenen St\u00e4rken gefertigt. Die Gesamtkonstruktion mit Nut und Feder Verbindungen sorgt f\u00fcr einen straffen Ton mit genau der richtigen Menge an Bass und einem schnellen Ansprechverhalten. Sehr gute Wahl f\u00fcr\u00a0<a href=\"https:\/\/threebananasamps.com\/de\/beausonic\/\" target=\"_blank\" rel=\"noopener\">BEAUSONIC<\/a>\u00a0und\u00a0<a href=\"https:\/\/threebananasamps.com\/de\/galaktopus\/\" target=\"_blank\" rel=\"noopener\">GALAKTOPUS<\/a>\u00a0besonders wenn dein Musikstil eher in die h\u00e4rteren Gefilde geht.<\/p>\n<p>Unsere Gitarrenboxen werden in Deutschland entwickelt und hergestellt, mit ausgew\u00e4hlten Materialien von h\u00f6chster Qualit\u00e4t.\u00a0<\/p>\n<p>&nbsp;<\/p>\n<h2>Hersteller und verantwortliche Person in der EU<\/h2>\n<p><a href=\"https:\/\/threebananasamps.com\/de\/contact\/\" target=\"_blank\" rel=\"noopener\">HEIKENFELD AUDIO SOLUTIONS UG (haftungsbeschr\u00e4nkt)<\/a><br \/>\nR\u00f6ntgenstr. 1a \u2013 46242 Bottrop \u2013 Deutschland<\/p>","protected":false},"excerpt":{"rendered":"<p><span style=\"color: #ff0000;\">\u00a0- AUSLAUFMODELL -<\/span><\/p>\n<p>2&#215;12&#8243; Guitar Cabinet<br \/>\nclosed back<\/p>\n<p>Weitere Lautsprecher sind auf Anfrage erh\u00e4ltlich!<\/p>\n<p>&nbsp;<\/p>","protected":false},"featured_media":5472,"template":"","meta":[],"product_brand":[],"product_cat":[52],"product_tag":[],"class_list":{"0":"post-944","1":"product","2":"type-product","3":"status-publish","4":"has-post-thumbnail","6":"product_cat-guitarcabinets","7":"product_shipping_class-cabinets-large","9":"first","10":"outofstock","11":"taxable","12":"shipping-taxable","13":"purchasable","14":"product-type-variable"},"yoast_head":"<!-- This site is optimized with the Yoast SEO plugin v27.6 - https:\/\/yoast.com\/product\/yoast-seo-wordpress\/ -->\n<title>CABINET 2x12&quot; closed back - THREE BANANAS AMPLIFICATION<\/title>\n<meta name=\"robots\" content=\"index, follow, max-snippet:-1, max-image-preview:large, max-video-preview:-1\" \/>\n<link rel=\"canonical\" href=\"https:\/\/threebananasamps.com\/de\/produkt\/cabinet-2x12-closed-back\/\" \/>\n<meta property=\"og:locale\" content=\"de_DE\" \/>\n<meta property=\"og:type\" content=\"article\" \/>\n<meta property=\"og:title\" content=\"CABINET 2x12&quot; closed back - THREE BANANAS AMPLIFICATION\" \/>\n<meta property=\"og:description\" content=\"\u00a0- DISCONTINUED -  2x12&quot; Guitar Cabinet closed back  Other speakers than listed available upon request!  &nbsp;\" \/>\n<meta property=\"og:url\" content=\"https:\/\/threebananasamps.com\/de\/produkt\/cabinet-2x12-closed-back\/\" \/>\n<meta property=\"og:site_name\" content=\"THREE BANANAS AMPLIFICATION\" \/>\n<meta property=\"article:modified_time\" content=\"2025-05-01T11:58:01+00:00\" \/>\n<meta property=\"og:image\" content=\"https:\/\/threebananasamps.com\/wp-content\/uploads\/2023\/07\/shop_212checkclosed_DSC08070_1200x1200.jpg\" \/>\n\t<meta property=\"og:image:width\" content=\"1200\" \/>\n\t<meta property=\"og:image:height\" content=\"1200\" \/>\n\t<meta property=\"og:image:type\" content=\"image\/jpeg\" \/>\n<meta name=\"twitter:card\" content=\"summary_large_image\" \/>\n<meta name=\"twitter:label1\" content=\"Gesch\u00e4tzte Lesezeit\" \/>\n\t<meta name=\"twitter:data1\" content=\"1\u00a0Minute\" \/>\n<script type=\"application\/ld+json\" class=\"yoast-schema-graph\">{\"@context\":\"https:\\\/\\\/schema.org\",\"@graph\":[{\"@type\":\"WebPage\",\"@id\":\"https:\\\/\\\/threebananasamps.com\\\/produkt\\\/cabinet-2x12-closed-back\\\/\",\"url\":\"https:\\\/\\\/threebananasamps.com\\\/produkt\\\/cabinet-2x12-closed-back\\\/\",\"name\":\"CABINET 2x12\\\" closed back - THREE BANANAS AMPLIFICATION\",\"isPartOf\":{\"@id\":\"https:\\\/\\\/threebananasamps.com\\\/#website\"},\"primaryImageOfPage\":{\"@id\":\"https:\\\/\\\/threebananasamps.com\\\/produkt\\\/cabinet-2x12-closed-back\\\/#primaryimage\"},\"image\":{\"@id\":\"https:\\\/\\\/threebananasamps.com\\\/produkt\\\/cabinet-2x12-closed-back\\\/#primaryimage\"},\"thumbnailUrl\":\"https:\\\/\\\/threebananasamps.com\\\/wp-content\\\/uploads\\\/2023\\\/07\\\/shop_212checkclosed_DSC08070_1200x1200.jpg\",\"datePublished\":\"2022-09-26T10:39:55+00:00\",\"dateModified\":\"2025-05-01T11:58:01+00:00\",\"breadcrumb\":{\"@id\":\"https:\\\/\\\/threebananasamps.com\\\/produkt\\\/cabinet-2x12-closed-back\\\/#breadcrumb\"},\"inLanguage\":\"de\",\"potentialAction\":[{\"@type\":\"ReadAction\",\"target\":[\"https:\\\/\\\/threebananasamps.com\\\/produkt\\\/cabinet-2x12-closed-back\\\/\"]}]},{\"@type\":\"ImageObject\",\"inLanguage\":\"de\",\"@id\":\"https:\\\/\\\/threebananasamps.com\\\/produkt\\\/cabinet-2x12-closed-back\\\/#primaryimage\",\"url\":\"https:\\\/\\\/threebananasamps.com\\\/wp-content\\\/uploads\\\/2023\\\/07\\\/shop_212checkclosed_DSC08070_1200x1200.jpg\",\"contentUrl\":\"https:\\\/\\\/threebananasamps.com\\\/wp-content\\\/uploads\\\/2023\\\/07\\\/shop_212checkclosed_DSC08070_1200x1200.jpg\",\"width\":1200,\"height\":1200},{\"@type\":\"BreadcrumbList\",\"@id\":\"https:\\\/\\\/threebananasamps.com\\\/produkt\\\/cabinet-2x12-closed-back\\\/#breadcrumb\",\"itemListElement\":[{\"@type\":\"ListItem\",\"position\":1,\"name\":\"Startseite\",\"item\":\"https:\\\/\\\/threebananasamps.com\\\/\"},{\"@type\":\"ListItem\",\"position\":2,\"name\":\"Shop\",\"item\":\"https:\\\/\\\/threebananasamps.com\\\/shop\\\/\"},{\"@type\":\"ListItem\",\"position\":3,\"name\":\"CABINET 2&#215;12&#8243; closed back\"}]},{\"@type\":\"WebSite\",\"@id\":\"https:\\\/\\\/threebananasamps.com\\\/#website\",\"url\":\"https:\\\/\\\/threebananasamps.com\\\/\",\"name\":\"THREE BANANAS AMPLIFICATION\",\"description\":\"\",\"potentialAction\":[{\"@type\":\"SearchAction\",\"target\":{\"@type\":\"EntryPoint\",\"urlTemplate\":\"https:\\\/\\\/threebananasamps.com\\\/?s={search_term_string}\"},\"query-input\":{\"@type\":\"PropertyValueSpecification\",\"valueRequired\":true,\"valueName\":\"search_term_string\"}}],\"inLanguage\":\"de\"}]}<\/script>\n<!-- \/ Yoast SEO plugin. -->","yoast_head_json":{"title":"CABINET 2x12\" closed back - THREE BANANAS AMPLIFICATION","robots":{"index":"index","follow":"follow","max-snippet":"max-snippet:-1","max-image-preview":"max-image-preview:large","max-video-preview":"max-video-preview:-1"},"canonical":"https:\/\/threebananasamps.com\/de\/produkt\/cabinet-2x12-closed-back\/","og_locale":"de_DE","og_type":"article","og_title":"CABINET 2x12\" closed back - THREE BANANAS AMPLIFICATION","og_description":"\u00a0- DISCONTINUED -  2x12\" Guitar Cabinet closed back  Other speakers than listed available upon request!  &nbsp;","og_url":"https:\/\/threebananasamps.com\/de\/produkt\/cabinet-2x12-closed-back\/","og_site_name":"THREE BANANAS AMPLIFICATION","article_modified_time":"2025-05-01T11:58:01+00:00","og_image":[{"width":1200,"height":1200,"url":"https:\/\/threebananasamps.com\/wp-content\/uploads\/2023\/07\/shop_212checkclosed_DSC08070_1200x1200.jpg","type":"image\/jpeg"}],"twitter_card":"summary_large_image","twitter_misc":{"Gesch\u00e4tzte Lesezeit":"1\u00a0Minute"},"schema":{"@context":"https:\/\/schema.org","@graph":[{"@type":"WebPage","@id":"https:\/\/threebananasamps.com\/produkt\/cabinet-2x12-closed-back\/","url":"https:\/\/threebananasamps.com\/produkt\/cabinet-2x12-closed-back\/","name":"CABINET 2x12\" closed back - THREE BANANAS AMPLIFICATION","isPartOf":{"@id":"https:\/\/threebananasamps.com\/#website"},"primaryImageOfPage":{"@id":"https:\/\/threebananasamps.com\/produkt\/cabinet-2x12-closed-back\/#primaryimage"},"image":{"@id":"https:\/\/threebananasamps.com\/produkt\/cabinet-2x12-closed-back\/#primaryimage"},"thumbnailUrl":"https:\/\/threebananasamps.com\/wp-content\/uploads\/2023\/07\/shop_212checkclosed_DSC08070_1200x1200.jpg","datePublished":"2022-09-26T10:39:55+00:00","dateModified":"2025-05-01T11:58:01+00:00","breadcrumb":{"@id":"https:\/\/threebananasamps.com\/produkt\/cabinet-2x12-closed-back\/#breadcrumb"},"inLanguage":"de","potentialAction":[{"@type":"ReadAction","target":["https:\/\/threebananasamps.com\/produkt\/cabinet-2x12-closed-back\/"]}]},{"@type":"ImageObject","inLanguage":"de","@id":"https:\/\/threebananasamps.com\/produkt\/cabinet-2x12-closed-back\/#primaryimage","url":"https:\/\/threebananasamps.com\/wp-content\/uploads\/2023\/07\/shop_212checkclosed_DSC08070_1200x1200.jpg","contentUrl":"https:\/\/threebananasamps.com\/wp-content\/uploads\/2023\/07\/shop_212checkclosed_DSC08070_1200x1200.jpg","width":1200,"height":1200},{"@type":"BreadcrumbList","@id":"https:\/\/threebananasamps.com\/produkt\/cabinet-2x12-closed-back\/#breadcrumb","itemListElement":[{"@type":"ListItem","position":1,"name":"Startseite","item":"https:\/\/threebananasamps.com\/"},{"@type":"ListItem","position":2,"name":"Shop","item":"https:\/\/threebananasamps.com\/shop\/"},{"@type":"ListItem","position":3,"name":"CABINET 2&#215;12&#8243; closed back"}]},{"@type":"WebSite","@id":"https:\/\/threebananasamps.com\/#website","url":"https:\/\/threebananasamps.com\/","name":"THREE BANANAS AMPLIFICATION","description":"","potentialAction":[{"@type":"SearchAction","target":{"@type":"EntryPoint","urlTemplate":"https:\/\/threebananasamps.com\/?s={search_term_string}"},"query-input":{"@type":"PropertyValueSpecification","valueRequired":true,"valueName":"search_term_string"}}],"inLanguage":"de"}]}},"_links":{"self":[{"href":"https:\/\/threebananasamps.com\/de\/wp-json\/wp\/v2\/product\/944","targetHints":{"allow":["GET"]}}],"collection":[{"href":"https:\/\/threebananasamps.com\/de\/wp-json\/wp\/v2\/product"}],"about":[{"href":"https:\/\/threebananasamps.com\/de\/wp-json\/wp\/v2\/types\/product"}],"wp:featuredmedia":[{"embeddable":true,"href":"https:\/\/threebananasamps.com\/de\/wp-json\/wp\/v2\/media\/5472"}],"wp:attachment":[{"href":"https:\/\/threebananasamps.com\/de\/wp-json\/wp\/v2\/media?parent=944"}],"wp:term":[{"taxonomy":"product_brand","embeddable":true,"href":"https:\/\/threebananasamps.com\/de\/wp-json\/wp\/v2\/product_brand?post=944"},{"taxonomy":"product_cat","embeddable":true,"href":"https:\/\/threebananasamps.com\/de\/wp-json\/wp\/v2\/product_cat?post=944"},{"taxonomy":"product_tag","embeddable":true,"href":"https:\/\/threebananasamps.com\/de\/wp-json\/wp\/v2\/product_tag?post=944"}],"curies":[{"name":"wp","href":"https:\/\/api.w.org\/{rel}","templated":true}]}}